{"id":20548,"date":"2026-01-26T13:01:53","date_gmt":"2026-01-26T12:01:53","guid":{"rendered":"https:\/\/tapir.de\/produits-dentretien-du-cuir\/"},"modified":"2026-01-26T13:01:57","modified_gmt":"2026-01-26T12:01:57","slug":"produits-dentretien-du-cuir","status":"publish","type":"page","link":"https:\/\/tapir.de\/fr\/produits-dentretien-du-cuir\/","title":{"rendered":"Produits d\u2019entretien du cuir"},"content":{"rendered":"\n\n  <div class=\"banner has-hover\" id=\"banner-1152490886\">\n          <div class=\"banner-inner fill\">\n        <div class=\"banner-bg fill\" >\n            <img loading=\"lazy\" decoding=\"async\" width=\"1020\" height=\"425\" src=\"https:\/\/tapir.de\/wp-content\/uploads\/2020\/05\/Banner-Draussen.png\" class=\"bg attachment-large size-large\" alt=\"\" \/>                                    \n                    <\/div>\n\t\t\n        <div class=\"banner-layers container\">\n            <div class=\"fill banner-link\"><\/div>            \n\n   <div id=\"text-box-821139383\" class=\"text-box banner-layer x50 md-x50 lg-x50 y50 md-y50 lg-y50 res-text\">\n                                <div class=\"text-box-content text dark\">\n              \n              <div class=\"text-inner text-center\">\n                  \n\n\n              <\/div>\n           <\/div>\n                            \n<style>\n#text-box-821139383 {\n  width: 60%;\n}\n#text-box-821139383 .text-box-content {\n  font-size: 100%;\n}\n@media (min-width:550px) {\n  #text-box-821139383 {\n    width: 60%;\n  }\n}\n<\/style>\n    <\/div>\n \n\n        <\/div>\n      <\/div>\n\n            \n<style>\n#banner-1152490886 {\n  padding-top: 500px;\n}\n#banner-1152490886 .banner-bg img {\n  object-position: 50% 0%;\n}\n<\/style>\n  <\/div>\n\n\n\n\t<section class=\"section\" id=\"section_403537818\">\n\t\t<div class=\"section-bg fill\" >\n\t\t\t\t\t\t\t\t\t<div class=\"section-bg-overlay absolute fill\"><\/div>\n\t\t\t\n\n\t\t<\/div>\n\n\t\t\n\n\t\t<div class=\"section-content relative\">\n\t\t\t\n\n\n  <div class=\"banner has-hover\" id=\"banner-2099379012\">\n          <div class=\"banner-inner fill\">\n        <div class=\"banner-bg fill\" >\n                                    <div class=\"overlay\"><\/div>            \n                    <\/div>\n\t\t\n        <div class=\"banner-layers container\">\n            <div class=\"fill banner-link\"><\/div>            \n\n   <div id=\"text-box-1344000389\" class=\"text-box banner-layer x50 md-x50 lg-x50 y50 md-y50 lg-y50 res-text\">\n                                <div class=\"text-box-content text dark\">\n              \n              <div class=\"text-inner text-left\">\n                  \n\n<header>\n<h3>Soins naturels du cuir \u2013 toujours \u00e9cologiques<\/h3>\n<\/header>\n<p>Le cuir a besoin d\u2019entretien !  <br\/>Tapir Wachswaren GmbH propose les produits d\u2019entretien appropri\u00e9s et doux pour presque tous les cuirs. Qu\u2019il s\u2019agisse d\u2019un cirage classique pour le cuir lisse, de l\u2019huile \u00e9prouv\u00e9e pour cuir pour votre canap\u00e9, que ce soit du cuir traditionnel et du savon pour selle pour vos bottes d\u2019\u00e9quitation, ou de l\u2019entretien des semelles en cuir pour de belles chaussures d\u2019homme ou de danse. Qu\u2019il s\u2019agisse de graisse de cuir pour les chaussures de randonn\u00e9e ou d\u2019impr\u00e9gnation de daim pour les bottes d\u2019hiver douces, avec les produits de soin du cuir Tapir, vous pouvez prendre soin de votre cuir avec douceur et nature. Aussi diff\u00e9rent que soit le cuir, nous pouvons vous aider \u00e0 entretenir un cuir de haute qualit\u00e9, en pr\u00e9servant votre bon cuir pour que vous puissiez utiliser votre pi\u00e8ce pr\u00e9f\u00e9r\u00e9e longtemps, c\u2019est notre contribution \u00e0 la durabilit\u00e9.   <\/p>\n<p>Des conseils sur l\u2019utilisation de ces produits se trouvent dans nos conseils de soins illustr\u00e9s. Nous allons vous montrer \u00e0 quel point l\u2019entretien du cuir avec Tapir peut \u00eatre facile. Si vous avez encore des questions en cours et avez besoin de notre aide, nous sommes heureux d\u2019\u00eatre l\u00e0 pour vous et de vous aider avec nos connaissances et notre exp\u00e9rience. Que ce soit par e-mail, au t\u00e9l\u00e9phone ou en personne dans notre manufacture, veuillez nous contacter.   <\/p>\n\n              <\/div>\n           <\/div>\n                            \n<style>\n#text-box-1344000389 {\n  width: 93%;\n}\n#text-box-1344000389 .text-box-content {\n  font-size: 100%;\n}\n<\/style>\n    <\/div>\n \n\n        <\/div>\n      <\/div>\n\n            \n<style>\n#banner-2099379012 {\n  padding-top: 500px;\n  background-color: rgb(114, 114, 114);\n}\n#banner-2099379012 .overlay {\n  background-color: rgba(67, 67, 67, 0.66);\n}\n<\/style>\n  <\/div>\n\n\n\n  <div class=\"banner has-hover has-parallax\" id=\"banner-1104824389\">\n          <div class=\"banner-inner fill\">\n        <div class=\"banner-bg fill\" data-parallax=\"-3\" data-parallax-container=\".banner\" data-parallax-background>\n            <img loading=\"lazy\" decoding=\"async\" width=\"600\" height=\"400\" src=\"https:\/\/tapir.de\/wp-content\/uploads\/2020\/04\/dose2_natur-600x400.jpg\" class=\"bg attachment-medium size-medium\" alt=\"\" \/>                                    \n                    <\/div>\n\t\t\n        <div class=\"banner-layers container\">\n            <div class=\"fill banner-link\"><\/div>            \n\n   <div id=\"text-box-1814355156\" class=\"text-box banner-layer x50 md-x50 lg-x50 y50 md-y50 lg-y50 res-text\">\n                                <div class=\"text-box-content text dark\">\n              \n              <div class=\"text-inner text-center\">\n                  \n\n\n              <\/div>\n           <\/div>\n                            \n<style>\n#text-box-1814355156 {\n  width: 60%;\n}\n#text-box-1814355156 .text-box-content {\n  font-size: 100%;\n}\n@media (min-width:550px) {\n  #text-box-1814355156 {\n    width: 60%;\n  }\n}\n<\/style>\n    <\/div>\n \n\n        <\/div>\n      <\/div>\n\n            \n<style>\n#banner-1104824389 {\n  padding-top: 38%;\n}\n#banner-1104824389 .banner-bg img {\n  object-position: 51% 7%;\n}\n<\/style>\n  <\/div>\n\n\n\t<div id=\"gap-277494133\" class=\"gap-element clearfix\" style=\"display:block; height:auto;\">\n\t\t\n<style>\n#gap-277494133 {\n  padding-top: 15px;\n}\n<\/style>\n\t<\/div>\n\t\n\n\n\t\t<\/div>\n\n\t\t\n<style>\n#section_403537818 {\n  padding-top: 4px;\n  padding-bottom: 4px;\n}\n#section_403537818 .section-bg-overlay {\n  background-color: rgba(255, 255, 255, 0.69);\n}\n<\/style>\n\t<\/section>\n\t\n","protected":false},"excerpt":{"rendered":"<p>Tapir Wachswaren GmbH propose les produits d\u2019entretien appropri\u00e9s et doux pour presque tous les cuirs. Qu\u2019il s\u2019agisse d\u2019un cirage classique pour le cuir lisse, de l\u2019huile \u00e9prouv\u00e9e pour cuir pour votre canap\u00e9, que ce soit du cuir traditionnel et du savon pour selle pour vos bottes d\u2019\u00e9quitation, ou de l\u2019entretien des semelles en cuir pour de belles chaussures d\u2019homme ou de danse. <\/p>\n","protected":false},"author":1,"featured_media":20549,"parent":0,"menu_order":0,"comment_status":"closed","ping_status":"closed","template":"page-blank.php","meta":{"footnotes":""},"class_list":["post-20548","page","type-page","status-publish","has-post-thumbnail","hentry"],"yoast_head":"<!-- This site is optimized with the Yoast SEO plugin v27.4 - https:\/\/yoast.com\/product\/yoast-seo-wordpress\/ -->\n<title>Produits d\u2019entretien du cuir - Tapir Wachswaren<\/title>\n<meta name=\"description\" content=\"Produits de soins du cuir fabriqu\u00e9s \u00e0 partir de mati\u00e8res premi\u00e8res naturelles. Les huiles et cires de haute qualit\u00e9 sont la base des soins des chaussures et du cuir en Allemagne.\" \/>\n<meta name=\"robots\" content=\"index, follow, max-snippet:-1, max-image-preview:large, max-video-preview:-1\" \/>\n<link rel=\"canonical\" href=\"https:\/\/tapir.de\/fr\/produits-dentretien-du-cuir\/\" \/>\n<meta property=\"og:locale\" content=\"fr_FR\" \/>\n<meta property=\"og:type\" content=\"article\" \/>\n<meta property=\"og:title\" content=\"Produits d\u2019entretien du cuir - Tapir Wachswaren\" \/>\n<meta property=\"og:description\" content=\"Produits de soins du cuir fabriqu\u00e9s \u00e0 partir de mati\u00e8res premi\u00e8res naturelles. Les huiles et cires de haute qualit\u00e9 sont la base des soins des chaussures et du cuir en Allemagne.\" \/>\n<meta property=\"og:url\" content=\"https:\/\/tapir.de\/fr\/produits-dentretien-du-cuir\/\" \/>\n<meta property=\"og:site_name\" content=\"Tapir Wachswaren\" \/>\n<meta property=\"article:publisher\" content=\"https:\/\/www.facebook.com\/TapirWachswaren\/\" \/>\n<meta property=\"article:modified_time\" content=\"2026-01-26T12:01:57+00:00\" \/>\n<meta property=\"og:image\" content=\"https:\/\/tapir.de\/wp-content\/uploads\/2020\/07\/Lederpflege-Banner-Portfolio.png\" \/>\n\t<meta property=\"og:image:width\" content=\"1300\" \/>\n\t<meta property=\"og:image:height\" content=\"487\" \/>\n\t<meta property=\"og:image:type\" content=\"image\/png\" \/>\n<meta name=\"twitter:card\" content=\"summary_large_image\" \/>\n<meta name=\"twitter:label1\" content=\"Dur\u00e9e de lecture estim\u00e9e\" \/>\n\t<meta name=\"twitter:data1\" content=\"2 minutes\" \/>\n<script type=\"application\/ld+json\" class=\"yoast-schema-graph\">{\"@context\":\"https:\\\/\\\/schema.org\",\"@graph\":[{\"@type\":\"WebPage\",\"@id\":\"https:\\\/\\\/tapir.de\\\/fr\\\/produits-dentretien-du-cuir\\\/\",\"url\":\"https:\\\/\\\/tapir.de\\\/fr\\\/produits-dentretien-du-cuir\\\/\",\"name\":\"Produits d\u2019entretien du cuir - Tapir Wachswaren\",\"isPartOf\":{\"@id\":\"https:\\\/\\\/tapir.de\\\/fr\\\/?lang=en\\\/#website\"},\"primaryImageOfPage\":{\"@id\":\"https:\\\/\\\/tapir.de\\\/fr\\\/produits-dentretien-du-cuir\\\/#primaryimage\"},\"image\":{\"@id\":\"https:\\\/\\\/tapir.de\\\/fr\\\/produits-dentretien-du-cuir\\\/#primaryimage\"},\"thumbnailUrl\":\"https:\\\/\\\/tapir.de\\\/wp-content\\\/uploads\\\/2020\\\/07\\\/Lederpflege-Banner-Portfolio.png\",\"datePublished\":\"2026-01-26T12:01:53+00:00\",\"dateModified\":\"2026-01-26T12:01:57+00:00\",\"description\":\"Produits de soins du cuir fabriqu\u00e9s \u00e0 partir de mati\u00e8res premi\u00e8res naturelles. Les huiles et cires de haute qualit\u00e9 sont la base des soins des chaussures et du cuir en Allemagne.\",\"breadcrumb\":{\"@id\":\"https:\\\/\\\/tapir.de\\\/fr\\\/produits-dentretien-du-cuir\\\/#breadcrumb\"},\"inLanguage\":\"fr-FR\",\"potentialAction\":[{\"@type\":\"ReadAction\",\"target\":[\"https:\\\/\\\/tapir.de\\\/fr\\\/produits-dentretien-du-cuir\\\/\"]}]},{\"@type\":\"ImageObject\",\"inLanguage\":\"fr-FR\",\"@id\":\"https:\\\/\\\/tapir.de\\\/fr\\\/produits-dentretien-du-cuir\\\/#primaryimage\",\"url\":\"https:\\\/\\\/tapir.de\\\/wp-content\\\/uploads\\\/2020\\\/07\\\/Lederpflege-Banner-Portfolio.png\",\"contentUrl\":\"https:\\\/\\\/tapir.de\\\/wp-content\\\/uploads\\\/2020\\\/07\\\/Lederpflege-Banner-Portfolio.png\",\"width\":1300,\"height\":487},{\"@type\":\"BreadcrumbList\",\"@id\":\"https:\\\/\\\/tapir.de\\\/fr\\\/produits-dentretien-du-cuir\\\/#breadcrumb\",\"itemListElement\":[{\"@type\":\"ListItem\",\"position\":1,\"name\":\"Startseite\",\"item\":\"https:\\\/\\\/tapir.de\\\/fr\\\/\"},{\"@type\":\"ListItem\",\"position\":2,\"name\":\"Produits d\u2019entretien du cuir\"}]},{\"@type\":\"WebSite\",\"@id\":\"https:\\\/\\\/tapir.de\\\/fr\\\/?lang=en\\\/#website\",\"url\":\"https:\\\/\\\/tapir.de\\\/fr\\\/?lang=en\\\/\",\"name\":\"Tapir Wachswaren\",\"description\":\"Nat\u00fcrliche Pflegeprodukte f\u00fcr Leder, Textil und Holz\",\"publisher\":{\"@id\":\"https:\\\/\\\/tapir.de\\\/fr\\\/?lang=en\\\/#organization\"},\"potentialAction\":[{\"@type\":\"SearchAction\",\"target\":{\"@type\":\"EntryPoint\",\"urlTemplate\":\"https:\\\/\\\/tapir.de\\\/fr\\\/?lang=en\\\/?s={search_term_string}\"},\"query-input\":{\"@type\":\"PropertyValueSpecification\",\"valueRequired\":true,\"valueName\":\"search_term_string\"}}],\"inLanguage\":\"fr-FR\"},{\"@type\":\"Organization\",\"@id\":\"https:\\\/\\\/tapir.de\\\/fr\\\/?lang=en\\\/#organization\",\"name\":\"Tapir Wachswaren\",\"url\":\"https:\\\/\\\/tapir.de\\\/fr\\\/?lang=en\\\/\",\"logo\":{\"@type\":\"ImageObject\",\"inLanguage\":\"fr-FR\",\"@id\":\"https:\\\/\\\/tapir.de\\\/fr\\\/?lang=en\\\/#\\\/schema\\\/logo\\\/image\\\/\",\"url\":\"https:\\\/\\\/tapir.de\\\/wp-content\\\/uploads\\\/2020\\\/11\\\/cropped-TAPIR_Wachswaren_logo.png\",\"contentUrl\":\"https:\\\/\\\/tapir.de\\\/wp-content\\\/uploads\\\/2020\\\/11\\\/cropped-TAPIR_Wachswaren_logo.png\",\"width\":512,\"height\":512,\"caption\":\"Tapir Wachswaren\"},\"image\":{\"@id\":\"https:\\\/\\\/tapir.de\\\/fr\\\/?lang=en\\\/#\\\/schema\\\/logo\\\/image\\\/\"},\"sameAs\":[\"https:\\\/\\\/www.facebook.com\\\/TapirWachswaren\\\/\",\"https:\\\/\\\/www.instagram.com\\\/tapir_pflegeprodukte\\\/?hl=de\"]}]}<\/script>\n<!-- \/ Yoast SEO plugin. -->","yoast_head_json":{"title":"Produits d\u2019entretien du cuir - Tapir Wachswaren","description":"Produits de soins du cuir fabriqu\u00e9s \u00e0 partir de mati\u00e8res premi\u00e8res naturelles. Les huiles et cires de haute qualit\u00e9 sont la base des soins des chaussures et du cuir en Allemagne.","robots":{"index":"index","follow":"follow","max-snippet":"max-snippet:-1","max-image-preview":"max-image-preview:large","max-video-preview":"max-video-preview:-1"},"canonical":"https:\/\/tapir.de\/fr\/produits-dentretien-du-cuir\/","og_locale":"fr_FR","og_type":"article","og_title":"Produits d\u2019entretien du cuir - Tapir Wachswaren","og_description":"Produits de soins du cuir fabriqu\u00e9s \u00e0 partir de mati\u00e8res premi\u00e8res naturelles. Les huiles et cires de haute qualit\u00e9 sont la base des soins des chaussures et du cuir en Allemagne.","og_url":"https:\/\/tapir.de\/fr\/produits-dentretien-du-cuir\/","og_site_name":"Tapir Wachswaren","article_publisher":"https:\/\/www.facebook.com\/TapirWachswaren\/","article_modified_time":"2026-01-26T12:01:57+00:00","og_image":[{"width":1300,"height":487,"url":"https:\/\/tapir.de\/wp-content\/uploads\/2020\/07\/Lederpflege-Banner-Portfolio.png","type":"image\/png"}],"twitter_card":"summary_large_image","twitter_misc":{"Dur\u00e9e de lecture estim\u00e9e":"2 minutes"},"schema":{"@context":"https:\/\/schema.org","@graph":[{"@type":"WebPage","@id":"https:\/\/tapir.de\/fr\/produits-dentretien-du-cuir\/","url":"https:\/\/tapir.de\/fr\/produits-dentretien-du-cuir\/","name":"Produits d\u2019entretien du cuir - Tapir Wachswaren","isPartOf":{"@id":"https:\/\/tapir.de\/fr\/?lang=en\/#website"},"primaryImageOfPage":{"@id":"https:\/\/tapir.de\/fr\/produits-dentretien-du-cuir\/#primaryimage"},"image":{"@id":"https:\/\/tapir.de\/fr\/produits-dentretien-du-cuir\/#primaryimage"},"thumbnailUrl":"https:\/\/tapir.de\/wp-content\/uploads\/2020\/07\/Lederpflege-Banner-Portfolio.png","datePublished":"2026-01-26T12:01:53+00:00","dateModified":"2026-01-26T12:01:57+00:00","description":"Produits de soins du cuir fabriqu\u00e9s \u00e0 partir de mati\u00e8res premi\u00e8res naturelles. Les huiles et cires de haute qualit\u00e9 sont la base des soins des chaussures et du cuir en Allemagne.","breadcrumb":{"@id":"https:\/\/tapir.de\/fr\/produits-dentretien-du-cuir\/#breadcrumb"},"inLanguage":"fr-FR","potentialAction":[{"@type":"ReadAction","target":["https:\/\/tapir.de\/fr\/produits-dentretien-du-cuir\/"]}]},{"@type":"ImageObject","inLanguage":"fr-FR","@id":"https:\/\/tapir.de\/fr\/produits-dentretien-du-cuir\/#primaryimage","url":"https:\/\/tapir.de\/wp-content\/uploads\/2020\/07\/Lederpflege-Banner-Portfolio.png","contentUrl":"https:\/\/tapir.de\/wp-content\/uploads\/2020\/07\/Lederpflege-Banner-Portfolio.png","width":1300,"height":487},{"@type":"BreadcrumbList","@id":"https:\/\/tapir.de\/fr\/produits-dentretien-du-cuir\/#breadcrumb","itemListElement":[{"@type":"ListItem","position":1,"name":"Startseite","item":"https:\/\/tapir.de\/fr\/"},{"@type":"ListItem","position":2,"name":"Produits d\u2019entretien du cuir"}]},{"@type":"WebSite","@id":"https:\/\/tapir.de\/fr\/?lang=en\/#website","url":"https:\/\/tapir.de\/fr\/?lang=en\/","name":"Tapir Wachswaren","description":"Nat\u00fcrliche Pflegeprodukte f\u00fcr Leder, Textil und Holz","publisher":{"@id":"https:\/\/tapir.de\/fr\/?lang=en\/#organization"},"potentialAction":[{"@type":"SearchAction","target":{"@type":"EntryPoint","urlTemplate":"https:\/\/tapir.de\/fr\/?lang=en\/?s={search_term_string}"},"query-input":{"@type":"PropertyValueSpecification","valueRequired":true,"valueName":"search_term_string"}}],"inLanguage":"fr-FR"},{"@type":"Organization","@id":"https:\/\/tapir.de\/fr\/?lang=en\/#organization","name":"Tapir Wachswaren","url":"https:\/\/tapir.de\/fr\/?lang=en\/","logo":{"@type":"ImageObject","inLanguage":"fr-FR","@id":"https:\/\/tapir.de\/fr\/?lang=en\/#\/schema\/logo\/image\/","url":"https:\/\/tapir.de\/wp-content\/uploads\/2020\/11\/cropped-TAPIR_Wachswaren_logo.png","contentUrl":"https:\/\/tapir.de\/wp-content\/uploads\/2020\/11\/cropped-TAPIR_Wachswaren_logo.png","width":512,"height":512,"caption":"Tapir Wachswaren"},"image":{"@id":"https:\/\/tapir.de\/fr\/?lang=en\/#\/schema\/logo\/image\/"},"sameAs":["https:\/\/www.facebook.com\/TapirWachswaren\/","https:\/\/www.instagram.com\/tapir_pflegeprodukte\/?hl=de"]}]}},"_links":{"self":[{"href":"https:\/\/tapir.de\/fr\/wp-json\/wp\/v2\/pages\/20548","targetHints":{"allow":["GET"]}}],"collection":[{"href":"https:\/\/tapir.de\/fr\/wp-json\/wp\/v2\/pages"}],"about":[{"href":"https:\/\/tapir.de\/fr\/wp-json\/wp\/v2\/types\/page"}],"author":[{"embeddable":true,"href":"https:\/\/tapir.de\/fr\/wp-json\/wp\/v2\/users\/1"}],"replies":[{"embeddable":true,"href":"https:\/\/tapir.de\/fr\/wp-json\/wp\/v2\/comments?post=20548"}],"version-history":[{"count":0,"href":"https:\/\/tapir.de\/fr\/wp-json\/wp\/v2\/pages\/20548\/revisions"}],"wp:featuredmedia":[{"embeddable":true,"href":"https:\/\/tapir.de\/fr\/wp-json\/wp\/v2\/media\/20549"}],"wp:attachment":[{"href":"https:\/\/tapir.de\/fr\/wp-json\/wp\/v2\/media?parent=20548"}],"curies":[{"name":"wp","href":"https:\/\/api.w.org\/{rel}","templated":true}]}}