{"id":20513,"date":"2026-01-26T13:01:47","date_gmt":"2026-01-26T12:01:47","guid":{"rendered":"https:\/\/tapir.de\/produits\/"},"modified":"2026-01-26T13:01:48","modified_gmt":"2026-01-26T12:01:48","slug":"produits","status":"publish","type":"page","link":"https:\/\/tapir.de\/fr\/produits\/","title":{"rendered":"Produits"},"content":{"rendered":"\n<div class=\"slider-wrapper relative\" id=\"slider-612792834\" >\n    <div class=\"slider slider-nav-circle slider-nav-large slider-nav-light slider-style-normal\"\n        data-flickity-options='{\n            \"cellAlign\": \"center\",\n            \"imagesLoaded\": true,\n            \"lazyLoad\": 1,\n            \"freeScroll\": false,\n            \"wrapAround\": true,\n            \"autoPlay\": 6000,\n            \"pauseAutoPlayOnHover\" : true,\n            \"prevNextButtons\": false,\n            \"contain\" : true,\n            \"adaptiveHeight\" : true,\n            \"dragThreshold\" : 10,\n            \"percentPosition\": true,\n            \"pageDots\": false,\n            \"rightToLeft\": false,\n            \"draggable\": true,\n            \"selectedAttraction\": 0.1,\n            \"parallax\" : 0,\n            \"friction\": 0.6        }'\n        >\n        \n\n\n  <div class=\"banner has-hover\" id=\"banner-1189127690\">\n          <div class=\"banner-inner fill\">\n        <div class=\"banner-bg fill\" >\n            <img loading=\"lazy\" decoding=\"async\" width=\"1020\" height=\"510\" src=\"https:\/\/tapir.de\/wp-content\/uploads\/2024\/07\/Tapir-Pflegeprodukte-Banner-Produkte.jpg\" class=\"bg attachment-large size-large\" alt=\"\" \/>                                    \n                    <\/div>\n\t\t\n\t<div class=\"ux-shape-divider ux-shape-divider--bottom ux-shape-divider--style-waves-opacity\">\n\t\t<svg viewBox=\"0 0 1000 300\" xmlns=\"http:\/\/www.w3.org\/2000\/svg\" preserveAspectRatio=\"none\">\n    <path class=\"ux-shape-fill\" d=\"M0 300L-1 69.71C216 57 299.47 198.86 403 226C506 253 577 196 660 197C740 198 790.09 234.07 874 267C935.23 291 982 282.61 1000 277.61V300H0Z\"\/>\n    <path class=\"ux-shape-fill\" opacity=\"0.5\" d=\"M1 265.094L0 50.5C217 37.79 300.47 186.36 404 213.5C507 240.5 578 196.5 661 197.5C741 198.5 787.59 239.57 871.5 272.5C932.73 296.5 980.5 284.5 998.5 279.5V298.5L1 265.094Z\"\/>\n    <path class=\"ux-shape-fill\" opacity=\"0.15\" d=\"M0.999878 244.094L-0.00012207 27C217 14.29 300.47 173.86 404 201C507 228 578 196 661 197C741 198 787.59 243.07 871.5 276C932.73 300 980.5 284.5 998.5 279.5V299L0.999878 244.094Z\"\/>\n<\/svg>\n\n\t<\/div>\n        <div class=\"banner-layers container\">\n            <div class=\"fill banner-link\"><\/div>            \n\n   <div id=\"text-box-1380022005\" class=\"text-box banner-layer x100 md-x100 lg-x100 y50 md-y50 lg-y50 res-text\">\n                                <div class=\"text-box-content text dark\">\n              \n              <div class=\"text-inner text-center\">\n                  \n\n<h3 class=\"uppercase\">&nbsp;<\/h3>\n<p>&nbsp;<\/p>\n\n              <\/div>\n           <\/div>\n                            \n<style>\n#text-box-1380022005 .text-inner {\n  padding: 30px 30px 30px 30px;\n}\n#text-box-1380022005 {\n  width: 60%;\n}\n#text-box-1380022005 .text-box-content {\n  font-size: 58%;\n}\n@media (min-width:550px) {\n  #text-box-1380022005 {\n    width: 62%;\n  }\n}\n<\/style>\n    <\/div>\n \n\n        <\/div>\n      <\/div>\n\n            \n<style>\n#banner-1189127690 {\n  padding-top: 500px;\n}\n#banner-1189127690 .banner-bg img {\n  object-position: 39% 79%;\n}\n#banner-1189127690 .ux-shape-divider--bottom svg {\n  height: 50px;\n  --divider-width: 100%;\n}\n@media (min-width:550px) {\n  #banner-1189127690 {\n    padding-top: 50%;\n  }\n  #banner-1189127690 .ux-shape-divider--bottom svg {\n    height: 100px;\n  }\n}\n<\/style>\n  <\/div>\n\n\n\n     <\/div>\n\n     <div class=\"loading-spin dark large centered\"><\/div>\n\n\t<\/div>\n\n\n\n\t<section class=\"section\" id=\"section_508332287\">\n\t\t<div class=\"section-bg fill\" >\n\t\t\t\t\t\t\t\t\t\n\t\t\t\n\t<div class=\"is-border\"\n\t\tstyle=\"border-width:0px 0px 0px 0px;\">\n\t<\/div>\n\n\t\t<\/div>\n\n\t\t\n\n\t\t<div class=\"section-content relative\">\n\t\t\t\n\n<div class=\"row align-middle align-center\"  id=\"row-201356137\">\n\n\n\t<div id=\"col-1335428769\" class=\"col small-12 large-12\"  >\n\t\t\t\t<div class=\"col-inner text-center\"  >\n\t\t\t\n\t\t\t\n\n\t<div id=\"text-2909279910\" class=\"text\">\n\t\t\n\n<h1 class=\"alt-font\" style=\"text-align: center;\"><span style=\"color: #920d2e; font-size: 200%;\"><span style=\"caret-color: #faf7f7;\">Produits de soin naturel de Tapir<\/span><\/span><\/h1>\n<p style=\"text-align: center;\"><span style=\"color: #282828; font-size: 90%;\">En plus de la <strong>gamme classique de soins<\/strong> pour le cuir \u2013 du nettoyage au soin profond en passant par l\u2019impr\u00e9gnation \u2013 nous avons aussi le <strong>soin du m\u00e9lange de mat\u00e9riaux<\/strong> \u2013 les Tapir Drau\u00dfen unterwegs.  <\/span><\/p>\n<p style=\"text-align: center;\"><span style=\"font-size: 90%; color: #282828;\">Tapir propose \u00e9galement <strong>d\u2019excellents ensembles d\u2019entretien<\/strong> et <strong>des bo\u00eetes \u00e0 cirer des chaussures<\/strong>, ainsi qu\u2019une large gamme de <strong>brosses<\/strong> et <strong>d\u2019accessoires pour l\u2019entretien des chaussures.<\/strong><\/span><\/p>\n\t\t\n<style>\n#text-2909279910 {\n  font-size: 1.2rem;\n  line-height: 1.4;\n  text-align: center;\n  color: rgb(255,255,255);\n}\n#text-2909279910 > * {\n  color: rgb(255,255,255);\n}\n<\/style>\n\t<\/div>\n\t\n\n\t\t<\/div>\n\t\t\t\t\n<style>\n#col-1335428769 > .col-inner {\n  padding: 0px 0px 0px 0px;\n  margin: 0px 0px 0px 0px;\n}\n<\/style>\n\t<\/div>\n\n\t\n\n<\/div>\n\n\t\t<\/div>\n\n\t\t\n<style>\n#section_508332287 {\n  padding-top: 10px;\n  padding-bottom: 10px;\n}\n<\/style>\n\t<\/section>\n\t\n<div class=\"row row-dashed\"  id=\"row-790463197\">\n\n\n\t<div id=\"col-1187102537\" class=\"col medium-4 small-12 large-4\"  >\n\t\t\t\t<div class=\"col-inner\"  >\n\t\t\t\n\t\t\t\n\n\t<div class=\"box has-hover   has-hover box-shadow-2 box-text-bottom\" >\n\n\t\t<div class=\"box-image\" >\n\t\t\t<a href=\"https:\/\/tapir.de\/schuh-und-lederpflege\/\" >\t\t\t<div class=\"image-zoom image-cover\" style=\"padding-top:50%;\">\n\t\t\t\t<img loading=\"lazy\" decoding=\"async\" width=\"1200\" height=\"599\" src=\"https:\/\/tapir.de\/wp-content\/uploads\/2024\/07\/Tapir-Pflegeprodukte-Banner-Schuh-und-Lederpflege.jpg\" class=\"attachment- size-\" alt=\"\" srcset=\"https:\/\/tapir.de\/wp-content\/uploads\/2024\/07\/Tapir-Pflegeprodukte-Banner-Schuh-und-Lederpflege.jpg 1200w, https:\/\/tapir.de\/wp-content\/uploads\/2024\/07\/Tapir-Pflegeprodukte-Banner-Schuh-und-Lederpflege-800x400.jpg 800w, https:\/\/tapir.de\/wp-content\/uploads\/2024\/07\/Tapir-Pflegeprodukte-Banner-Schuh-und-Lederpflege-768x383.jpg 768w, https:\/\/tapir.de\/wp-content\/uploads\/2024\/07\/Tapir-Pflegeprodukte-Banner-Schuh-und-Lederpflege-600x300.jpg 600w\" sizes=\"auto, (max-width: 1200px) 100vw, 1200px\" \/>\t\t\t\t\t\t\t\t\t\t\t<\/div>\n\t\t\t<\/a>\t\t<\/div>\n\n\t\t<div class=\"box-text text-center\" >\n\t\t\t<div class=\"box-text-inner\">\n\t\t\t\t\n\n<h4><span style=\"color: #a90533;\"><br>Entretien des chaussures et du cuir<\/span><\/h4>\n\n\t\t\t<\/div>\n\t\t<\/div>\n\t<\/div>\n\t\n\n\t\t<\/div>\n\t\t\t\t\t<\/div>\n\n\t\n\n\t<div id=\"col-2103952963\" class=\"col medium-4 small-12 large-4\"  >\n\t\t\t\t<div class=\"col-inner\"  >\n\t\t\t\n\t\t\t\n\n\t<div class=\"box has-hover   has-hover box-shadow-2 box-text-bottom\" >\n\n\t\t<div class=\"box-image\" >\n\t\t\t<a href=\"https:\/\/tapir.de\/outdoorpflege-draussen-unterwegs\/\" >\t\t\t<div class=\"image-zoom image-cover\" style=\"padding-top:50%;\">\n\t\t\t\t<img loading=\"lazy\" decoding=\"async\" width=\"1200\" height=\"600\" src=\"https:\/\/tapir.de\/wp-content\/uploads\/2024\/07\/Tapir-Pflegeprodukte-Banner-Draussen-Unterwegs.jpg\" class=\"attachment- size-\" alt=\"\" srcset=\"https:\/\/tapir.de\/wp-content\/uploads\/2024\/07\/Tapir-Pflegeprodukte-Banner-Draussen-Unterwegs.jpg 1200w, https:\/\/tapir.de\/wp-content\/uploads\/2024\/07\/Tapir-Pflegeprodukte-Banner-Draussen-Unterwegs-800x400.jpg 800w, https:\/\/tapir.de\/wp-content\/uploads\/2024\/07\/Tapir-Pflegeprodukte-Banner-Draussen-Unterwegs-768x384.jpg 768w, https:\/\/tapir.de\/wp-content\/uploads\/2024\/07\/Tapir-Pflegeprodukte-Banner-Draussen-Unterwegs-600x300.jpg 600w\" sizes=\"auto, (max-width: 1200px) 100vw, 1200px\" \/>\t\t\t\t\t\t\t\t\t\t\t<\/div>\n\t\t\t<\/a>\t\t<\/div>\n\n\t\t<div class=\"box-text text-center\" >\n\t\t\t<div class=\"box-text-inner\">\n\t\t\t\t\n\n<h4><strong><span style=\"color: #a90533;\">Dehors !  <\/span><\/strong><\/h4>\n<h4><strong><span style=\"color: #a90533;\">le soin <span style=\"caret-color: #a90533;\">du<\/span> m\u00e9lange de mat\u00e9riaux<\/span><\/strong><\/h4>\n\n\t\t\t<\/div>\n\t\t<\/div>\n\t<\/div>\n\t\n\n\t\t<\/div>\n\t\t\t\t\t<\/div>\n\n\t\n\n\t<div id=\"col-375280740\" class=\"col medium-4 small-12 large-4\"  >\n\t\t\t\t<div class=\"col-inner\"  >\n\t\t\t\n\t\t\t\n\n\t<div class=\"box has-hover   has-hover box-shadow-2 box-text-bottom\" >\n\n\t\t<div class=\"box-image\" >\n\t\t\t<a href=\"https:\/\/tapir.de\/fr\/ensembles-dentretien-de-chaussures\/\" >\t\t\t<div class=\"image-zoom image-cover\" style=\"padding-top:50%;\">\n\t\t\t\t<img loading=\"lazy\" decoding=\"async\" width=\"1200\" height=\"600\" src=\"https:\/\/tapir.de\/wp-content\/uploads\/2024\/07\/Tapir-Pflegeprodukte-Banner-Sets.jpg\" class=\"attachment- size-\" alt=\"\" srcset=\"https:\/\/tapir.de\/wp-content\/uploads\/2024\/07\/Tapir-Pflegeprodukte-Banner-Sets.jpg 1200w, https:\/\/tapir.de\/wp-content\/uploads\/2024\/07\/Tapir-Pflegeprodukte-Banner-Sets-800x400.jpg 800w, https:\/\/tapir.de\/wp-content\/uploads\/2024\/07\/Tapir-Pflegeprodukte-Banner-Sets-768x384.jpg 768w, https:\/\/tapir.de\/wp-content\/uploads\/2024\/07\/Tapir-Pflegeprodukte-Banner-Sets-600x300.jpg 600w\" sizes=\"auto, (max-width: 1200px) 100vw, 1200px\" \/>\t\t\t\t\t\t\t\t\t\t\t<\/div>\n\t\t\t<\/a>\t\t<\/div>\n\n\t\t<div class=\"box-text text-center\" >\n\t\t\t<div class=\"box-text-inner\">\n\t\t\t\t\n\n<h4> <\/h4>\n<h4><strong><span style=\"color: #a90533;\">Ensembles de toilettage<\/span><\/strong><\/h4>\n\n\t\t\t<\/div>\n\t\t<\/div>\n\t<\/div>\n\t\n\n\t\t<\/div>\n\t\t\t\t\t<\/div>\n\n\t\n\n\t<div id=\"col-1483001148\" class=\"col medium-4 small-12 large-4\"  >\n\t\t\t\t<div class=\"col-inner\"  >\n\t\t\t\n\t\t\t\n\n\t<div class=\"box has-hover   has-hover box-shadow-2 box-text-bottom\" >\n\n\t\t<div class=\"box-image\" >\n\t\t\t<a href=\"https:\/\/tapir.de\/produkt-kategorie\/schuhputzkisten\" >\t\t\t<div class=\"image-zoom image-cover\" style=\"padding-top:50%;\">\n\t\t\t\t<img loading=\"lazy\" decoding=\"async\" width=\"1200\" height=\"599\" src=\"https:\/\/tapir.de\/wp-content\/uploads\/2024\/07\/Tapir-Pflegeprodukte-Banner-Schuhputzkiste.jpg\" class=\"attachment- size-\" alt=\"\" srcset=\"https:\/\/tapir.de\/wp-content\/uploads\/2024\/07\/Tapir-Pflegeprodukte-Banner-Schuhputzkiste.jpg 1200w, https:\/\/tapir.de\/wp-content\/uploads\/2024\/07\/Tapir-Pflegeprodukte-Banner-Schuhputzkiste-800x400.jpg 800w, https:\/\/tapir.de\/wp-content\/uploads\/2024\/07\/Tapir-Pflegeprodukte-Banner-Schuhputzkiste-768x383.jpg 768w, https:\/\/tapir.de\/wp-content\/uploads\/2024\/07\/Tapir-Pflegeprodukte-Banner-Schuhputzkiste-600x300.jpg 600w\" sizes=\"auto, (max-width: 1200px) 100vw, 1200px\" \/>\t\t\t\t\t\t\t\t\t\t\t<\/div>\n\t\t\t<\/a>\t\t<\/div>\n\n\t\t<div class=\"box-text text-center\" >\n\t\t\t<div class=\"box-text-inner\">\n\t\t\t\t\n\n<h4> <\/h4>\n<h4><strong><span style=\"color: #a90533;\">Caisses \u00e0 cirer \u00e0 chaussures<\/span><\/strong><\/h4>\n\n\t\t\t<\/div>\n\t\t<\/div>\n\t<\/div>\n\t\n\n\t\t<\/div>\n\t\t\t\t\t<\/div>\n\n\t\n\n\t<div id=\"col-1171370706\" class=\"col medium-4 small-12 large-4\"  >\n\t\t\t\t<div class=\"col-inner\"  >\n\t\t\t\n\t\t\t\n\n\t<div class=\"box has-hover   has-hover box-shadow-2 box-text-bottom\" >\n\n\t\t<div class=\"box-image\" >\n\t\t\t<a href=\"https:\/\/tapir.de\/fr\/pinceaux-et-accessoires\/\" >\t\t\t<div class=\"image-zoom image-cover\" style=\"padding-top:50%;\">\n\t\t\t\t<img loading=\"lazy\" decoding=\"async\" width=\"1200\" height=\"600\" src=\"https:\/\/tapir.de\/wp-content\/uploads\/2024\/07\/Tapir-Pflegeprodukte-Banner-Buersten-Zubehoer.jpg\" class=\"attachment- size-\" alt=\"\" srcset=\"https:\/\/tapir.de\/wp-content\/uploads\/2024\/07\/Tapir-Pflegeprodukte-Banner-Buersten-Zubehoer.jpg 1200w, https:\/\/tapir.de\/wp-content\/uploads\/2024\/07\/Tapir-Pflegeprodukte-Banner-Buersten-Zubehoer-800x400.jpg 800w, https:\/\/tapir.de\/wp-content\/uploads\/2024\/07\/Tapir-Pflegeprodukte-Banner-Buersten-Zubehoer-768x384.jpg 768w, https:\/\/tapir.de\/wp-content\/uploads\/2024\/07\/Tapir-Pflegeprodukte-Banner-Buersten-Zubehoer-600x300.jpg 600w\" sizes=\"auto, (max-width: 1200px) 100vw, 1200px\" \/>\t\t\t\t\t\t\t\t\t\t\t<\/div>\n\t\t\t<\/a>\t\t<\/div>\n\n\t\t<div class=\"box-text text-center\" >\n\t\t\t<div class=\"box-text-inner\">\n\t\t\t\t\n\n<h4> <\/h4>\n<h4><strong><span style=\"color: #a90533;\">Pinceaux et accessoires<\/span><\/strong><\/h4>\n\n\t\t\t<\/div>\n\t\t<\/div>\n\t<\/div>\n\t\n\n\t\t<\/div>\n\t\t\t\t\t<\/div>\n\n\t\n\n\t<div id=\"col-378415377\" class=\"col medium-4 small-12 large-4\"  >\n\t\t\t\t<div class=\"col-inner\"  >\n\t\t\t\n\t\t\t\n\n\t<div class=\"box has-hover   has-hover box-shadow-2 box-text-bottom\" >\n\n\t\t<div class=\"box-image\" >\n\t\t\t<a href=\"https:\/\/tapir.de\/koendringer-pflegeprodukte\" >\t\t\t<div class=\"image-zoom image-cover\" style=\"padding-top:50%;\">\n\t\t\t\t<img loading=\"lazy\" decoding=\"async\" width=\"1200\" height=\"599\" src=\"https:\/\/tapir.de\/wp-content\/uploads\/2024\/07\/Tapir-Pflegeprodukte-Banner-Moebelpflege.jpg\" class=\"attachment- size-\" alt=\"\" srcset=\"https:\/\/tapir.de\/wp-content\/uploads\/2024\/07\/Tapir-Pflegeprodukte-Banner-Moebelpflege.jpg 1200w, https:\/\/tapir.de\/wp-content\/uploads\/2024\/07\/Tapir-Pflegeprodukte-Banner-Moebelpflege-800x400.jpg 800w, https:\/\/tapir.de\/wp-content\/uploads\/2024\/07\/Tapir-Pflegeprodukte-Banner-Moebelpflege-768x383.jpg 768w, https:\/\/tapir.de\/wp-content\/uploads\/2024\/07\/Tapir-Pflegeprodukte-Banner-Moebelpflege-600x300.jpg 600w\" sizes=\"auto, (max-width: 1200px) 100vw, 1200px\" \/>\t\t\t\t\t\t\t\t\t\t\t<\/div>\n\t\t\t<\/a>\t\t<\/div>\n\n\t\t<div class=\"box-text text-center\" >\n\t\t\t<div class=\"box-text-inner\">\n\t\t\t\t\n\n<h4><strong><span style=\"color: #a90533;\">K\u00f6ndringer Furniture Entretien<\/span><\/strong><\/h4>\n<h4><strong><span style=\"color: #a90533;\">fabriqu\u00e9 par Tapir<\/span><\/strong><\/h4>\n\n\t\t\t<\/div>\n\t\t<\/div>\n\t<\/div>\n\t\n\n\t\t<\/div>\n\t\t\t\t\t<\/div>\n\n\t\n\n<\/div>\n\n","protected":false},"excerpt":{"rendered":"","protected":false},"author":1,"featured_media":0,"parent":0,"menu_order":0,"comment_status":"closed","ping_status":"closed","template":"page-transparent-header.php","meta":{"footnotes":""},"class_list":["post-20513","page","type-page","status-publish","hentry"],"yoast_head":"<!-- This site is optimized with the Yoast SEO plugin v27.5 - https:\/\/yoast.com\/product\/yoast-seo-wordpress\/ -->\n<title>Produits - Tapir Wachswaren<\/title>\n<meta name=\"description\" content=\"Trouvez des produits d\u2019entretien pour chaussures et meubles chez Tapir. Fabriqu\u00e9 \u00e0 partir de mati\u00e8res premi\u00e8res naturelles pour une durabilit\u00e9 plus durable et des r\u00e9sultats optimaux.\" \/>\n<meta name=\"robots\" content=\"index, follow, max-snippet:-1, max-image-preview:large, max-video-preview:-1\" \/>\n<link rel=\"canonical\" href=\"https:\/\/tapir.de\/fr\/produits\/\" \/>\n<meta property=\"og:locale\" content=\"fr_FR\" \/>\n<meta property=\"og:type\" content=\"article\" \/>\n<meta property=\"og:title\" content=\"Produits - Tapir Wachswaren\" \/>\n<meta property=\"og:description\" content=\"Trouvez des produits d\u2019entretien pour chaussures et meubles chez Tapir. Fabriqu\u00e9 \u00e0 partir de mati\u00e8res premi\u00e8res naturelles pour une durabilit\u00e9 plus durable et des r\u00e9sultats optimaux.\" \/>\n<meta property=\"og:url\" content=\"https:\/\/tapir.de\/fr\/produits\/\" \/>\n<meta property=\"og:site_name\" content=\"Tapir Wachswaren\" \/>\n<meta property=\"article:publisher\" content=\"https:\/\/www.facebook.com\/TapirWachswaren\/\" \/>\n<meta property=\"article:modified_time\" content=\"2026-01-26T12:01:48+00:00\" \/>\n<meta name=\"twitter:card\" content=\"summary_large_image\" \/>\n<meta name=\"twitter:label1\" content=\"Dur\u00e9e de lecture estim\u00e9e\" \/>\n\t<meta name=\"twitter:data1\" content=\"2 minutes\" \/>\n<script type=\"application\/ld+json\" class=\"yoast-schema-graph\">{\"@context\":\"https:\\\/\\\/schema.org\",\"@graph\":[{\"@type\":\"WebPage\",\"@id\":\"https:\\\/\\\/tapir.de\\\/fr\\\/produits\\\/\",\"url\":\"https:\\\/\\\/tapir.de\\\/fr\\\/produits\\\/\",\"name\":\"Produits - Tapir Wachswaren\",\"isPartOf\":{\"@id\":\"https:\\\/\\\/tapir.de\\\/fr\\\/?lang=en\\\/#website\"},\"datePublished\":\"2026-01-26T12:01:47+00:00\",\"dateModified\":\"2026-01-26T12:01:48+00:00\",\"description\":\"Trouvez des produits d\u2019entretien pour chaussures et meubles chez Tapir. Fabriqu\u00e9 \u00e0 partir de mati\u00e8res premi\u00e8res naturelles pour une durabilit\u00e9 plus durable et des r\u00e9sultats optimaux.\",\"breadcrumb\":{\"@id\":\"https:\\\/\\\/tapir.de\\\/fr\\\/produits\\\/#breadcrumb\"},\"inLanguage\":\"fr-FR\",\"potentialAction\":[{\"@type\":\"ReadAction\",\"target\":[\"https:\\\/\\\/tapir.de\\\/fr\\\/produits\\\/\"]}]},{\"@type\":\"BreadcrumbList\",\"@id\":\"https:\\\/\\\/tapir.de\\\/fr\\\/produits\\\/#breadcrumb\",\"itemListElement\":[{\"@type\":\"ListItem\",\"position\":1,\"name\":\"Startseite\",\"item\":\"https:\\\/\\\/tapir.de\\\/fr\\\/\"},{\"@type\":\"ListItem\",\"position\":2,\"name\":\"Produits\"}]},{\"@type\":\"WebSite\",\"@id\":\"https:\\\/\\\/tapir.de\\\/fr\\\/?lang=en\\\/#website\",\"url\":\"https:\\\/\\\/tapir.de\\\/fr\\\/?lang=en\\\/\",\"name\":\"Tapir Wachswaren\",\"description\":\"Nat\u00fcrliche Pflegeprodukte f\u00fcr Leder, Textil und Holz\",\"publisher\":{\"@id\":\"https:\\\/\\\/tapir.de\\\/fr\\\/?lang=en\\\/#organization\"},\"potentialAction\":[{\"@type\":\"SearchAction\",\"target\":{\"@type\":\"EntryPoint\",\"urlTemplate\":\"https:\\\/\\\/tapir.de\\\/fr\\\/?lang=en\\\/?s={search_term_string}\"},\"query-input\":{\"@type\":\"PropertyValueSpecification\",\"valueRequired\":true,\"valueName\":\"search_term_string\"}}],\"inLanguage\":\"fr-FR\"},{\"@type\":\"Organization\",\"@id\":\"https:\\\/\\\/tapir.de\\\/fr\\\/?lang=en\\\/#organization\",\"name\":\"Tapir Wachswaren\",\"url\":\"https:\\\/\\\/tapir.de\\\/fr\\\/?lang=en\\\/\",\"logo\":{\"@type\":\"ImageObject\",\"inLanguage\":\"fr-FR\",\"@id\":\"https:\\\/\\\/tapir.de\\\/fr\\\/?lang=en\\\/#\\\/schema\\\/logo\\\/image\\\/\",\"url\":\"https:\\\/\\\/tapir.de\\\/wp-content\\\/uploads\\\/2020\\\/11\\\/cropped-TAPIR_Wachswaren_logo.png\",\"contentUrl\":\"https:\\\/\\\/tapir.de\\\/wp-content\\\/uploads\\\/2020\\\/11\\\/cropped-TAPIR_Wachswaren_logo.png\",\"width\":512,\"height\":512,\"caption\":\"Tapir Wachswaren\"},\"image\":{\"@id\":\"https:\\\/\\\/tapir.de\\\/fr\\\/?lang=en\\\/#\\\/schema\\\/logo\\\/image\\\/\"},\"sameAs\":[\"https:\\\/\\\/www.facebook.com\\\/TapirWachswaren\\\/\",\"https:\\\/\\\/www.instagram.com\\\/tapir_pflegeprodukte\\\/?hl=de\"]}]}<\/script>\n<!-- \/ Yoast SEO plugin. -->","yoast_head_json":{"title":"Produits - Tapir Wachswaren","description":"Trouvez des produits d\u2019entretien pour chaussures et meubles chez Tapir. Fabriqu\u00e9 \u00e0 partir de mati\u00e8res premi\u00e8res naturelles pour une durabilit\u00e9 plus durable et des r\u00e9sultats optimaux.","robots":{"index":"index","follow":"follow","max-snippet":"max-snippet:-1","max-image-preview":"max-image-preview:large","max-video-preview":"max-video-preview:-1"},"canonical":"https:\/\/tapir.de\/fr\/produits\/","og_locale":"fr_FR","og_type":"article","og_title":"Produits - Tapir Wachswaren","og_description":"Trouvez des produits d\u2019entretien pour chaussures et meubles chez Tapir. Fabriqu\u00e9 \u00e0 partir de mati\u00e8res premi\u00e8res naturelles pour une durabilit\u00e9 plus durable et des r\u00e9sultats optimaux.","og_url":"https:\/\/tapir.de\/fr\/produits\/","og_site_name":"Tapir Wachswaren","article_publisher":"https:\/\/www.facebook.com\/TapirWachswaren\/","article_modified_time":"2026-01-26T12:01:48+00:00","twitter_card":"summary_large_image","twitter_misc":{"Dur\u00e9e de lecture estim\u00e9e":"2 minutes"},"schema":{"@context":"https:\/\/schema.org","@graph":[{"@type":"WebPage","@id":"https:\/\/tapir.de\/fr\/produits\/","url":"https:\/\/tapir.de\/fr\/produits\/","name":"Produits - Tapir Wachswaren","isPartOf":{"@id":"https:\/\/tapir.de\/fr\/?lang=en\/#website"},"datePublished":"2026-01-26T12:01:47+00:00","dateModified":"2026-01-26T12:01:48+00:00","description":"Trouvez des produits d\u2019entretien pour chaussures et meubles chez Tapir. Fabriqu\u00e9 \u00e0 partir de mati\u00e8res premi\u00e8res naturelles pour une durabilit\u00e9 plus durable et des r\u00e9sultats optimaux.","breadcrumb":{"@id":"https:\/\/tapir.de\/fr\/produits\/#breadcrumb"},"inLanguage":"fr-FR","potentialAction":[{"@type":"ReadAction","target":["https:\/\/tapir.de\/fr\/produits\/"]}]},{"@type":"BreadcrumbList","@id":"https:\/\/tapir.de\/fr\/produits\/#breadcrumb","itemListElement":[{"@type":"ListItem","position":1,"name":"Startseite","item":"https:\/\/tapir.de\/fr\/"},{"@type":"ListItem","position":2,"name":"Produits"}]},{"@type":"WebSite","@id":"https:\/\/tapir.de\/fr\/?lang=en\/#website","url":"https:\/\/tapir.de\/fr\/?lang=en\/","name":"Tapir Wachswaren","description":"Nat\u00fcrliche Pflegeprodukte f\u00fcr Leder, Textil und Holz","publisher":{"@id":"https:\/\/tapir.de\/fr\/?lang=en\/#organization"},"potentialAction":[{"@type":"SearchAction","target":{"@type":"EntryPoint","urlTemplate":"https:\/\/tapir.de\/fr\/?lang=en\/?s={search_term_string}"},"query-input":{"@type":"PropertyValueSpecification","valueRequired":true,"valueName":"search_term_string"}}],"inLanguage":"fr-FR"},{"@type":"Organization","@id":"https:\/\/tapir.de\/fr\/?lang=en\/#organization","name":"Tapir Wachswaren","url":"https:\/\/tapir.de\/fr\/?lang=en\/","logo":{"@type":"ImageObject","inLanguage":"fr-FR","@id":"https:\/\/tapir.de\/fr\/?lang=en\/#\/schema\/logo\/image\/","url":"https:\/\/tapir.de\/wp-content\/uploads\/2020\/11\/cropped-TAPIR_Wachswaren_logo.png","contentUrl":"https:\/\/tapir.de\/wp-content\/uploads\/2020\/11\/cropped-TAPIR_Wachswaren_logo.png","width":512,"height":512,"caption":"Tapir Wachswaren"},"image":{"@id":"https:\/\/tapir.de\/fr\/?lang=en\/#\/schema\/logo\/image\/"},"sameAs":["https:\/\/www.facebook.com\/TapirWachswaren\/","https:\/\/www.instagram.com\/tapir_pflegeprodukte\/?hl=de"]}]}},"_links":{"self":[{"href":"https:\/\/tapir.de\/fr\/wp-json\/wp\/v2\/pages\/20513","targetHints":{"allow":["GET"]}}],"collection":[{"href":"https:\/\/tapir.de\/fr\/wp-json\/wp\/v2\/pages"}],"about":[{"href":"https:\/\/tapir.de\/fr\/wp-json\/wp\/v2\/types\/page"}],"author":[{"embeddable":true,"href":"https:\/\/tapir.de\/fr\/wp-json\/wp\/v2\/users\/1"}],"replies":[{"embeddable":true,"href":"https:\/\/tapir.de\/fr\/wp-json\/wp\/v2\/comments?post=20513"}],"version-history":[{"count":0,"href":"https:\/\/tapir.de\/fr\/wp-json\/wp\/v2\/pages\/20513\/revisions"}],"wp:attachment":[{"href":"https:\/\/tapir.de\/fr\/wp-json\/wp\/v2\/media?parent=20513"}],"curies":[{"name":"wp","href":"https:\/\/api.w.org\/{rel}","templated":true}]}}