{"id":20493,"date":"2026-01-26T13:01:41","date_gmt":"2026-01-26T12:01:41","guid":{"rendered":"https:\/\/tapir.de\/expedition-et-livraison\/"},"modified":"2026-01-26T13:01:41","modified_gmt":"2026-01-26T12:01:41","slug":"expedition-et-livraison","status":"publish","type":"page","link":"https:\/\/tapir.de\/fr\/expedition-et-livraison\/","title":{"rendered":"Exp\u00e9dition et livraison"},"content":{"rendered":"\n<div class=\"row\"  id=\"row-1060036155\">\n\n\n\t<div id=\"col-543506964\" class=\"col small-12 large-12\"  >\n\t\t\t\t<div class=\"col-inner\"  >\n\t\t\t\n\t\t\t\n\n<h2> <\/h2>\n<h1>Frais de livraison et d\u2019exp\u00e9dition<\/h1>\n<p>Les prix indiqu\u00e9s sur les pages produits incluent la TVA et d\u2019autres composantes de prix.<\/p>\n<p><strong>Co\u00fbts d\u2019exp\u00e9dition en Allemagne :<\/strong><\/p>\n<p>Pour chaque commande, nous facturons une part standard des frais d\u2019exp\u00e9dition de 4,60 euros pour les clients finaux jusqu\u2019\u00e0 une valeur de commande de 49,00 euros. D\u2019une valeur de commande de 49,00 euros, la part standard des frais d\u2019exp\u00e9dition pour les clients finaux est compl\u00e8tement supprim\u00e9e. Pour les d\u00e9taillants, la part des frais d\u2019exp\u00e9dition est d\u00e9duite d\u2019une valeur de commande de 100 \u20ac. Si des livraisons partielles sont effectu\u00e9es, le partage des frais d\u2019exp\u00e9dition ne sera bien s\u00fbr factur\u00e9 qu\u2019une seule fois.<br>L\u2019exp\u00e9dition standard est assur\u00e9e par DPD.    Si vous souhaitez \u00eatre exp\u00e9di\u00e9 par DHL, vous pouvez s\u00e9lectionner cette option lors du processus de commande. Le co\u00fbt est de 2,50 euros plus les frais d\u2019exp\u00e9dition standards. <\/p>\n<p><b>R\u00e9partition des frais d\u2019exp\u00e9dition \u00e0 l\u2019\u00e9tranger :<br>La livraison \u00e0 l\u2019\u00e9tranger n\u2019est possible qu\u2019avec paiement anticip\u00e9 !<br><\/b><\/p>\n<p class=\"bodytext\">Pour les exp\u00e9ditions dans les pays suivants : Belgique, Danemark, Luxembourg, Pays-Bas, Autriche, 12,00 euros seront factur\u00e9s jusqu\u2019\u00e0 un poids de 4 kg. Si l\u2019envoi est plus lourd, les frais de port r\u00e9els seront factur\u00e9s. Pour les livraisons vers la Norv\u00e8ge, le Royaume-Uni et la Suisse jusqu\u2019\u00e0 5 kg, nous facturons 25 \u20ac. Pour les exp\u00e9ditions vers d\u2019autres pays, les frais de port encourus seront toujours factur\u00e9s.   <\/p>\n<p>Pour les clients suisses : <br>Pour les livraisons vers la Suisse, nous vous recommandons d\u2019utiliser le service de MeinEinkauf.ch. Toutes les formalit\u00e9s douani\u00e8res et la livraison \u00e0 votre porte seront ensuite prises en charge par MeinEinkauf.ch moyennant un petit suppl\u00e9ment. <br>Il est pr\u00e9f\u00e9rable de s\u2019inscrire avant de s\u2019inscrire. <a href=\"https:\/\/meineinkauf.ch\/bestellen\/tapir-schweiz\/\">meineinkauf.ch\/bestellen\/tapir-schweiz\/<\/a> <\/p>\n<p><a href=\"https:\/\/meineinkauf.ch\/bestellen\/tapir-schweiz\/\" target=\"_blank\" rel=\"noopener noreferrer\"><img loading=\"lazy\" decoding=\"async\" class=\"alignnone wp-image-1675\" src=\"https:\/\/tapir.de\/wp-content\/uploads\/2020\/08\/Logo-MeinEinkauf_ch-PNG-klein-800x250.png\" alt=\"\" width=\"224\" height=\"70\" srcset=\"https:\/\/tapir.de\/wp-content\/uploads\/2020\/08\/Logo-MeinEinkauf_ch-PNG-klein-800x250.png 800w, https:\/\/tapir.de\/wp-content\/uploads\/2020\/08\/Logo-MeinEinkauf_ch-PNG-klein-600x188.png 600w, https:\/\/tapir.de\/wp-content\/uploads\/2020\/08\/Logo-MeinEinkauf_ch-PNG-klein-768x240.png 768w, https:\/\/tapir.de\/wp-content\/uploads\/2020\/08\/Logo-MeinEinkauf_ch-PNG-klein.png 1000w\" sizes=\"auto, (max-width: 224px) 100vw, 224px\" \/><\/a><\/p>\n<p><b>Livraisons \u00e0 l\u2019\u00e9tranger<\/b> :<br>Pour les livraisons aux pays de l\u2019Union europ\u00e9enne, la TVA actuellement valide de la R\u00e9publique f\u00e9d\u00e9rale d\u2019Allemagne s\u2019applique. Pour les commandes en provenance de pays hors UE, nous r\u00e9duisons nos prix de la TVA allemande incluse. La taxe d\u2019importation sp\u00e9cifique \u00e0 chaque pays doit alors \u00eatre pay\u00e9e \u00e0 la douane. Nous ne pouvons fournir aucune information concernant la perception des droits de douane. Une d\u00e9claration d\u2019origine correspondante est imprim\u00e9e sur la facture.    <\/p>\n<p>Les paiements provenant d\u2019institutions bancaires \u00e9trang\u00e8res sont gratuits dans l\u2019UE si le code IBAN et SWIFT pour nos informations bancaires est indiqu\u00e9 sur le transfert. Sans ce code, les paiements ne nous seront cr\u00e9dit\u00e9s qu\u2019apr\u00e8s une d\u00e9duction de 7,00 euros, que nous devrons facturer en plus au client si le transfert n\u2019est pas effectu\u00e9 par une institution financi\u00e8re allemande. <\/p>\n\n\t\t<\/div>\n\t\t\t\t\t<\/div>\n\n\t\n\n<\/div>\n\n","protected":false},"excerpt":{"rendered":"","protected":false},"author":1,"featured_media":0,"parent":0,"menu_order":0,"comment_status":"closed","ping_status":"closed","template":"page-blank.php","meta":{"footnotes":""},"class_list":["post-20493","page","type-page","status-publish","hentry"],"yoast_head":"<!-- This site is optimized with the Yoast SEO plugin v27.3 - https:\/\/yoast.com\/product\/yoast-seo-wordpress\/ -->\n<title>Exp\u00e9dition et livraison - Tapir Wachswaren<\/title>\n<meta name=\"description\" content=\"Vous trouverez ici toutes les informations importantes concernant l\u2019exp\u00e9dition et la livraison de notre boutique Tapir pour les produits naturels pour les chaussures.\" \/>\n<meta name=\"robots\" content=\"index, follow, max-snippet:-1, max-image-preview:large, max-video-preview:-1\" \/>\n<link rel=\"canonical\" href=\"https:\/\/tapir.de\/fr\/expedition-et-livraison\/\" \/>\n<meta property=\"og:locale\" content=\"fr_FR\" \/>\n<meta property=\"og:type\" content=\"article\" \/>\n<meta property=\"og:title\" content=\"Exp\u00e9dition et livraison - Tapir Wachswaren\" \/>\n<meta property=\"og:description\" content=\"Vous trouverez ici toutes les informations importantes concernant l\u2019exp\u00e9dition et la livraison de notre boutique Tapir pour les produits naturels pour les chaussures.\" \/>\n<meta property=\"og:url\" content=\"https:\/\/tapir.de\/fr\/expedition-et-livraison\/\" \/>\n<meta property=\"og:site_name\" content=\"Tapir Wachswaren\" \/>\n<meta property=\"article:publisher\" content=\"https:\/\/www.facebook.com\/TapirWachswaren\/\" \/>\n<meta property=\"og:image\" content=\"https:\/\/tapir.de\/wp-content\/uploads\/2020\/08\/Logo-MeinEinkauf_ch-PNG-klein.png\" \/>\n\t<meta property=\"og:image:width\" content=\"1000\" \/>\n\t<meta property=\"og:image:height\" content=\"313\" \/>\n\t<meta property=\"og:image:type\" content=\"image\/png\" \/>\n<meta name=\"twitter:card\" content=\"summary_large_image\" \/>\n<meta name=\"twitter:label1\" content=\"Dur\u00e9e de lecture estim\u00e9e\" \/>\n\t<meta name=\"twitter:data1\" content=\"2 minutes\" \/>\n<script type=\"application\/ld+json\" class=\"yoast-schema-graph\">{\"@context\":\"https:\\\/\\\/schema.org\",\"@graph\":[{\"@type\":\"WebPage\",\"@id\":\"https:\\\/\\\/tapir.de\\\/fr\\\/expedition-et-livraison\\\/\",\"url\":\"https:\\\/\\\/tapir.de\\\/fr\\\/expedition-et-livraison\\\/\",\"name\":\"Exp\u00e9dition et livraison - Tapir Wachswaren\",\"isPartOf\":{\"@id\":\"https:\\\/\\\/tapir.de\\\/fr\\\/?lang=en\\\/#website\"},\"primaryImageOfPage\":{\"@id\":\"https:\\\/\\\/tapir.de\\\/fr\\\/expedition-et-livraison\\\/#primaryimage\"},\"image\":{\"@id\":\"https:\\\/\\\/tapir.de\\\/fr\\\/expedition-et-livraison\\\/#primaryimage\"},\"thumbnailUrl\":\"https:\\\/\\\/tapir.de\\\/wp-content\\\/uploads\\\/2020\\\/08\\\/Logo-MeinEinkauf_ch-PNG-klein-800x250.png\",\"datePublished\":\"2026-01-26T12:01:41+00:00\",\"description\":\"Vous trouverez ici toutes les informations importantes concernant l\u2019exp\u00e9dition et la livraison de notre boutique Tapir pour les produits naturels pour les chaussures.\",\"breadcrumb\":{\"@id\":\"https:\\\/\\\/tapir.de\\\/fr\\\/expedition-et-livraison\\\/#breadcrumb\"},\"inLanguage\":\"fr-FR\",\"potentialAction\":[{\"@type\":\"ReadAction\",\"target\":[\"https:\\\/\\\/tapir.de\\\/fr\\\/expedition-et-livraison\\\/\"]}]},{\"@type\":\"ImageObject\",\"inLanguage\":\"fr-FR\",\"@id\":\"https:\\\/\\\/tapir.de\\\/fr\\\/expedition-et-livraison\\\/#primaryimage\",\"url\":\"https:\\\/\\\/tapir.de\\\/wp-content\\\/uploads\\\/2020\\\/08\\\/Logo-MeinEinkauf_ch-PNG-klein-800x250.png\",\"contentUrl\":\"https:\\\/\\\/tapir.de\\\/wp-content\\\/uploads\\\/2020\\\/08\\\/Logo-MeinEinkauf_ch-PNG-klein-800x250.png\"},{\"@type\":\"BreadcrumbList\",\"@id\":\"https:\\\/\\\/tapir.de\\\/fr\\\/expedition-et-livraison\\\/#breadcrumb\",\"itemListElement\":[{\"@type\":\"ListItem\",\"position\":1,\"name\":\"Startseite\",\"item\":\"https:\\\/\\\/tapir.de\\\/fr\\\/\"},{\"@type\":\"ListItem\",\"position\":2,\"name\":\"Exp\u00e9dition et livraison\"}]},{\"@type\":\"WebSite\",\"@id\":\"https:\\\/\\\/tapir.de\\\/fr\\\/?lang=en\\\/#website\",\"url\":\"https:\\\/\\\/tapir.de\\\/fr\\\/?lang=en\\\/\",\"name\":\"Tapir Wachswaren\",\"description\":\"Nat\u00fcrliche Pflegeprodukte f\u00fcr Leder, Textil und Holz\",\"publisher\":{\"@id\":\"https:\\\/\\\/tapir.de\\\/fr\\\/?lang=en\\\/#organization\"},\"potentialAction\":[{\"@type\":\"SearchAction\",\"target\":{\"@type\":\"EntryPoint\",\"urlTemplate\":\"https:\\\/\\\/tapir.de\\\/fr\\\/?lang=en\\\/?s={search_term_string}\"},\"query-input\":{\"@type\":\"PropertyValueSpecification\",\"valueRequired\":true,\"valueName\":\"search_term_string\"}}],\"inLanguage\":\"fr-FR\"},{\"@type\":\"Organization\",\"@id\":\"https:\\\/\\\/tapir.de\\\/fr\\\/?lang=en\\\/#organization\",\"name\":\"Tapir Wachswaren\",\"url\":\"https:\\\/\\\/tapir.de\\\/fr\\\/?lang=en\\\/\",\"logo\":{\"@type\":\"ImageObject\",\"inLanguage\":\"fr-FR\",\"@id\":\"https:\\\/\\\/tapir.de\\\/fr\\\/?lang=en\\\/#\\\/schema\\\/logo\\\/image\\\/\",\"url\":\"https:\\\/\\\/tapir.de\\\/wp-content\\\/uploads\\\/2020\\\/11\\\/cropped-TAPIR_Wachswaren_logo.png\",\"contentUrl\":\"https:\\\/\\\/tapir.de\\\/wp-content\\\/uploads\\\/2020\\\/11\\\/cropped-TAPIR_Wachswaren_logo.png\",\"width\":512,\"height\":512,\"caption\":\"Tapir Wachswaren\"},\"image\":{\"@id\":\"https:\\\/\\\/tapir.de\\\/fr\\\/?lang=en\\\/#\\\/schema\\\/logo\\\/image\\\/\"},\"sameAs\":[\"https:\\\/\\\/www.facebook.com\\\/TapirWachswaren\\\/\",\"https:\\\/\\\/www.instagram.com\\\/tapir_pflegeprodukte\\\/?hl=de\"]}]}<\/script>\n<!-- \/ Yoast SEO plugin. -->","yoast_head_json":{"title":"Exp\u00e9dition et livraison - Tapir Wachswaren","description":"Vous trouverez ici toutes les informations importantes concernant l\u2019exp\u00e9dition et la livraison de notre boutique Tapir pour les produits naturels pour les chaussures.","robots":{"index":"index","follow":"follow","max-snippet":"max-snippet:-1","max-image-preview":"max-image-preview:large","max-video-preview":"max-video-preview:-1"},"canonical":"https:\/\/tapir.de\/fr\/expedition-et-livraison\/","og_locale":"fr_FR","og_type":"article","og_title":"Exp\u00e9dition et livraison - Tapir Wachswaren","og_description":"Vous trouverez ici toutes les informations importantes concernant l\u2019exp\u00e9dition et la livraison de notre boutique Tapir pour les produits naturels pour les chaussures.","og_url":"https:\/\/tapir.de\/fr\/expedition-et-livraison\/","og_site_name":"Tapir Wachswaren","article_publisher":"https:\/\/www.facebook.com\/TapirWachswaren\/","og_image":[{"width":1000,"height":313,"url":"https:\/\/tapir.de\/wp-content\/uploads\/2020\/08\/Logo-MeinEinkauf_ch-PNG-klein.png","type":"image\/png"}],"twitter_card":"summary_large_image","twitter_misc":{"Dur\u00e9e de lecture estim\u00e9e":"2 minutes"},"schema":{"@context":"https:\/\/schema.org","@graph":[{"@type":"WebPage","@id":"https:\/\/tapir.de\/fr\/expedition-et-livraison\/","url":"https:\/\/tapir.de\/fr\/expedition-et-livraison\/","name":"Exp\u00e9dition et livraison - Tapir Wachswaren","isPartOf":{"@id":"https:\/\/tapir.de\/fr\/?lang=en\/#website"},"primaryImageOfPage":{"@id":"https:\/\/tapir.de\/fr\/expedition-et-livraison\/#primaryimage"},"image":{"@id":"https:\/\/tapir.de\/fr\/expedition-et-livraison\/#primaryimage"},"thumbnailUrl":"https:\/\/tapir.de\/wp-content\/uploads\/2020\/08\/Logo-MeinEinkauf_ch-PNG-klein-800x250.png","datePublished":"2026-01-26T12:01:41+00:00","description":"Vous trouverez ici toutes les informations importantes concernant l\u2019exp\u00e9dition et la livraison de notre boutique Tapir pour les produits naturels pour les chaussures.","breadcrumb":{"@id":"https:\/\/tapir.de\/fr\/expedition-et-livraison\/#breadcrumb"},"inLanguage":"fr-FR","potentialAction":[{"@type":"ReadAction","target":["https:\/\/tapir.de\/fr\/expedition-et-livraison\/"]}]},{"@type":"ImageObject","inLanguage":"fr-FR","@id":"https:\/\/tapir.de\/fr\/expedition-et-livraison\/#primaryimage","url":"https:\/\/tapir.de\/wp-content\/uploads\/2020\/08\/Logo-MeinEinkauf_ch-PNG-klein-800x250.png","contentUrl":"https:\/\/tapir.de\/wp-content\/uploads\/2020\/08\/Logo-MeinEinkauf_ch-PNG-klein-800x250.png"},{"@type":"BreadcrumbList","@id":"https:\/\/tapir.de\/fr\/expedition-et-livraison\/#breadcrumb","itemListElement":[{"@type":"ListItem","position":1,"name":"Startseite","item":"https:\/\/tapir.de\/fr\/"},{"@type":"ListItem","position":2,"name":"Exp\u00e9dition et livraison"}]},{"@type":"WebSite","@id":"https:\/\/tapir.de\/fr\/?lang=en\/#website","url":"https:\/\/tapir.de\/fr\/?lang=en\/","name":"Tapir Wachswaren","description":"Nat\u00fcrliche Pflegeprodukte f\u00fcr Leder, Textil und Holz","publisher":{"@id":"https:\/\/tapir.de\/fr\/?lang=en\/#organization"},"potentialAction":[{"@type":"SearchAction","target":{"@type":"EntryPoint","urlTemplate":"https:\/\/tapir.de\/fr\/?lang=en\/?s={search_term_string}"},"query-input":{"@type":"PropertyValueSpecification","valueRequired":true,"valueName":"search_term_string"}}],"inLanguage":"fr-FR"},{"@type":"Organization","@id":"https:\/\/tapir.de\/fr\/?lang=en\/#organization","name":"Tapir Wachswaren","url":"https:\/\/tapir.de\/fr\/?lang=en\/","logo":{"@type":"ImageObject","inLanguage":"fr-FR","@id":"https:\/\/tapir.de\/fr\/?lang=en\/#\/schema\/logo\/image\/","url":"https:\/\/tapir.de\/wp-content\/uploads\/2020\/11\/cropped-TAPIR_Wachswaren_logo.png","contentUrl":"https:\/\/tapir.de\/wp-content\/uploads\/2020\/11\/cropped-TAPIR_Wachswaren_logo.png","width":512,"height":512,"caption":"Tapir Wachswaren"},"image":{"@id":"https:\/\/tapir.de\/fr\/?lang=en\/#\/schema\/logo\/image\/"},"sameAs":["https:\/\/www.facebook.com\/TapirWachswaren\/","https:\/\/www.instagram.com\/tapir_pflegeprodukte\/?hl=de"]}]}},"_links":{"self":[{"href":"https:\/\/tapir.de\/fr\/wp-json\/wp\/v2\/pages\/20493","targetHints":{"allow":["GET"]}}],"collection":[{"href":"https:\/\/tapir.de\/fr\/wp-json\/wp\/v2\/pages"}],"about":[{"href":"https:\/\/tapir.de\/fr\/wp-json\/wp\/v2\/types\/page"}],"author":[{"embeddable":true,"href":"https:\/\/tapir.de\/fr\/wp-json\/wp\/v2\/users\/1"}],"replies":[{"embeddable":true,"href":"https:\/\/tapir.de\/fr\/wp-json\/wp\/v2\/comments?post=20493"}],"version-history":[{"count":0,"href":"https:\/\/tapir.de\/fr\/wp-json\/wp\/v2\/pages\/20493\/revisions"}],"wp:attachment":[{"href":"https:\/\/tapir.de\/fr\/wp-json\/wp\/v2\/media?parent=20493"}],"curies":[{"name":"wp","href":"https:\/\/api.w.org\/{rel}","templated":true}]}}