{"id":20422,"date":"2026-01-26T13:01:19","date_gmt":"2026-01-26T12:01:19","guid":{"rendered":"https:\/\/tapir.de\/politique-de-remboursement-et-de-retour\/"},"modified":"2026-01-26T13:01:24","modified_gmt":"2026-01-26T12:01:24","slug":"politique-de-remboursement-et-de-retour","status":"publish","type":"page","link":"https:\/\/tapir.de\/fr\/politique-de-remboursement-et-de-retour\/","title":{"rendered":"Politique de remboursement et de retour"},"content":{"rendered":"\n<p><b>Ceci est une page d\u2019exemple.<\/b><\/p>\n\n<h3>Overview<\/h3>\n\n<p>Notre politique de remboursement et de retour dure 30 jours. Si 30 jours se sont \u00e9coul\u00e9s depuis votre achat, nous ne pouvons pas vous rembourser ou \u00e9changer compl\u00e8tement. <\/p>\n\n<p>Pour \u00eatre \u00e9ligible \u00e0 un retour, votre article doit \u00eatre inutilis\u00e9 et dans le m\u00eame \u00e9tat que celui o\u00f9 vous l\u2019avez re\u00e7u. Il doit \u00e9galement \u00eatre dans son emballage d\u2019origine. <\/p>\n\n<p>Plusieurs types de marchandises sont exempt\u00e9s de retour. Les denr\u00e9es p\u00e9rissables telles que la nourriture, les fleurs, les journaux ou les magazines ne peuvent pas \u00eatre rendus. Nous n\u2019acceptons pas non plus de produits intimes ou sanitaires, de mat\u00e9riaux dangereux, ni de liquides ou gaz inflammables.  <\/p>\n\n<p>Articles suppl\u00e9mentaires non retournables :<\/p>\n\n<ul class=\"wp-block-list\">\n<li>Cartes cadeaux<\/li>\n<li>Produits logiciels t\u00e9l\u00e9chargeables<\/li>\n<li>Quelques articles de sant\u00e9 et de soins personnels<\/li>\n<\/ul>\n\n<p>Pour compl\u00e9ter votre retour, nous exigeons un re\u00e7u ou une preuve d\u2019achat.<\/p>\n\n<p>Merci de ne pas renvoyer votre achat au fabricant.<\/p>\n\n<p>Il existe certaines situations o\u00f9 seuls des remboursements partiels sont accord\u00e9s :<\/p>\n\n<ul class=\"wp-block-list\">\n<li>Livre avec des signes \u00e9vidents d\u2019utilisation<\/li>\n<li>CD, DVD, cassette VHS, logiciel, jeu vid\u00e9o, cassette ou vinyle qui a \u00e9t\u00e9 ouvert.<\/li>\n<li>Tout article qui n\u2019est pas dans son \u00e9tat d\u2019origine est endommag\u00e9 ou manquant de pi\u00e8ces pour des raisons qui ne sont pas dues \u00e0 notre erreur.<\/li>\n<li>Tout article retourn\u00e9 plus de 30 jours apr\u00e8s la livraison<\/li>\n<\/ul>\n\n<h2>Remboursements<\/h2>\n\n<p>Une fois votre retour re\u00e7u et inspect\u00e9, nous vous enverrons un e-mail pour vous informer que nous avons re\u00e7u votre article retourn\u00e9. Nous vous informerons \u00e9galement de l\u2019approbation ou du rejet de votre remboursement. <\/p>\n\n<p>Si vous \u00eates approuv\u00e9, votre remboursement sera trait\u00e9 et un cr\u00e9dit sera automatiquement appliqu\u00e9 \u00e0 votre carte de cr\u00e9dit ou \u00e0 votre m\u00e9thode de paiement initiale, dans un d\u00e9lai de jours.<\/p>\n\n<b>Late or missing refunds<\/b>\n\n<p>Si vous n\u2019avez pas encore re\u00e7u de remboursement, v\u00e9rifiez d\u2019abord votre compte bancaire.<\/p>\n\n<p>Ensuite, contactez votre soci\u00e9t\u00e9 de carte de cr\u00e9dit, cela peut prendre un certain temps avant que votre remboursement soit officiellement vers\u00e9.<\/p>\n\n<p>Ensuite, contactez votre banque. Il y a souvent un certain d\u00e9lai de traitement avant qu\u2019un remboursement ne soit vers\u00e9. <\/p>\n\n<p>Si vous avez fait tout cela et que vous n\u2019avez toujours pas re\u00e7u votre remboursement, veuillez nous contacter \u00e0 {adresse e-mail}.<\/p>\n\n<b>Sale items<\/b>\n\n<p>Seuls les articles \u00e0 prix normal peuvent \u00eatre rembours\u00e9s. Les articles en vente ne peuvent pas \u00eatre rembours\u00e9s. <\/p>\n\n<h2>Bourses<\/h2>\n\n<p>Nous ne rempla\u00e7ons les articles que s\u2019ils sont d\u00e9fectueux ou endommag\u00e9s. Si vous devez l\u2019\u00e9changer contre le m\u00eame article, envoyez-nous un e-mail \u00e0 {adresse e-mail} et envoyez votre article \u00e0 : {adresse physique}. <\/p>\n\n<h2>Dons<\/h2>\n\n<p>Si l\u2019article a \u00e9t\u00e9 marqu\u00e9 comme un cadeau lors de l\u2019achat et exp\u00e9di\u00e9 directement chez vous, vous recevrez un cr\u00e9dit cadeau pour la valeur de votre retour. Une fois l\u2019article retourn\u00e9 re\u00e7u, un bon cadeau vous sera envoy\u00e9 par courrier. <\/p>\n\n<p>Si l\u2019article n\u2019a pas \u00e9t\u00e9 marqu\u00e9 comme cadeau lors de l\u2019achat, ou si le donneur a fait exp\u00e9dier la commande \u00e0 son propre nom pour vous la remettre plus tard, nous enverrons un remboursement au donateur et il sera inform\u00e9 de votre retour.<\/p>\n\n<h2>Retour maritime<\/h2>\n\n<p>Pour retourner votre produit, vous devez l\u2019envoyer par courrier \u00e0 : {adresse physique}.<\/p>\n\n<p>Vous serez responsable de payer vous-m\u00eame les frais de port pour le retour de votre article. Les frais d\u2019exp\u00e9dition ne sont pas remboursables. Si vous recevez un remboursement, le co\u00fbt des frais de retour sera d\u00e9duit de votre remboursement.  <\/p>\n\n<p>Selon votre lieu de r\u00e9sidence, le temps que vous recevez peut varier.<\/p>\n\n<p>Si vous retournez des articles plus chers, vous pouvez envisager d\u2019utiliser un service d\u2019exp\u00e9dition tra\u00e7able ou de souscrire une assurance exp\u00e9dition. Nous ne garantissons pas que nous recevrons votre article retourn\u00e9. <\/p>\n\n<h2>Besoin d\u2019aide ?<\/h2>\n\n<p>Contactez-nous \u00e0 {email} pour toute question concernant les remboursements et les retours.<\/p>\n","protected":false},"excerpt":{"rendered":"<p>Ceci est une page d\u2019exemple. Overview Notre politique de remboursement et de retour dure 30 jours. Si 30 jours se sont \u00e9coul\u00e9s depuis votre achat, nous ne pouvons pas vous rembourser ou \u00e9changer compl\u00e8tement. Pour \u00eatre \u00e9ligible \u00e0 un retour, votre article doit \u00eatre inutilis\u00e9 et dans le m\u00eame \u00e9tat que celui o\u00f9 vous l\u2019avez [&#8230;]\n","protected":false},"author":1,"featured_media":0,"parent":0,"menu_order":0,"comment_status":"closed","ping_status":"closed","template":"","meta":{"footnotes":""},"class_list":["post-20422","page","type-page","status-publish","hentry"],"yoast_head":"<!-- This site is optimized with the Yoast SEO plugin v27.4 - https:\/\/yoast.com\/product\/yoast-seo-wordpress\/ -->\n<title>Politique de remboursement et de retour - Tapir Wachswaren<\/title>\n<meta name=\"description\" content=\"Notes et informations importantes sur les retours, remboursements et d\u00e9lais pour vos commandes chez Tapir.\" \/>\n<meta name=\"robots\" content=\"index, follow, max-snippet:-1, max-image-preview:large, max-video-preview:-1\" \/>\n<link rel=\"canonical\" href=\"https:\/\/tapir.de\/fr\/politique-de-remboursement-et-de-retour\/\" \/>\n<meta property=\"og:locale\" content=\"fr_FR\" \/>\n<meta property=\"og:type\" content=\"article\" \/>\n<meta property=\"og:title\" content=\"Politique de remboursement et de retour - Tapir Wachswaren\" \/>\n<meta property=\"og:description\" content=\"Notes et informations importantes sur les retours, remboursements et d\u00e9lais pour vos commandes chez Tapir.\" \/>\n<meta property=\"og:url\" content=\"https:\/\/tapir.de\/fr\/politique-de-remboursement-et-de-retour\/\" \/>\n<meta property=\"og:site_name\" content=\"Tapir Wachswaren\" \/>\n<meta property=\"article:publisher\" content=\"https:\/\/www.facebook.com\/TapirWachswaren\/\" \/>\n<meta property=\"article:modified_time\" content=\"2026-01-26T12:01:24+00:00\" \/>\n<meta name=\"twitter:card\" content=\"summary_large_image\" \/>\n<meta name=\"twitter:label1\" content=\"Dur\u00e9e de lecture estim\u00e9e\" \/>\n\t<meta name=\"twitter:data1\" content=\"3 minutes\" \/>\n<script type=\"application\/ld+json\" class=\"yoast-schema-graph\">{\"@context\":\"https:\\\/\\\/schema.org\",\"@graph\":[{\"@type\":\"WebPage\",\"@id\":\"https:\\\/\\\/tapir.de\\\/fr\\\/politique-de-remboursement-et-de-retour\\\/\",\"url\":\"https:\\\/\\\/tapir.de\\\/fr\\\/politique-de-remboursement-et-de-retour\\\/\",\"name\":\"Politique de remboursement et de retour - Tapir Wachswaren\",\"isPartOf\":{\"@id\":\"https:\\\/\\\/tapir.de\\\/fr\\\/?lang=en\\\/#website\"},\"datePublished\":\"2026-01-26T12:01:19+00:00\",\"dateModified\":\"2026-01-26T12:01:24+00:00\",\"description\":\"Notes et informations importantes sur les retours, remboursements et d\u00e9lais pour vos commandes chez Tapir.\",\"breadcrumb\":{\"@id\":\"https:\\\/\\\/tapir.de\\\/fr\\\/politique-de-remboursement-et-de-retour\\\/#breadcrumb\"},\"inLanguage\":\"fr-FR\",\"potentialAction\":[{\"@type\":\"ReadAction\",\"target\":[\"https:\\\/\\\/tapir.de\\\/fr\\\/politique-de-remboursement-et-de-retour\\\/\"]}]},{\"@type\":\"BreadcrumbList\",\"@id\":\"https:\\\/\\\/tapir.de\\\/fr\\\/politique-de-remboursement-et-de-retour\\\/#breadcrumb\",\"itemListElement\":[{\"@type\":\"ListItem\",\"position\":1,\"name\":\"Startseite\",\"item\":\"https:\\\/\\\/tapir.de\\\/fr\\\/\"},{\"@type\":\"ListItem\",\"position\":2,\"name\":\"Politique de remboursement et de retour\"}]},{\"@type\":\"WebSite\",\"@id\":\"https:\\\/\\\/tapir.de\\\/fr\\\/?lang=en\\\/#website\",\"url\":\"https:\\\/\\\/tapir.de\\\/fr\\\/?lang=en\\\/\",\"name\":\"Tapir Wachswaren\",\"description\":\"Nat\u00fcrliche Pflegeprodukte f\u00fcr Leder, Textil und Holz\",\"publisher\":{\"@id\":\"https:\\\/\\\/tapir.de\\\/fr\\\/?lang=en\\\/#organization\"},\"potentialAction\":[{\"@type\":\"SearchAction\",\"target\":{\"@type\":\"EntryPoint\",\"urlTemplate\":\"https:\\\/\\\/tapir.de\\\/fr\\\/?lang=en\\\/?s={search_term_string}\"},\"query-input\":{\"@type\":\"PropertyValueSpecification\",\"valueRequired\":true,\"valueName\":\"search_term_string\"}}],\"inLanguage\":\"fr-FR\"},{\"@type\":\"Organization\",\"@id\":\"https:\\\/\\\/tapir.de\\\/fr\\\/?lang=en\\\/#organization\",\"name\":\"Tapir Wachswaren\",\"url\":\"https:\\\/\\\/tapir.de\\\/fr\\\/?lang=en\\\/\",\"logo\":{\"@type\":\"ImageObject\",\"inLanguage\":\"fr-FR\",\"@id\":\"https:\\\/\\\/tapir.de\\\/fr\\\/?lang=en\\\/#\\\/schema\\\/logo\\\/image\\\/\",\"url\":\"https:\\\/\\\/tapir.de\\\/wp-content\\\/uploads\\\/2020\\\/11\\\/cropped-TAPIR_Wachswaren_logo.png\",\"contentUrl\":\"https:\\\/\\\/tapir.de\\\/wp-content\\\/uploads\\\/2020\\\/11\\\/cropped-TAPIR_Wachswaren_logo.png\",\"width\":512,\"height\":512,\"caption\":\"Tapir Wachswaren\"},\"image\":{\"@id\":\"https:\\\/\\\/tapir.de\\\/fr\\\/?lang=en\\\/#\\\/schema\\\/logo\\\/image\\\/\"},\"sameAs\":[\"https:\\\/\\\/www.facebook.com\\\/TapirWachswaren\\\/\",\"https:\\\/\\\/www.instagram.com\\\/tapir_pflegeprodukte\\\/?hl=de\"]}]}<\/script>\n<!-- \/ Yoast SEO plugin. -->","yoast_head_json":{"title":"Politique de remboursement et de retour - Tapir Wachswaren","description":"Notes et informations importantes sur les retours, remboursements et d\u00e9lais pour vos commandes chez Tapir.","robots":{"index":"index","follow":"follow","max-snippet":"max-snippet:-1","max-image-preview":"max-image-preview:large","max-video-preview":"max-video-preview:-1"},"canonical":"https:\/\/tapir.de\/fr\/politique-de-remboursement-et-de-retour\/","og_locale":"fr_FR","og_type":"article","og_title":"Politique de remboursement et de retour - Tapir Wachswaren","og_description":"Notes et informations importantes sur les retours, remboursements et d\u00e9lais pour vos commandes chez Tapir.","og_url":"https:\/\/tapir.de\/fr\/politique-de-remboursement-et-de-retour\/","og_site_name":"Tapir Wachswaren","article_publisher":"https:\/\/www.facebook.com\/TapirWachswaren\/","article_modified_time":"2026-01-26T12:01:24+00:00","twitter_card":"summary_large_image","twitter_misc":{"Dur\u00e9e de lecture estim\u00e9e":"3 minutes"},"schema":{"@context":"https:\/\/schema.org","@graph":[{"@type":"WebPage","@id":"https:\/\/tapir.de\/fr\/politique-de-remboursement-et-de-retour\/","url":"https:\/\/tapir.de\/fr\/politique-de-remboursement-et-de-retour\/","name":"Politique de remboursement et de retour - Tapir Wachswaren","isPartOf":{"@id":"https:\/\/tapir.de\/fr\/?lang=en\/#website"},"datePublished":"2026-01-26T12:01:19+00:00","dateModified":"2026-01-26T12:01:24+00:00","description":"Notes et informations importantes sur les retours, remboursements et d\u00e9lais pour vos commandes chez Tapir.","breadcrumb":{"@id":"https:\/\/tapir.de\/fr\/politique-de-remboursement-et-de-retour\/#breadcrumb"},"inLanguage":"fr-FR","potentialAction":[{"@type":"ReadAction","target":["https:\/\/tapir.de\/fr\/politique-de-remboursement-et-de-retour\/"]}]},{"@type":"BreadcrumbList","@id":"https:\/\/tapir.de\/fr\/politique-de-remboursement-et-de-retour\/#breadcrumb","itemListElement":[{"@type":"ListItem","position":1,"name":"Startseite","item":"https:\/\/tapir.de\/fr\/"},{"@type":"ListItem","position":2,"name":"Politique de remboursement et de retour"}]},{"@type":"WebSite","@id":"https:\/\/tapir.de\/fr\/?lang=en\/#website","url":"https:\/\/tapir.de\/fr\/?lang=en\/","name":"Tapir Wachswaren","description":"Nat\u00fcrliche Pflegeprodukte f\u00fcr Leder, Textil und Holz","publisher":{"@id":"https:\/\/tapir.de\/fr\/?lang=en\/#organization"},"potentialAction":[{"@type":"SearchAction","target":{"@type":"EntryPoint","urlTemplate":"https:\/\/tapir.de\/fr\/?lang=en\/?s={search_term_string}"},"query-input":{"@type":"PropertyValueSpecification","valueRequired":true,"valueName":"search_term_string"}}],"inLanguage":"fr-FR"},{"@type":"Organization","@id":"https:\/\/tapir.de\/fr\/?lang=en\/#organization","name":"Tapir Wachswaren","url":"https:\/\/tapir.de\/fr\/?lang=en\/","logo":{"@type":"ImageObject","inLanguage":"fr-FR","@id":"https:\/\/tapir.de\/fr\/?lang=en\/#\/schema\/logo\/image\/","url":"https:\/\/tapir.de\/wp-content\/uploads\/2020\/11\/cropped-TAPIR_Wachswaren_logo.png","contentUrl":"https:\/\/tapir.de\/wp-content\/uploads\/2020\/11\/cropped-TAPIR_Wachswaren_logo.png","width":512,"height":512,"caption":"Tapir Wachswaren"},"image":{"@id":"https:\/\/tapir.de\/fr\/?lang=en\/#\/schema\/logo\/image\/"},"sameAs":["https:\/\/www.facebook.com\/TapirWachswaren\/","https:\/\/www.instagram.com\/tapir_pflegeprodukte\/?hl=de"]}]}},"_links":{"self":[{"href":"https:\/\/tapir.de\/fr\/wp-json\/wp\/v2\/pages\/20422","targetHints":{"allow":["GET"]}}],"collection":[{"href":"https:\/\/tapir.de\/fr\/wp-json\/wp\/v2\/pages"}],"about":[{"href":"https:\/\/tapir.de\/fr\/wp-json\/wp\/v2\/types\/page"}],"author":[{"embeddable":true,"href":"https:\/\/tapir.de\/fr\/wp-json\/wp\/v2\/users\/1"}],"replies":[{"embeddable":true,"href":"https:\/\/tapir.de\/fr\/wp-json\/wp\/v2\/comments?post=20422"}],"version-history":[{"count":0,"href":"https:\/\/tapir.de\/fr\/wp-json\/wp\/v2\/pages\/20422\/revisions"}],"wp:attachment":[{"href":"https:\/\/tapir.de\/fr\/wp-json\/wp\/v2\/media?parent=20422"}],"curies":[{"name":"wp","href":"https:\/\/api.w.org\/{rel}","templated":true}]}}