{"id":20396,"date":"2026-01-26T13:01:15","date_gmt":"2026-01-26T12:01:15","guid":{"rendered":"https:\/\/tapir.de\/entretien-des-semelles-en-cuir\/"},"modified":"2026-01-26T13:01:56","modified_gmt":"2026-01-26T12:01:56","slug":"entretien-des-semelles-en-cuir","status":"publish","type":"page","link":"https:\/\/tapir.de\/fr\/entretien-des-chaussures-et-du-cuir\/entretien-des-semelles-en-cuir\/","title":{"rendered":"Entretien des semelles en cuir"},"content":{"rendered":"\n\n  <div class=\"banner has-hover\" id=\"banner-198611568\">\n          <div class=\"banner-inner fill\">\n        <div class=\"banner-bg fill\" >\n            <img loading=\"lazy\" decoding=\"async\" width=\"1020\" height=\"574\" src=\"https:\/\/tapir.de\/wp-content\/uploads\/2024\/10\/Ledersohlenpflege-1400x788.jpg\" class=\"bg attachment-large size-large\" alt=\"\" \/>                                    \n                    <\/div>\n\t\t\n\t<div class=\"ux-shape-divider ux-shape-divider--bottom ux-shape-divider--style-waves-opacity\">\n\t\t<svg viewBox=\"0 0 1000 300\" xmlns=\"http:\/\/www.w3.org\/2000\/svg\" preserveAspectRatio=\"none\">\n    <path class=\"ux-shape-fill\" d=\"M0 300L-1 69.71C216 57 299.47 198.86 403 226C506 253 577 196 660 197C740 198 790.09 234.07 874 267C935.23 291 982 282.61 1000 277.61V300H0Z\"\/>\n    <path class=\"ux-shape-fill\" opacity=\"0.5\" d=\"M1 265.094L0 50.5C217 37.79 300.47 186.36 404 213.5C507 240.5 578 196.5 661 197.5C741 198.5 787.59 239.57 871.5 272.5C932.73 296.5 980.5 284.5 998.5 279.5V298.5L1 265.094Z\"\/>\n    <path class=\"ux-shape-fill\" opacity=\"0.15\" d=\"M0.999878 244.094L-0.00012207 27C217 14.29 300.47 173.86 404 201C507 228 578 196 661 197C741 198 787.59 243.07 871.5 276C932.73 300 980.5 284.5 998.5 279.5V299L0.999878 244.094Z\"\/>\n<\/svg>\n\n\t<\/div>\n        <div class=\"banner-layers container\">\n            <div class=\"fill banner-link\"><\/div>            \n\n   <div id=\"text-box-178759572\" class=\"text-box banner-layer x50 md-x50 lg-x50 y50 md-y50 lg-y50 res-text\">\n                                <div class=\"text-box-content text dark\">\n              \n              <div class=\"text-inner text-center\">\n                  \n\n\n              <\/div>\n           <\/div>\n                            \n<style>\n#text-box-178759572 {\n  width: 60%;\n}\n#text-box-178759572 .text-box-content {\n  font-size: 100%;\n}\n<\/style>\n    <\/div>\n \n\n        <\/div>\n      <\/div>\n\n            \n<style>\n#banner-198611568 {\n  padding-top: 400px;\n}\n#banner-198611568 .banner-bg img {\n  object-position: 64% 63%;\n}\n#banner-198611568 .ux-shape-divider--bottom svg {\n  height: 100px;\n  --divider-width: 100%;\n}\n@media (min-width:550px) {\n  #banner-198611568 {\n    padding-top: 50%;\n  }\n}\n<\/style>\n  <\/div>\n\n\n<div class=\"row\"  id=\"row-409605744\">\n\n\n\t<div id=\"col-877279386\" class=\"col small-12 large-12\"  >\n\t\t\t\t<div class=\"col-inner\"  >\n\t\t\t\n\t\t\t\n\n<header>\n<header>\n<h1 class=\"alt-font\"><span style=\"color: #9c1616; font-size: 200%;\">Entretien des semelles en cuir \u2013 Entretien des semelles en cuir chez Tapir<\/span><\/h1>\n<\/header>\n<div class=\"ce-textpic ce-right ce-intext\">\n<div class=\"ce-bodytext\">\n<p>Un entretien appropri\u00e9 des semelles en cuir est crucial pour la long\u00e9vit\u00e9 et le confort de vos chaussures en cuir. Tapir Leather Sole Care Care propose une m\u00e9thode douce et durable pour garder les semelles souples et r\u00e9sistantes \u00e0 l\u2019humidit\u00e9. Fabriqu\u00e9 \u00e0 partir d\u2019ingr\u00e9dients naturels, en particulier de l\u2019huile de lin, qui durcit les semelles. La semelle en cuir Tapir prend soin et prot\u00e8ge le cuir sur le long terme.   <\/p>\n<p>Les semelles en cuir sont plus sensibles \u00e0 l\u2019humidit\u00e9 et \u00e0 la salet\u00e9 que celles en caoutchouc en raison de leur nature naturelle. S\u2019ils sont r\u00e9guli\u00e8rement expos\u00e9s aux intemp\u00e9ries, ils peuvent se dess\u00e9cher et devenir cassants, ce qui peut entra\u00eener des fissures et de l\u2019usure. Le Tapir Leather Sole Care offre un rem\u00e8de ici : il p\u00e9n\u00e8tre profond\u00e9ment dans le mat\u00e9riau, le maintient souple et forme une couche protectrice hydrofuge. Cela r\u00e9duit l\u2019usure et prolonge consid\u00e9rablement la dur\u00e9e de vie des semelles.   <\/p>\n<h3 class=\"alt-font\"><span style=\"color: #9c1616; font-size: 150%;\">Application de la semelle en cuir de tapir<\/span><\/h3>\n<p>Pour un effet optimal, les semelles en cuir doivent \u00eatre nettoy\u00e9es avant d\u2019\u00eatre entretenues pour enlever la salet\u00e9 et la poussi\u00e8re. Ensuite, la semelle en cuir de tapir est appliqu\u00e9e de fa\u00e7on uniforme avec un tissu doux ou une brosse. Apr\u00e8s application, le produit doit \u00eatre absorb\u00e9 pendant quelques heures avant de remettre les chaussures. Enlever l\u2019exc\u00e8s avec un chiffon.   <\/p>\n<h3 class=\"alt-font\"><span style=\"color: #9c1616; font-size: 150%;\">Avantages et durabilit\u00e9<\/span><\/h3>\n<p>L\u2019entretien des semelles en cuir Tapir se distingue non seulement par son efficacit\u00e9, mais aussi par sa durabilit\u00e9 : les ingr\u00e9dients utilis\u00e9s sont biod\u00e9gradables et proviennent d\u2019une production respectueuse de l\u2019environnement. De plus, Tapir n\u2019utilise pas de conservateurs synth\u00e9tiques et s\u2019appuie sur des emballages \u00e9cologiques. Pour les passionn\u00e9s de chaussures qui tiennent \u00e0 la qualit\u00e9 et \u00e0 l\u2019environnement, Tapir est un excellent choix.  <\/p>\n<p>L\u2019utilisation r\u00e9guli\u00e8re de soin des semelles en cuir de tapir prot\u00e8ge vos semelles en cuir des influences ext\u00e9rieures, augmente leur confort d\u2019usure et leur permet de profiter plus longtemps de vos chaussures en cuir.<\/p>\n<\/div>\n<\/div>\n<\/header>\n\n\t\t<\/div>\n\t\t\t\t\t<\/div>\n\n\t\n\n<\/div>\n\n  <div class=\"banner has-hover\" id=\"banner-1820538077\">\n          <div class=\"banner-inner fill\">\n        <div class=\"banner-bg fill\" >\n            <img loading=\"lazy\" decoding=\"async\" width=\"1020\" height=\"574\" src=\"https:\/\/tapir.de\/wp-content\/uploads\/2024\/10\/DD13712-Bearbeitet-1400x788.jpg\" class=\"bg attachment-large size-large\" alt=\"\" \/>                                    \n                    <\/div>\n\t\t\t<div class=\"ux-shape-divider ux-shape-divider--top ux-shape-divider--style-waves-opacity\">\n\t\t<svg viewBox=\"0 0 1000 300\" xmlns=\"http:\/\/www.w3.org\/2000\/svg\" preserveAspectRatio=\"none\">\n    <path class=\"ux-shape-fill\" d=\"M0 300L-1 69.71C216 57 299.47 198.86 403 226C506 253 577 196 660 197C740 198 790.09 234.07 874 267C935.23 291 982 282.61 1000 277.61V300H0Z\"\/>\n    <path class=\"ux-shape-fill\" opacity=\"0.5\" d=\"M1 265.094L0 50.5C217 37.79 300.47 186.36 404 213.5C507 240.5 578 196.5 661 197.5C741 198.5 787.59 239.57 871.5 272.5C932.73 296.5 980.5 284.5 998.5 279.5V298.5L1 265.094Z\"\/>\n    <path class=\"ux-shape-fill\" opacity=\"0.15\" d=\"M0.999878 244.094L-0.00012207 27C217 14.29 300.47 173.86 404 201C507 228 578 196 661 197C741 198 787.59 243.07 871.5 276C932.73 300 980.5 284.5 998.5 279.5V299L0.999878 244.094Z\"\/>\n<\/svg>\n\n\t<\/div>\n\n\t<div class=\"ux-shape-divider ux-shape-divider--bottom ux-shape-divider--style-waves-opacity\">\n\t\t<svg viewBox=\"0 0 1000 300\" xmlns=\"http:\/\/www.w3.org\/2000\/svg\" preserveAspectRatio=\"none\">\n    <path class=\"ux-shape-fill\" d=\"M0 300L-1 69.71C216 57 299.47 198.86 403 226C506 253 577 196 660 197C740 198 790.09 234.07 874 267C935.23 291 982 282.61 1000 277.61V300H0Z\"\/>\n    <path class=\"ux-shape-fill\" opacity=\"0.5\" d=\"M1 265.094L0 50.5C217 37.79 300.47 186.36 404 213.5C507 240.5 578 196.5 661 197.5C741 198.5 787.59 239.57 871.5 272.5C932.73 296.5 980.5 284.5 998.5 279.5V298.5L1 265.094Z\"\/>\n    <path class=\"ux-shape-fill\" opacity=\"0.15\" d=\"M0.999878 244.094L-0.00012207 27C217 14.29 300.47 173.86 404 201C507 228 578 196 661 197C741 198 787.59 243.07 871.5 276C932.73 300 980.5 284.5 998.5 279.5V299L0.999878 244.094Z\"\/>\n<\/svg>\n\n\t<\/div>\n        <div class=\"banner-layers container\">\n            <div class=\"fill banner-link\"><\/div>            \n\n\n        <\/div>\n      <\/div>\n\n            \n<style>\n#banner-1820538077 {\n  padding-top: 500px;\n}\n#banner-1820538077 .banner-bg img {\n  object-position: 9% 45%;\n}\n#banner-1820538077 .ux-shape-divider--top svg {\n  height: 100px;\n  --divider-top-width: 100%;\n}\n#banner-1820538077 .ux-shape-divider--bottom svg {\n  height: 100px;\n  --divider-width: 100%;\n}\n<\/style>\n  <\/div>\n\n\n\n\t<section class=\"section\" id=\"section_2114786221\">\n\t\t<div class=\"section-bg fill\" >\n\t\t\t\t\t\t\t\t\t\n\t\t\t\n\n\t\t<\/div>\n\n\t\t\n\n\t\t<div class=\"section-content relative\">\n\t\t\t\n\n<div class=\"row row-large align-middle\"  id=\"row-518986842\">\n\n\n\t<div id=\"col-392871111\" class=\"col medium-6 small-12 large-6\"  >\n\t\t\t\t<div class=\"col-inner text-left\"  >\n\t\t\t\n\t\t\t\n\n<h2 class=\"alt-font\"><span style=\"font-size: 150%;\">Entretien des semelles en cuir<\/span><\/h2>\n<p><strong>Le soin optimal de la semelle en cuir<\/strong><\/p>\n<p>N\u2019oubliez pas non plus votre semelle en cuir ! \u00c0 cause de tous les cuirs sur la chaussure, c\u2019est celle-ci qui est la plus touch\u00e9e. En usage continu, \u00e0 chaque pas que vous faites avec vos chaussures en cuir. La semelle en cuir n\u00e9cessite donc un entretien r\u00e9gulier pour maintenir sa flexibilit\u00e9 et la prot\u00e9ger de l\u2019humidit\u00e9. Avec l\u2019entretien des semelles en cuir Tapir, vous obtenez un produit \u00e0 base de mati\u00e8res premi\u00e8res naturelles qui p\u00e9n\u00e8tre profond\u00e9ment dans la semelle, la nourrissant et la prot\u00e9geant en m\u00eame temps.    <\/p>\n<a href=\"https:\/\/tapir.de\/shop\/ledersohlenpflege\/\" class=\"button primary\" >\n\t\t<span>Boutique<\/span>\n\t<\/a>\n\n\n\n\t\t<\/div>\n\t\t\t\t\t<\/div>\n\n\t\n\n\t<div id=\"col-400217825\" class=\"col medium-6 small-12 large-6\"  >\n\t\t\t\t<div class=\"col-inner text-left\"  >\n\t\t\t\n\t\t\t\n\n\t<div class=\"img has-hover x md-x lg-x y md-y lg-y\" id=\"image_244235830\">\n\t\t\t\t\t\t\t\t<div class=\"img-inner dark\" >\n\t\t\t<img loading=\"lazy\" decoding=\"async\" width=\"800\" height=\"800\" src=\"https:\/\/tapir.de\/wp-content\/uploads\/2020\/08\/Tapir-Ledersohlenpflege-800x800.png\" class=\"attachment-large size-large\" alt=\"\" srcset=\"https:\/\/tapir.de\/wp-content\/uploads\/2020\/08\/Tapir-Ledersohlenpflege-800x800.png 800w, https:\/\/tapir.de\/wp-content\/uploads\/2020\/08\/Tapir-Ledersohlenpflege-350x350.png 350w, https:\/\/tapir.de\/wp-content\/uploads\/2020\/08\/Tapir-Ledersohlenpflege-100x100.png 100w, https:\/\/tapir.de\/wp-content\/uploads\/2020\/08\/Tapir-Ledersohlenpflege-600x600.png 600w, https:\/\/tapir.de\/wp-content\/uploads\/2020\/08\/Tapir-Ledersohlenpflege-400x400.png 400w, https:\/\/tapir.de\/wp-content\/uploads\/2020\/08\/Tapir-Ledersohlenpflege-280x280.png 280w, https:\/\/tapir.de\/wp-content\/uploads\/2020\/08\/Tapir-Ledersohlenpflege-768x768.png 768w, https:\/\/tapir.de\/wp-content\/uploads\/2020\/08\/Tapir-Ledersohlenpflege.png 1000w\" sizes=\"auto, (max-width: 800px) 100vw, 800px\" \/>\t\t\t\t\t\t\n\t\t\t\t\t<\/div>\n\t\t\t\t\t\t\t\t\n<style>\n#image_244235830 {\n  width: 100%;\n}\n<\/style>\n\t<\/div>\n\t\n\n\n\t\t<\/div>\n\t\t\t\t\t<\/div>\n\n\t\n\n<\/div>\n\n\t\t<\/div>\n\n\t\t\n<style>\n#section_2114786221 {\n  padding-top: 60px;\n  padding-bottom: 60px;\n}\n<\/style>\n\t<\/section>\n\t\n\n","protected":false},"excerpt":{"rendered":"","protected":false},"author":1,"featured_media":0,"parent":20553,"menu_order":0,"comment_status":"closed","ping_status":"closed","template":"page-blank.php","meta":{"footnotes":""},"class_list":["post-20396","page","type-page","status-publish","hentry"],"yoast_head":"<!-- This site is optimized with the Yoast SEO plugin v27.3 - https:\/\/yoast.com\/product\/yoast-seo-wordpress\/ -->\n<title>Entretien des semelles en cuir - Tapir Wachswaren<\/title>\n<meta name=\"description\" content=\"Notre entretien des semelles en cuir naturel prot\u00e8ge, prend soin et prolonge la dur\u00e9e de vie de vos semelles en cuir de mani\u00e8re respectueuse de l\u2019environnement.\" \/>\n<meta name=\"robots\" content=\"index, follow, max-snippet:-1, max-image-preview:large, max-video-preview:-1\" \/>\n<link rel=\"canonical\" href=\"https:\/\/tapir.de\/fr\/entretien-des-chaussures-et-du-cuir\/entretien-des-semelles-en-cuir\/\" \/>\n<meta property=\"og:locale\" content=\"fr_FR\" \/>\n<meta property=\"og:type\" content=\"article\" \/>\n<meta property=\"og:title\" content=\"Entretien des semelles en cuir - Tapir Wachswaren\" \/>\n<meta property=\"og:description\" content=\"Notre entretien des semelles en cuir naturel prot\u00e8ge, prend soin et prolonge la dur\u00e9e de vie de vos semelles en cuir de mani\u00e8re respectueuse de l\u2019environnement.\" \/>\n<meta property=\"og:url\" content=\"https:\/\/tapir.de\/fr\/entretien-des-chaussures-et-du-cuir\/entretien-des-semelles-en-cuir\/\" \/>\n<meta property=\"og:site_name\" content=\"Tapir Wachswaren\" \/>\n<meta property=\"article:publisher\" content=\"https:\/\/www.facebook.com\/TapirWachswaren\/\" \/>\n<meta property=\"article:modified_time\" content=\"2026-01-26T12:01:56+00:00\" \/>\n<meta name=\"twitter:card\" content=\"summary_large_image\" \/>\n<meta name=\"twitter:label1\" content=\"Dur\u00e9e de lecture estim\u00e9e\" \/>\n\t<meta name=\"twitter:data1\" content=\"3 minutes\" \/>\n<script type=\"application\/ld+json\" class=\"yoast-schema-graph\">{\"@context\":\"https:\\\/\\\/schema.org\",\"@graph\":[{\"@type\":\"WebPage\",\"@id\":\"https:\\\/\\\/tapir.de\\\/fr\\\/entretien-des-chaussures-et-du-cuir\\\/entretien-des-semelles-en-cuir\\\/\",\"url\":\"https:\\\/\\\/tapir.de\\\/fr\\\/entretien-des-chaussures-et-du-cuir\\\/entretien-des-semelles-en-cuir\\\/\",\"name\":\"Entretien des semelles en cuir - Tapir Wachswaren\",\"isPartOf\":{\"@id\":\"https:\\\/\\\/tapir.de\\\/fr\\\/?lang=en\\\/#website\"},\"datePublished\":\"2026-01-26T12:01:15+00:00\",\"dateModified\":\"2026-01-26T12:01:56+00:00\",\"description\":\"Notre entretien des semelles en cuir naturel prot\u00e8ge, prend soin et prolonge la dur\u00e9e de vie de vos semelles en cuir de mani\u00e8re respectueuse de l\u2019environnement.\",\"breadcrumb\":{\"@id\":\"https:\\\/\\\/tapir.de\\\/fr\\\/entretien-des-chaussures-et-du-cuir\\\/entretien-des-semelles-en-cuir\\\/#breadcrumb\"},\"inLanguage\":\"fr-FR\",\"potentialAction\":[{\"@type\":\"ReadAction\",\"target\":[\"https:\\\/\\\/tapir.de\\\/fr\\\/entretien-des-chaussures-et-du-cuir\\\/entretien-des-semelles-en-cuir\\\/\"]}]},{\"@type\":\"BreadcrumbList\",\"@id\":\"https:\\\/\\\/tapir.de\\\/fr\\\/entretien-des-chaussures-et-du-cuir\\\/entretien-des-semelles-en-cuir\\\/#breadcrumb\",\"itemListElement\":[{\"@type\":\"ListItem\",\"position\":1,\"name\":\"Startseite\",\"item\":\"https:\\\/\\\/tapir.de\\\/fr\\\/\"},{\"@type\":\"ListItem\",\"position\":2,\"name\":\"Entretien des chaussures et du cuir\",\"item\":\"https:\\\/\\\/tapir.de\\\/fr\\\/schuh-und-lederpflege\\\/\"},{\"@type\":\"ListItem\",\"position\":3,\"name\":\"Entretien des semelles en cuir\"}]},{\"@type\":\"WebSite\",\"@id\":\"https:\\\/\\\/tapir.de\\\/fr\\\/?lang=en\\\/#website\",\"url\":\"https:\\\/\\\/tapir.de\\\/fr\\\/?lang=en\\\/\",\"name\":\"Tapir Wachswaren\",\"description\":\"Nat\u00fcrliche Pflegeprodukte f\u00fcr Leder, Textil und Holz\",\"publisher\":{\"@id\":\"https:\\\/\\\/tapir.de\\\/fr\\\/?lang=en\\\/#organization\"},\"potentialAction\":[{\"@type\":\"SearchAction\",\"target\":{\"@type\":\"EntryPoint\",\"urlTemplate\":\"https:\\\/\\\/tapir.de\\\/fr\\\/?lang=en\\\/?s={search_term_string}\"},\"query-input\":{\"@type\":\"PropertyValueSpecification\",\"valueRequired\":true,\"valueName\":\"search_term_string\"}}],\"inLanguage\":\"fr-FR\"},{\"@type\":\"Organization\",\"@id\":\"https:\\\/\\\/tapir.de\\\/fr\\\/?lang=en\\\/#organization\",\"name\":\"Tapir Wachswaren\",\"url\":\"https:\\\/\\\/tapir.de\\\/fr\\\/?lang=en\\\/\",\"logo\":{\"@type\":\"ImageObject\",\"inLanguage\":\"fr-FR\",\"@id\":\"https:\\\/\\\/tapir.de\\\/fr\\\/?lang=en\\\/#\\\/schema\\\/logo\\\/image\\\/\",\"url\":\"https:\\\/\\\/tapir.de\\\/wp-content\\\/uploads\\\/2020\\\/11\\\/cropped-TAPIR_Wachswaren_logo.png\",\"contentUrl\":\"https:\\\/\\\/tapir.de\\\/wp-content\\\/uploads\\\/2020\\\/11\\\/cropped-TAPIR_Wachswaren_logo.png\",\"width\":512,\"height\":512,\"caption\":\"Tapir Wachswaren\"},\"image\":{\"@id\":\"https:\\\/\\\/tapir.de\\\/fr\\\/?lang=en\\\/#\\\/schema\\\/logo\\\/image\\\/\"},\"sameAs\":[\"https:\\\/\\\/www.facebook.com\\\/TapirWachswaren\\\/\",\"https:\\\/\\\/www.instagram.com\\\/tapir_pflegeprodukte\\\/?hl=de\"]}]}<\/script>\n<!-- \/ Yoast SEO plugin. -->","yoast_head_json":{"title":"Entretien des semelles en cuir - Tapir Wachswaren","description":"Notre entretien des semelles en cuir naturel prot\u00e8ge, prend soin et prolonge la dur\u00e9e de vie de vos semelles en cuir de mani\u00e8re respectueuse de l\u2019environnement.","robots":{"index":"index","follow":"follow","max-snippet":"max-snippet:-1","max-image-preview":"max-image-preview:large","max-video-preview":"max-video-preview:-1"},"canonical":"https:\/\/tapir.de\/fr\/entretien-des-chaussures-et-du-cuir\/entretien-des-semelles-en-cuir\/","og_locale":"fr_FR","og_type":"article","og_title":"Entretien des semelles en cuir - Tapir Wachswaren","og_description":"Notre entretien des semelles en cuir naturel prot\u00e8ge, prend soin et prolonge la dur\u00e9e de vie de vos semelles en cuir de mani\u00e8re respectueuse de l\u2019environnement.","og_url":"https:\/\/tapir.de\/fr\/entretien-des-chaussures-et-du-cuir\/entretien-des-semelles-en-cuir\/","og_site_name":"Tapir Wachswaren","article_publisher":"https:\/\/www.facebook.com\/TapirWachswaren\/","article_modified_time":"2026-01-26T12:01:56+00:00","twitter_card":"summary_large_image","twitter_misc":{"Dur\u00e9e de lecture estim\u00e9e":"3 minutes"},"schema":{"@context":"https:\/\/schema.org","@graph":[{"@type":"WebPage","@id":"https:\/\/tapir.de\/fr\/entretien-des-chaussures-et-du-cuir\/entretien-des-semelles-en-cuir\/","url":"https:\/\/tapir.de\/fr\/entretien-des-chaussures-et-du-cuir\/entretien-des-semelles-en-cuir\/","name":"Entretien des semelles en cuir - Tapir Wachswaren","isPartOf":{"@id":"https:\/\/tapir.de\/fr\/?lang=en\/#website"},"datePublished":"2026-01-26T12:01:15+00:00","dateModified":"2026-01-26T12:01:56+00:00","description":"Notre entretien des semelles en cuir naturel prot\u00e8ge, prend soin et prolonge la dur\u00e9e de vie de vos semelles en cuir de mani\u00e8re respectueuse de l\u2019environnement.","breadcrumb":{"@id":"https:\/\/tapir.de\/fr\/entretien-des-chaussures-et-du-cuir\/entretien-des-semelles-en-cuir\/#breadcrumb"},"inLanguage":"fr-FR","potentialAction":[{"@type":"ReadAction","target":["https:\/\/tapir.de\/fr\/entretien-des-chaussures-et-du-cuir\/entretien-des-semelles-en-cuir\/"]}]},{"@type":"BreadcrumbList","@id":"https:\/\/tapir.de\/fr\/entretien-des-chaussures-et-du-cuir\/entretien-des-semelles-en-cuir\/#breadcrumb","itemListElement":[{"@type":"ListItem","position":1,"name":"Startseite","item":"https:\/\/tapir.de\/fr\/"},{"@type":"ListItem","position":2,"name":"Entretien des chaussures et du cuir","item":"https:\/\/tapir.de\/fr\/schuh-und-lederpflege\/"},{"@type":"ListItem","position":3,"name":"Entretien des semelles en cuir"}]},{"@type":"WebSite","@id":"https:\/\/tapir.de\/fr\/?lang=en\/#website","url":"https:\/\/tapir.de\/fr\/?lang=en\/","name":"Tapir Wachswaren","description":"Nat\u00fcrliche Pflegeprodukte f\u00fcr Leder, Textil und Holz","publisher":{"@id":"https:\/\/tapir.de\/fr\/?lang=en\/#organization"},"potentialAction":[{"@type":"SearchAction","target":{"@type":"EntryPoint","urlTemplate":"https:\/\/tapir.de\/fr\/?lang=en\/?s={search_term_string}"},"query-input":{"@type":"PropertyValueSpecification","valueRequired":true,"valueName":"search_term_string"}}],"inLanguage":"fr-FR"},{"@type":"Organization","@id":"https:\/\/tapir.de\/fr\/?lang=en\/#organization","name":"Tapir Wachswaren","url":"https:\/\/tapir.de\/fr\/?lang=en\/","logo":{"@type":"ImageObject","inLanguage":"fr-FR","@id":"https:\/\/tapir.de\/fr\/?lang=en\/#\/schema\/logo\/image\/","url":"https:\/\/tapir.de\/wp-content\/uploads\/2020\/11\/cropped-TAPIR_Wachswaren_logo.png","contentUrl":"https:\/\/tapir.de\/wp-content\/uploads\/2020\/11\/cropped-TAPIR_Wachswaren_logo.png","width":512,"height":512,"caption":"Tapir Wachswaren"},"image":{"@id":"https:\/\/tapir.de\/fr\/?lang=en\/#\/schema\/logo\/image\/"},"sameAs":["https:\/\/www.facebook.com\/TapirWachswaren\/","https:\/\/www.instagram.com\/tapir_pflegeprodukte\/?hl=de"]}]}},"_links":{"self":[{"href":"https:\/\/tapir.de\/fr\/wp-json\/wp\/v2\/pages\/20396","targetHints":{"allow":["GET"]}}],"collection":[{"href":"https:\/\/tapir.de\/fr\/wp-json\/wp\/v2\/pages"}],"about":[{"href":"https:\/\/tapir.de\/fr\/wp-json\/wp\/v2\/types\/page"}],"author":[{"embeddable":true,"href":"https:\/\/tapir.de\/fr\/wp-json\/wp\/v2\/users\/1"}],"replies":[{"embeddable":true,"href":"https:\/\/tapir.de\/fr\/wp-json\/wp\/v2\/comments?post=20396"}],"version-history":[{"count":0,"href":"https:\/\/tapir.de\/fr\/wp-json\/wp\/v2\/pages\/20396\/revisions"}],"up":[{"embeddable":true,"href":"https:\/\/tapir.de\/fr\/wp-json\/wp\/v2\/pages\/20553"}],"wp:attachment":[{"href":"https:\/\/tapir.de\/fr\/wp-json\/wp\/v2\/media?parent=20396"}],"curies":[{"name":"wp","href":"https:\/\/api.w.org\/{rel}","templated":true}]}}