{"id":20392,"date":"2026-01-26T13:01:12","date_gmt":"2026-01-26T12:01:12","guid":{"rendered":"https:\/\/tapir.de\/methodes-de-paiement\/"},"modified":"2026-01-26T13:01:40","modified_gmt":"2026-01-26T12:01:40","slug":"methodes-de-paiement","status":"publish","type":"page","link":"https:\/\/tapir.de\/fr\/methodes-de-paiement\/","title":{"rendered":"M\u00e9thodes de paiement"},"content":{"rendered":"\n<div class=\"row\"  id=\"row-1557680169\">\n\n\n\t<div id=\"col-2101034397\" class=\"col small-12 large-12\"  >\n\t\t\t\t<div class=\"col-inner\"  >\n\t\t\t\n\t\t\t\n\n<h1><strong><br>M\u00e9thodes de paiement<\/strong><\/h1>\n<p>Nous vous proposons les m\u00e9thodes de paiement suivantes, il vous suffit de choisir celle qui vous convient le mieux. Les frais d\u2019exp\u00e9dition d\u00e9pendent en partie du mode de paiement choisi. Les prix indiqu\u00e9s dans les offres respectives repr\u00e9sentent les prix finaux. Ils incluent toutes les composantes de prix, y compris les taxes applicables telles que la TVA. Ce n\u2019est qu\u2019en cas de livraisons transfrontali\u00e8res que vous pouvez payer des taxes suppl\u00e9mentaires (par exemple en cas d\u2019acquisition intra-communautaire) et\/ou droits (par exemple droits de douane) dans des cas individuels, mais pas au vendeur, mais aux autorit\u00e9s douani\u00e8res ou fiscales responsables. Les frais de livraison et d\u2019exp\u00e9dition engag\u00e9s ne sont pas inclus dans le prix d\u2019achat, ils peuvent \u00eatre consult\u00e9s via la page \u00ab Frais de port \u00bb, sont indiqu\u00e9s s\u00e9par\u00e9ment au cours du processus de commande et doivent \u00eatre pris en charge par vous en plus. Nous nous r\u00e9servons le droit d\u2019exclure les modes de paiement individuels, m\u00eame apr\u00e8s votre commande.       <\/p>\n<p><strong><em>\u00c0 la carte<\/em><\/strong><br>Apr\u00e8s r\u00e9ception de la facture, vous transf\u00e9rez le montant \u00e0 payer sur notre compte bancaire dans la p\u00e9riode de paiement sp\u00e9cifi\u00e9e dans la facture.  <\/p>\n<p><em><strong>Paiement anticip\u00e9<\/strong><br><\/em>Si vous payez d\u2019avance, vous recevrez un message \u00e9lectronique indiquant le montant \u00e0 payer et nos coordonn\u00e9es bancaires. Lorsque votre paiement est cr\u00e9dit\u00e9 sur nos comptes, les produits command\u00e9s vous seront imm\u00e9diatement exp\u00e9di\u00e9s s\u2019ils sont disponibles. <\/p>\n<p><strong><em>Virement bancaire instantan\u00e9<\/em><br><\/strong>Le paiement se fait par virement bancaire en ligne depuis votre compte bancaire. Presque toutes les banques allemandes sont affili\u00e9es (y compris les caisses d\u2019\u00e9pargne, les banques coop\u00e9ratives, DKB et Postbank). Apr\u00e8s avoir saisi votre code bancaire et votre num\u00e9ro de compte, vous pouvez payer en toute s\u00e9curit\u00e9 via la banque en ligne directement depuis votre compte courant (avec code PIN et TAN). La condition pr\u00e9alable est que vous ayez un compte courant activ\u00e9 pour la banque en ligne. L\u2019inscription ou l\u2019inscription n\u2019est pas requise pour cela.    <\/p>\n<p><em><strong>Carte de cr\u00e9dit<\/strong><\/em><br>Payez facilement par carte de cr\u00e9dit. Nous acceptons les cartes de cr\u00e9dit suivantes : Visa, Mastercard, American Express. <\/p>\n<p><em><strong>PayPal<\/strong><\/em><br>Payez facilement via PayPal. Cela vous m\u00e8nera \u00e0 une page PayPal pour autoriser le paiement. <\/p>\n\n\t\t<\/div>\n\t\t\t\t\t<\/div>\n\n\t\n\n<\/div>\n\n","protected":false},"excerpt":{"rendered":"","protected":false},"author":1,"featured_media":0,"parent":0,"menu_order":0,"comment_status":"closed","ping_status":"closed","template":"page-blank.php","meta":{"footnotes":""},"class_list":["post-20392","page","type-page","status-publish","hentry"],"yoast_head":"<!-- This site is optimized with the Yoast SEO plugin v27.5 - https:\/\/yoast.com\/product\/yoast-seo-wordpress\/ -->\n<title>M\u00e9thodes de paiement - Tapir Wachswaren<\/title>\n<meta name=\"description\" content=\"D\u00e9couvrez nos options de paiement flexibles \u2013 s\u00e9curis\u00e9es, faciles et pratiques pour une exp\u00e9rience d\u2019achat fluide.\" \/>\n<meta name=\"robots\" content=\"index, follow, max-snippet:-1, max-image-preview:large, max-video-preview:-1\" \/>\n<link rel=\"canonical\" href=\"https:\/\/tapir.de\/fr\/methodes-de-paiement\/\" \/>\n<meta property=\"og:locale\" content=\"fr_FR\" \/>\n<meta property=\"og:type\" content=\"article\" \/>\n<meta property=\"og:title\" content=\"M\u00e9thodes de paiement - Tapir Wachswaren\" \/>\n<meta property=\"og:description\" content=\"D\u00e9couvrez nos options de paiement flexibles \u2013 s\u00e9curis\u00e9es, faciles et pratiques pour une exp\u00e9rience d\u2019achat fluide.\" \/>\n<meta property=\"og:url\" content=\"https:\/\/tapir.de\/fr\/methodes-de-paiement\/\" \/>\n<meta property=\"og:site_name\" content=\"Tapir Wachswaren\" \/>\n<meta property=\"article:publisher\" content=\"https:\/\/www.facebook.com\/TapirWachswaren\/\" \/>\n<meta property=\"article:modified_time\" content=\"2026-01-26T12:01:40+00:00\" \/>\n<meta name=\"twitter:card\" content=\"summary_large_image\" \/>\n<meta name=\"twitter:label1\" content=\"Dur\u00e9e de lecture estim\u00e9e\" \/>\n\t<meta name=\"twitter:data1\" content=\"2 minutes\" \/>\n<script type=\"application\/ld+json\" class=\"yoast-schema-graph\">{\"@context\":\"https:\\\/\\\/schema.org\",\"@graph\":[{\"@type\":\"WebPage\",\"@id\":\"https:\\\/\\\/tapir.de\\\/fr\\\/methodes-de-paiement\\\/\",\"url\":\"https:\\\/\\\/tapir.de\\\/fr\\\/methodes-de-paiement\\\/\",\"name\":\"M\u00e9thodes de paiement - Tapir Wachswaren\",\"isPartOf\":{\"@id\":\"https:\\\/\\\/tapir.de\\\/fr\\\/?lang=en\\\/#website\"},\"datePublished\":\"2026-01-26T12:01:12+00:00\",\"dateModified\":\"2026-01-26T12:01:40+00:00\",\"description\":\"D\u00e9couvrez nos options de paiement flexibles \u2013 s\u00e9curis\u00e9es, faciles et pratiques pour une exp\u00e9rience d\u2019achat fluide.\",\"breadcrumb\":{\"@id\":\"https:\\\/\\\/tapir.de\\\/fr\\\/methodes-de-paiement\\\/#breadcrumb\"},\"inLanguage\":\"fr-FR\",\"potentialAction\":[{\"@type\":\"ReadAction\",\"target\":[\"https:\\\/\\\/tapir.de\\\/fr\\\/methodes-de-paiement\\\/\"]}]},{\"@type\":\"BreadcrumbList\",\"@id\":\"https:\\\/\\\/tapir.de\\\/fr\\\/methodes-de-paiement\\\/#breadcrumb\",\"itemListElement\":[{\"@type\":\"ListItem\",\"position\":1,\"name\":\"Startseite\",\"item\":\"https:\\\/\\\/tapir.de\\\/fr\\\/\"},{\"@type\":\"ListItem\",\"position\":2,\"name\":\"M\u00e9thodes de paiement\"}]},{\"@type\":\"WebSite\",\"@id\":\"https:\\\/\\\/tapir.de\\\/fr\\\/?lang=en\\\/#website\",\"url\":\"https:\\\/\\\/tapir.de\\\/fr\\\/?lang=en\\\/\",\"name\":\"Tapir Wachswaren\",\"description\":\"Nat\u00fcrliche Pflegeprodukte f\u00fcr Leder, Textil und Holz\",\"publisher\":{\"@id\":\"https:\\\/\\\/tapir.de\\\/fr\\\/?lang=en\\\/#organization\"},\"potentialAction\":[{\"@type\":\"SearchAction\",\"target\":{\"@type\":\"EntryPoint\",\"urlTemplate\":\"https:\\\/\\\/tapir.de\\\/fr\\\/?lang=en\\\/?s={search_term_string}\"},\"query-input\":{\"@type\":\"PropertyValueSpecification\",\"valueRequired\":true,\"valueName\":\"search_term_string\"}}],\"inLanguage\":\"fr-FR\"},{\"@type\":\"Organization\",\"@id\":\"https:\\\/\\\/tapir.de\\\/fr\\\/?lang=en\\\/#organization\",\"name\":\"Tapir Wachswaren\",\"url\":\"https:\\\/\\\/tapir.de\\\/fr\\\/?lang=en\\\/\",\"logo\":{\"@type\":\"ImageObject\",\"inLanguage\":\"fr-FR\",\"@id\":\"https:\\\/\\\/tapir.de\\\/fr\\\/?lang=en\\\/#\\\/schema\\\/logo\\\/image\\\/\",\"url\":\"https:\\\/\\\/tapir.de\\\/wp-content\\\/uploads\\\/2020\\\/11\\\/cropped-TAPIR_Wachswaren_logo.png\",\"contentUrl\":\"https:\\\/\\\/tapir.de\\\/wp-content\\\/uploads\\\/2020\\\/11\\\/cropped-TAPIR_Wachswaren_logo.png\",\"width\":512,\"height\":512,\"caption\":\"Tapir Wachswaren\"},\"image\":{\"@id\":\"https:\\\/\\\/tapir.de\\\/fr\\\/?lang=en\\\/#\\\/schema\\\/logo\\\/image\\\/\"},\"sameAs\":[\"https:\\\/\\\/www.facebook.com\\\/TapirWachswaren\\\/\",\"https:\\\/\\\/www.instagram.com\\\/tapir_pflegeprodukte\\\/?hl=de\"]}]}<\/script>\n<!-- \/ Yoast SEO plugin. -->","yoast_head_json":{"title":"M\u00e9thodes de paiement - Tapir Wachswaren","description":"D\u00e9couvrez nos options de paiement flexibles \u2013 s\u00e9curis\u00e9es, faciles et pratiques pour une exp\u00e9rience d\u2019achat fluide.","robots":{"index":"index","follow":"follow","max-snippet":"max-snippet:-1","max-image-preview":"max-image-preview:large","max-video-preview":"max-video-preview:-1"},"canonical":"https:\/\/tapir.de\/fr\/methodes-de-paiement\/","og_locale":"fr_FR","og_type":"article","og_title":"M\u00e9thodes de paiement - Tapir Wachswaren","og_description":"D\u00e9couvrez nos options de paiement flexibles \u2013 s\u00e9curis\u00e9es, faciles et pratiques pour une exp\u00e9rience d\u2019achat fluide.","og_url":"https:\/\/tapir.de\/fr\/methodes-de-paiement\/","og_site_name":"Tapir Wachswaren","article_publisher":"https:\/\/www.facebook.com\/TapirWachswaren\/","article_modified_time":"2026-01-26T12:01:40+00:00","twitter_card":"summary_large_image","twitter_misc":{"Dur\u00e9e de lecture estim\u00e9e":"2 minutes"},"schema":{"@context":"https:\/\/schema.org","@graph":[{"@type":"WebPage","@id":"https:\/\/tapir.de\/fr\/methodes-de-paiement\/","url":"https:\/\/tapir.de\/fr\/methodes-de-paiement\/","name":"M\u00e9thodes de paiement - Tapir Wachswaren","isPartOf":{"@id":"https:\/\/tapir.de\/fr\/?lang=en\/#website"},"datePublished":"2026-01-26T12:01:12+00:00","dateModified":"2026-01-26T12:01:40+00:00","description":"D\u00e9couvrez nos options de paiement flexibles \u2013 s\u00e9curis\u00e9es, faciles et pratiques pour une exp\u00e9rience d\u2019achat fluide.","breadcrumb":{"@id":"https:\/\/tapir.de\/fr\/methodes-de-paiement\/#breadcrumb"},"inLanguage":"fr-FR","potentialAction":[{"@type":"ReadAction","target":["https:\/\/tapir.de\/fr\/methodes-de-paiement\/"]}]},{"@type":"BreadcrumbList","@id":"https:\/\/tapir.de\/fr\/methodes-de-paiement\/#breadcrumb","itemListElement":[{"@type":"ListItem","position":1,"name":"Startseite","item":"https:\/\/tapir.de\/fr\/"},{"@type":"ListItem","position":2,"name":"M\u00e9thodes de paiement"}]},{"@type":"WebSite","@id":"https:\/\/tapir.de\/fr\/?lang=en\/#website","url":"https:\/\/tapir.de\/fr\/?lang=en\/","name":"Tapir Wachswaren","description":"Nat\u00fcrliche Pflegeprodukte f\u00fcr Leder, Textil und Holz","publisher":{"@id":"https:\/\/tapir.de\/fr\/?lang=en\/#organization"},"potentialAction":[{"@type":"SearchAction","target":{"@type":"EntryPoint","urlTemplate":"https:\/\/tapir.de\/fr\/?lang=en\/?s={search_term_string}"},"query-input":{"@type":"PropertyValueSpecification","valueRequired":true,"valueName":"search_term_string"}}],"inLanguage":"fr-FR"},{"@type":"Organization","@id":"https:\/\/tapir.de\/fr\/?lang=en\/#organization","name":"Tapir Wachswaren","url":"https:\/\/tapir.de\/fr\/?lang=en\/","logo":{"@type":"ImageObject","inLanguage":"fr-FR","@id":"https:\/\/tapir.de\/fr\/?lang=en\/#\/schema\/logo\/image\/","url":"https:\/\/tapir.de\/wp-content\/uploads\/2020\/11\/cropped-TAPIR_Wachswaren_logo.png","contentUrl":"https:\/\/tapir.de\/wp-content\/uploads\/2020\/11\/cropped-TAPIR_Wachswaren_logo.png","width":512,"height":512,"caption":"Tapir Wachswaren"},"image":{"@id":"https:\/\/tapir.de\/fr\/?lang=en\/#\/schema\/logo\/image\/"},"sameAs":["https:\/\/www.facebook.com\/TapirWachswaren\/","https:\/\/www.instagram.com\/tapir_pflegeprodukte\/?hl=de"]}]}},"_links":{"self":[{"href":"https:\/\/tapir.de\/fr\/wp-json\/wp\/v2\/pages\/20392","targetHints":{"allow":["GET"]}}],"collection":[{"href":"https:\/\/tapir.de\/fr\/wp-json\/wp\/v2\/pages"}],"about":[{"href":"https:\/\/tapir.de\/fr\/wp-json\/wp\/v2\/types\/page"}],"author":[{"embeddable":true,"href":"https:\/\/tapir.de\/fr\/wp-json\/wp\/v2\/users\/1"}],"replies":[{"embeddable":true,"href":"https:\/\/tapir.de\/fr\/wp-json\/wp\/v2\/comments?post=20392"}],"version-history":[{"count":0,"href":"https:\/\/tapir.de\/fr\/wp-json\/wp\/v2\/pages\/20392\/revisions"}],"wp:attachment":[{"href":"https:\/\/tapir.de\/fr\/wp-json\/wp\/v2\/media?parent=20392"}],"curies":[{"name":"wp","href":"https:\/\/api.w.org\/{rel}","templated":true}]}}