{"id":20341,"date":"2026-01-26T13:01:08","date_gmt":"2026-01-26T12:01:08","guid":{"rendered":"https:\/\/tapir.de\/huile-de-cuir\/"},"modified":"2026-01-26T13:01:56","modified_gmt":"2026-01-26T12:01:56","slug":"huile-de-cuir","status":"publish","type":"page","link":"https:\/\/tapir.de\/fr\/entretien-des-chaussures-et-du-cuir\/huile-de-cuir\/","title":{"rendered":"Huile de cuir"},"content":{"rendered":"\n\n  <div class=\"banner has-hover\" id=\"banner-1636988698\">\n          <div class=\"banner-inner fill\">\n        <div class=\"banner-bg fill\" >\n            <img loading=\"lazy\" decoding=\"async\" width=\"1020\" height=\"573\" src=\"https:\/\/tapir.de\/wp-content\/uploads\/2024\/11\/Lederoel-1400x787.jpg\" class=\"bg attachment-large size-large\" alt=\"\" \/>                                    \n                    <\/div>\n\t\t\n\t<div class=\"ux-shape-divider ux-shape-divider--bottom ux-shape-divider--style-waves-opacity\">\n\t\t<svg viewBox=\"0 0 1000 300\" xmlns=\"http:\/\/www.w3.org\/2000\/svg\" preserveAspectRatio=\"none\">\n    <path class=\"ux-shape-fill\" d=\"M0 300L-1 69.71C216 57 299.47 198.86 403 226C506 253 577 196 660 197C740 198 790.09 234.07 874 267C935.23 291 982 282.61 1000 277.61V300H0Z\"\/>\n    <path class=\"ux-shape-fill\" opacity=\"0.5\" d=\"M1 265.094L0 50.5C217 37.79 300.47 186.36 404 213.5C507 240.5 578 196.5 661 197.5C741 198.5 787.59 239.57 871.5 272.5C932.73 296.5 980.5 284.5 998.5 279.5V298.5L1 265.094Z\"\/>\n    <path class=\"ux-shape-fill\" opacity=\"0.15\" d=\"M0.999878 244.094L-0.00012207 27C217 14.29 300.47 173.86 404 201C507 228 578 196 661 197C741 198 787.59 243.07 871.5 276C932.73 300 980.5 284.5 998.5 279.5V299L0.999878 244.094Z\"\/>\n<\/svg>\n\n\t<\/div>\n        <div class=\"banner-layers container\">\n            <div class=\"fill banner-link\"><\/div>            \n\n\n        <\/div>\n      <\/div>\n\n            \n<style>\n#banner-1636988698 {\n  padding-top: 400px;\n}\n#banner-1636988698 .banner-bg img {\n  object-position: 41% 80%;\n}\n#banner-1636988698 .ux-shape-divider--bottom svg {\n  height: 50px;\n  --divider-width: 100%;\n}\n@media (min-width:550px) {\n  #banner-1636988698 {\n    padding-top: 50%;\n  }\n  #banner-1636988698 .ux-shape-divider--bottom svg {\n    height: 100px;\n  }\n}\n<\/style>\n  <\/div>\n\n\n<div class=\"row\"  id=\"row-1074356240\">\n\n\n\t<div id=\"col-1475501827\" class=\"col small-12 large-12\"  >\n\t\t\t\t<div class=\"col-inner\"  >\n\t\t\t\n\t\t\t\n\n<header>\n<header>\n<header>\n<header>\n<h1 class=\"alt-font\"><span style=\"color: #7a0707; font-size: 200%;\"><strong>Huile de cuir de tapir \u2013 <\/strong>\u00e0 partir de mati\u00e8res premi\u00e8res naturelles :  <\/span><\/h1>\n<h2 class=\"alt-font\"><span style=\"color: #7a0707; font-size: 150%;\">Entretien et protection de votre cuir<\/span><\/h2>\n<\/header>\n<div class=\"ce-textpic ce-right ce-intext\">\n<div class=\"ce-bodytext\">\n<div class=\"group\/conversation-turn relative flex w-full min-w-0 flex-col agent-turn\">\n<div class=\"flex-col gap-1 md:gap-3\">\n<div class=\"flex flex-grow flex-col max-w-full\">\n<div class=\"min-h-&#091;20px&#093; text-message flex flex-col items-start whitespace-pre-wrap break-words &#091;.text-message+&amp;&#093;:mt-5 juice:w-full juice:items-end overflow-x-auto gap-2\" dir=\"auto\" data-message-author-role=\"assistant\" data-message-id=\"ef365aea-92b3-4eb3-8e81-ac3462f2ca85\">\n<div class=\"flex w-full flex-col gap-1 juice:empty:hidden juice:first:pt-&#091;3px&#093;\">\n<div class=\"markdown prose w-full break-words dark:prose-invert light\">\n<p>Le cuir est un mat\u00e9riau polyvalent et durable utilis\u00e9 dans de nombreux domaines de notre vie quotidienne. Qu\u2019il s\u2019agisse de chaussures, sacs, meubles ou si\u00e8ges auto, le cuir n\u00e9cessite un entretien r\u00e9gulier pour pr\u00e9server sa beaut\u00e9 et sa flexibilit\u00e9. Une fa\u00e7on de prendre soin de surfaces particuli\u00e8rement grandes est d\u2019utiliser notre huile de cuir de tapir. Ce n\u2019est pas seulement respectueux de l\u2019environnement, il est aussi doux pour le cuir, facile \u00e0 appliquer, bien entretenu et avec du v\u00e2chet profond.   <\/p>\n<h3><span style=\"color: #7a0707;\">Qu\u2019est-ce que l\u2019huile de cuir de tapir fabriqu\u00e9e \u00e0 partir de mati\u00e8res premi\u00e8res naturelles ?<\/span><\/h3>\n<p>L\u2019huile de cuir de tapir est obtenue \u00e0 partir de mati\u00e8res premi\u00e8res naturelles ainsi que de sources v\u00e9g\u00e9tales. Il ne contient aucun additif synth\u00e9tique ni produit chimique pouvant nuire au cuir ou \u00e0 l\u2019environnement. <\/p>\n<h3><span style=\"color: #7a0707;\">Avantages de l\u2019huile de cuir fabriqu\u00e9e \u00e0 partir de mati\u00e8res premi\u00e8res naturelles<\/span><\/h3>\n<ol>\n<li><strong>Soins doux<\/strong> : L\u2019huile de cuir de tapir est particuli\u00e8rement douce pour le cuir. Ils emp\u00eachent le s\u00e9chage et la fissure sans compromettre la respirabilit\u00e9 naturelle du mat\u00e9riau. <\/li>\n<li><strong>Respect de l\u2019environnement<\/strong> : Il est biod\u00e9gradable et ne pollue pas l\u2019environnement. Exempt de produits chimiques nocifs et d\u2019additifs synth\u00e9tiques. <\/li>\n<li><strong>Dur\u00e9e de vie prolong\u00e9e<\/strong> : L\u2019utilisation r\u00e9guli\u00e8re d\u2019huile de cuir de tapir prot\u00e8ge le cuir contre l\u2019usure, ce qui prolonge la dur\u00e9e de vie du cuir.<\/li>\n<li><strong>Am\u00e9lioration de l\u2019apparence<\/strong> : L\u2019huile de cuir nettoie et rafra\u00eechit la couleur du cuir. Il nourrit la profondeur du cuir. <\/li>\n<\/ol>\n<h3><span style=\"color: #7a0707;\">Application d\u2019huile de cuir naturel<\/span><\/h3>\n<p>L\u2019application de l\u2019huile de cuir est simple et efficace :<\/p>\n<ol>\n<li><strong>Nettoyage<\/strong> : Avant d\u2019appliquer l\u2019huile, nettoyez soigneusement le cuir avec un chiffon doux et du savon pour cuir de tapir et selle, si n\u00e9cessaire. Laissez-la s\u00e9cher compl\u00e8tement. <\/li>\n<li><strong>Application<\/strong> : Secouez bien l\u2019huile de cuir de tapir \u00e0 l\u2019avance ! Appliquez une petite quantit\u00e9 d\u2019huile de cuir de tapir avec un tissu en coton doux et sans peluches. Faites glisser l\u2019huile dans le cuir en mouvements circulaires.  <\/li>\n<li><strong>Laissez agir<\/strong> quelques heures ou toute la nuit pour permettre \u00e0 l\u2019huile de p\u00e9n\u00e9trer profond\u00e9ment dans les fibres.<\/li>\n<li><strong>Enlever l\u2019exc\u00e8s d\u2019huile<\/strong> : Essuyez l\u2019exc\u00e8s d\u2019huile de cuir avec un chiffon propre.<\/li>\n<\/ol>\n<p>L\u2019huile de cuir de tapir fabriqu\u00e9e \u00e0 partir de mati\u00e8res premi\u00e8res naturelles offre un excellent moyen de nettoyer et d\u2019entretenir le cuir de mani\u00e8re douce et durable. Elle prot\u00e8ge le cuir, prolonge sa dur\u00e9e de vie et pr\u00e9serve sa beaut\u00e9 naturelle. L\u2019utilisation r\u00e9guli\u00e8re de l\u2019huile de cuir de tapir maintient votre cuir souple et bien prot\u00e9g\u00e9.  <\/p>\n<\/div>\n<\/div>\n<\/div>\n<\/div>\n<\/div>\n<\/div>\n<\/div>\n<\/div>\n<\/header>\n<\/header>\n<\/header>\n\n\t\t<\/div>\n\t\t\t\t\t<\/div>\n\n\t\n\n<\/div>\n\n\t<section class=\"section\" id=\"section_1995196025\">\n\t\t<div class=\"section-bg fill\" >\n\t\t\t<img loading=\"lazy\" decoding=\"async\" width=\"1303\" height=\"867\" src=\"https:\/\/tapir.de\/wp-content\/uploads\/2020\/08\/Hintergrund-Lederoel.jpg\" class=\"bg attachment- size-\" alt=\"\" \/>\t\t\t\t\t\t\n\t\t\t\n\n\t\t<\/div>\n\n\t\t\n\n\t\t<div class=\"section-content relative\">\n\t\t\t\n\n<div class=\"row row-large align-middle\"  id=\"row-946958281\">\n\n\n\t<div id=\"col-1535820438\" class=\"col medium-6 small-12 large-6\"  >\n\t\t\t\t<div class=\"col-inner text-left\"  >\n\t\t\t\n\t\t\t\n\n<header>\n<h2 class=\"\"><span style=\"color: #ffffff;\">Huile de cuir<\/span><\/h2>\n<\/header>\n<div class=\"ce-textpic ce-right ce-intext\">\n<div class=\"ce-bodytext\">\n<p><span style=\"color: #ffffff;\">L\u2019huile de cuir de tapir est l\u00e9g\u00e8rement nettoyante, l\u00e9g\u00e8rement hydratante et r\u00e9pugnante \u00e0 l\u2019eau. Fabriqu\u00e9 \u00e0 partir de mati\u00e8res premi\u00e8res naturelles. Certifi\u00e9 NCP !  <\/span><\/p>\n<\/div>\n<\/div>\n<a href=\"https:\/\/tapir.de\/shop\/tapir-lederoel-200-ml-glasflasche\" class=\"button primary\" >\n\t\t<span>Boutique<\/span>\n\t<\/a>\n\n\n\n\t\t<\/div>\n\t\t\t\t\t<\/div>\n\n\t\n\n\t<div id=\"col-748455611\" class=\"col medium-6 small-12 large-6\"  >\n\t\t\t\t<div class=\"col-inner text-center\"  >\n\t\t\t\n\t\t\t\n\n\n\t\t<\/div>\n\t\t\t\t\t<\/div>\n\n\t\n\n<\/div>\n\n\t\t<\/div>\n\n\t\t\n<style>\n#section_1995196025 {\n  padding-top: 60px;\n  padding-bottom: 60px;\n}\n#section_1995196025 .section-bg img {\n  object-position: 70% 77%;\n}\n<\/style>\n\t<\/section>\n\t\n\n","protected":false},"excerpt":{"rendered":"","protected":false},"author":1,"featured_media":0,"parent":20553,"menu_order":0,"comment_status":"closed","ping_status":"closed","template":"page-blank.php","meta":{"footnotes":""},"class_list":["post-20341","page","type-page","status-publish","hentry"],"yoast_head":"<!-- This site is optimized with the Yoast SEO plugin v27.4 - https:\/\/yoast.com\/product\/yoast-seo-wordpress\/ -->\n<title>Huile de cuir - Tapir Wachswaren<\/title>\n<meta name=\"description\" content=\"L\u2019huile de cuir de Tapir est un produit de soins profonds pour les surfaces de cuir plus grandes, comme les sacs, les meubles ou les v\u00eatements. Fabriqu\u00e9 \u00e0 partir de mati\u00e8res premi\u00e8res naturelles !\" \/>\n<meta name=\"robots\" content=\"index, follow, max-snippet:-1, max-image-preview:large, max-video-preview:-1\" \/>\n<link rel=\"canonical\" href=\"https:\/\/tapir.de\/fr\/entretien-des-chaussures-et-du-cuir\/huile-de-cuir\/\" \/>\n<meta property=\"og:locale\" content=\"fr_FR\" \/>\n<meta property=\"og:type\" content=\"article\" \/>\n<meta property=\"og:title\" content=\"Huile de cuir - Tapir Wachswaren\" \/>\n<meta property=\"og:description\" content=\"L\u2019huile de cuir de Tapir est un produit de soins profonds pour les surfaces de cuir plus grandes, comme les sacs, les meubles ou les v\u00eatements. Fabriqu\u00e9 \u00e0 partir de mati\u00e8res premi\u00e8res naturelles !\" \/>\n<meta property=\"og:url\" content=\"https:\/\/tapir.de\/fr\/entretien-des-chaussures-et-du-cuir\/huile-de-cuir\/\" \/>\n<meta property=\"og:site_name\" content=\"Tapir Wachswaren\" \/>\n<meta property=\"article:publisher\" content=\"https:\/\/www.facebook.com\/TapirWachswaren\/\" \/>\n<meta property=\"article:modified_time\" content=\"2026-01-26T12:01:56+00:00\" \/>\n<meta name=\"twitter:card\" content=\"summary_large_image\" \/>\n<meta name=\"twitter:label1\" content=\"Dur\u00e9e de lecture estim\u00e9e\" \/>\n\t<meta name=\"twitter:data1\" content=\"3 minutes\" \/>\n<script type=\"application\/ld+json\" class=\"yoast-schema-graph\">{\"@context\":\"https:\\\/\\\/schema.org\",\"@graph\":[{\"@type\":\"WebPage\",\"@id\":\"https:\\\/\\\/tapir.de\\\/fr\\\/entretien-des-chaussures-et-du-cuir\\\/huile-de-cuir\\\/\",\"url\":\"https:\\\/\\\/tapir.de\\\/fr\\\/entretien-des-chaussures-et-du-cuir\\\/huile-de-cuir\\\/\",\"name\":\"Huile de cuir - Tapir Wachswaren\",\"isPartOf\":{\"@id\":\"https:\\\/\\\/tapir.de\\\/fr\\\/?lang=en\\\/#website\"},\"datePublished\":\"2026-01-26T12:01:08+00:00\",\"dateModified\":\"2026-01-26T12:01:56+00:00\",\"description\":\"L\u2019huile de cuir de Tapir est un produit de soins profonds pour les surfaces de cuir plus grandes, comme les sacs, les meubles ou les v\u00eatements. Fabriqu\u00e9 \u00e0 partir de mati\u00e8res premi\u00e8res naturelles !\",\"breadcrumb\":{\"@id\":\"https:\\\/\\\/tapir.de\\\/fr\\\/entretien-des-chaussures-et-du-cuir\\\/huile-de-cuir\\\/#breadcrumb\"},\"inLanguage\":\"fr-FR\",\"potentialAction\":[{\"@type\":\"ReadAction\",\"target\":[\"https:\\\/\\\/tapir.de\\\/fr\\\/entretien-des-chaussures-et-du-cuir\\\/huile-de-cuir\\\/\"]}]},{\"@type\":\"BreadcrumbList\",\"@id\":\"https:\\\/\\\/tapir.de\\\/fr\\\/entretien-des-chaussures-et-du-cuir\\\/huile-de-cuir\\\/#breadcrumb\",\"itemListElement\":[{\"@type\":\"ListItem\",\"position\":1,\"name\":\"Startseite\",\"item\":\"https:\\\/\\\/tapir.de\\\/fr\\\/\"},{\"@type\":\"ListItem\",\"position\":2,\"name\":\"Entretien des chaussures et du cuir\",\"item\":\"https:\\\/\\\/tapir.de\\\/fr\\\/schuh-und-lederpflege\\\/\"},{\"@type\":\"ListItem\",\"position\":3,\"name\":\"Huile de cuir\"}]},{\"@type\":\"WebSite\",\"@id\":\"https:\\\/\\\/tapir.de\\\/fr\\\/?lang=en\\\/#website\",\"url\":\"https:\\\/\\\/tapir.de\\\/fr\\\/?lang=en\\\/\",\"name\":\"Tapir Wachswaren\",\"description\":\"Nat\u00fcrliche Pflegeprodukte f\u00fcr Leder, Textil und Holz\",\"publisher\":{\"@id\":\"https:\\\/\\\/tapir.de\\\/fr\\\/?lang=en\\\/#organization\"},\"potentialAction\":[{\"@type\":\"SearchAction\",\"target\":{\"@type\":\"EntryPoint\",\"urlTemplate\":\"https:\\\/\\\/tapir.de\\\/fr\\\/?lang=en\\\/?s={search_term_string}\"},\"query-input\":{\"@type\":\"PropertyValueSpecification\",\"valueRequired\":true,\"valueName\":\"search_term_string\"}}],\"inLanguage\":\"fr-FR\"},{\"@type\":\"Organization\",\"@id\":\"https:\\\/\\\/tapir.de\\\/fr\\\/?lang=en\\\/#organization\",\"name\":\"Tapir Wachswaren\",\"url\":\"https:\\\/\\\/tapir.de\\\/fr\\\/?lang=en\\\/\",\"logo\":{\"@type\":\"ImageObject\",\"inLanguage\":\"fr-FR\",\"@id\":\"https:\\\/\\\/tapir.de\\\/fr\\\/?lang=en\\\/#\\\/schema\\\/logo\\\/image\\\/\",\"url\":\"https:\\\/\\\/tapir.de\\\/wp-content\\\/uploads\\\/2020\\\/11\\\/cropped-TAPIR_Wachswaren_logo.png\",\"contentUrl\":\"https:\\\/\\\/tapir.de\\\/wp-content\\\/uploads\\\/2020\\\/11\\\/cropped-TAPIR_Wachswaren_logo.png\",\"width\":512,\"height\":512,\"caption\":\"Tapir Wachswaren\"},\"image\":{\"@id\":\"https:\\\/\\\/tapir.de\\\/fr\\\/?lang=en\\\/#\\\/schema\\\/logo\\\/image\\\/\"},\"sameAs\":[\"https:\\\/\\\/www.facebook.com\\\/TapirWachswaren\\\/\",\"https:\\\/\\\/www.instagram.com\\\/tapir_pflegeprodukte\\\/?hl=de\"]}]}<\/script>\n<!-- \/ Yoast SEO plugin. -->","yoast_head_json":{"title":"Huile de cuir - Tapir Wachswaren","description":"L\u2019huile de cuir de Tapir est un produit de soins profonds pour les surfaces de cuir plus grandes, comme les sacs, les meubles ou les v\u00eatements. Fabriqu\u00e9 \u00e0 partir de mati\u00e8res premi\u00e8res naturelles !","robots":{"index":"index","follow":"follow","max-snippet":"max-snippet:-1","max-image-preview":"max-image-preview:large","max-video-preview":"max-video-preview:-1"},"canonical":"https:\/\/tapir.de\/fr\/entretien-des-chaussures-et-du-cuir\/huile-de-cuir\/","og_locale":"fr_FR","og_type":"article","og_title":"Huile de cuir - Tapir Wachswaren","og_description":"L\u2019huile de cuir de Tapir est un produit de soins profonds pour les surfaces de cuir plus grandes, comme les sacs, les meubles ou les v\u00eatements. Fabriqu\u00e9 \u00e0 partir de mati\u00e8res premi\u00e8res naturelles !","og_url":"https:\/\/tapir.de\/fr\/entretien-des-chaussures-et-du-cuir\/huile-de-cuir\/","og_site_name":"Tapir Wachswaren","article_publisher":"https:\/\/www.facebook.com\/TapirWachswaren\/","article_modified_time":"2026-01-26T12:01:56+00:00","twitter_card":"summary_large_image","twitter_misc":{"Dur\u00e9e de lecture estim\u00e9e":"3 minutes"},"schema":{"@context":"https:\/\/schema.org","@graph":[{"@type":"WebPage","@id":"https:\/\/tapir.de\/fr\/entretien-des-chaussures-et-du-cuir\/huile-de-cuir\/","url":"https:\/\/tapir.de\/fr\/entretien-des-chaussures-et-du-cuir\/huile-de-cuir\/","name":"Huile de cuir - Tapir Wachswaren","isPartOf":{"@id":"https:\/\/tapir.de\/fr\/?lang=en\/#website"},"datePublished":"2026-01-26T12:01:08+00:00","dateModified":"2026-01-26T12:01:56+00:00","description":"L\u2019huile de cuir de Tapir est un produit de soins profonds pour les surfaces de cuir plus grandes, comme les sacs, les meubles ou les v\u00eatements. Fabriqu\u00e9 \u00e0 partir de mati\u00e8res premi\u00e8res naturelles !","breadcrumb":{"@id":"https:\/\/tapir.de\/fr\/entretien-des-chaussures-et-du-cuir\/huile-de-cuir\/#breadcrumb"},"inLanguage":"fr-FR","potentialAction":[{"@type":"ReadAction","target":["https:\/\/tapir.de\/fr\/entretien-des-chaussures-et-du-cuir\/huile-de-cuir\/"]}]},{"@type":"BreadcrumbList","@id":"https:\/\/tapir.de\/fr\/entretien-des-chaussures-et-du-cuir\/huile-de-cuir\/#breadcrumb","itemListElement":[{"@type":"ListItem","position":1,"name":"Startseite","item":"https:\/\/tapir.de\/fr\/"},{"@type":"ListItem","position":2,"name":"Entretien des chaussures et du cuir","item":"https:\/\/tapir.de\/fr\/schuh-und-lederpflege\/"},{"@type":"ListItem","position":3,"name":"Huile de cuir"}]},{"@type":"WebSite","@id":"https:\/\/tapir.de\/fr\/?lang=en\/#website","url":"https:\/\/tapir.de\/fr\/?lang=en\/","name":"Tapir Wachswaren","description":"Nat\u00fcrliche Pflegeprodukte f\u00fcr Leder, Textil und Holz","publisher":{"@id":"https:\/\/tapir.de\/fr\/?lang=en\/#organization"},"potentialAction":[{"@type":"SearchAction","target":{"@type":"EntryPoint","urlTemplate":"https:\/\/tapir.de\/fr\/?lang=en\/?s={search_term_string}"},"query-input":{"@type":"PropertyValueSpecification","valueRequired":true,"valueName":"search_term_string"}}],"inLanguage":"fr-FR"},{"@type":"Organization","@id":"https:\/\/tapir.de\/fr\/?lang=en\/#organization","name":"Tapir Wachswaren","url":"https:\/\/tapir.de\/fr\/?lang=en\/","logo":{"@type":"ImageObject","inLanguage":"fr-FR","@id":"https:\/\/tapir.de\/fr\/?lang=en\/#\/schema\/logo\/image\/","url":"https:\/\/tapir.de\/wp-content\/uploads\/2020\/11\/cropped-TAPIR_Wachswaren_logo.png","contentUrl":"https:\/\/tapir.de\/wp-content\/uploads\/2020\/11\/cropped-TAPIR_Wachswaren_logo.png","width":512,"height":512,"caption":"Tapir Wachswaren"},"image":{"@id":"https:\/\/tapir.de\/fr\/?lang=en\/#\/schema\/logo\/image\/"},"sameAs":["https:\/\/www.facebook.com\/TapirWachswaren\/","https:\/\/www.instagram.com\/tapir_pflegeprodukte\/?hl=de"]}]}},"_links":{"self":[{"href":"https:\/\/tapir.de\/fr\/wp-json\/wp\/v2\/pages\/20341","targetHints":{"allow":["GET"]}}],"collection":[{"href":"https:\/\/tapir.de\/fr\/wp-json\/wp\/v2\/pages"}],"about":[{"href":"https:\/\/tapir.de\/fr\/wp-json\/wp\/v2\/types\/page"}],"author":[{"embeddable":true,"href":"https:\/\/tapir.de\/fr\/wp-json\/wp\/v2\/users\/1"}],"replies":[{"embeddable":true,"href":"https:\/\/tapir.de\/fr\/wp-json\/wp\/v2\/comments?post=20341"}],"version-history":[{"count":0,"href":"https:\/\/tapir.de\/fr\/wp-json\/wp\/v2\/pages\/20341\/revisions"}],"up":[{"embeddable":true,"href":"https:\/\/tapir.de\/fr\/wp-json\/wp\/v2\/pages\/20553"}],"wp:attachment":[{"href":"https:\/\/tapir.de\/fr\/wp-json\/wp\/v2\/media?parent=20341"}],"curies":[{"name":"wp","href":"https:\/\/api.w.org\/{rel}","templated":true}]}}