{"id":20276,"date":"2026-01-26T13:01:00","date_gmt":"2026-01-26T12:01:00","guid":{"rendered":"https:\/\/tapir.de\/impregnation-de-cuir-pour-chaussures-en-cuir-lisse\/"},"modified":"2026-03-12T10:06:53","modified_gmt":"2026-03-12T09:06:53","slug":"impregnation-de-cuir-pour-chaussures-en-cuir-lisse","status":"publish","type":"page","link":"https:\/\/tapir.de\/fr\/entretien-des-chaussures-et-du-cuir\/impregnation-de-cuir-pour-chaussures-en-cuir-lisse\/","title":{"rendered":"Impr\u00e9gnation de cuir pour chaussures en cuir lisse"},"content":{"rendered":"\n\n  <div class=\"banner has-hover\" id=\"banner-560237148\">\n          <div class=\"banner-inner fill\">\n        <div class=\"banner-bg fill\" >\n            <img loading=\"lazy\" decoding=\"async\" width=\"1020\" height=\"425\" src=\"https:\/\/tapir.de\/wp-content\/uploads\/2021\/07\/Banner-Lederimpraegnierung-Glattleder.jpg\" class=\"bg attachment-large size-large\" alt=\"\" \/>                                    \n                    <\/div>\n\t\t\n        <div class=\"banner-layers container\">\n            <div class=\"fill banner-link\"><\/div>            \n\n   <div id=\"text-box-1828298486\" class=\"text-box banner-layer x50 md-x50 lg-x50 y50 md-y50 lg-y50 res-text\">\n                                <div class=\"text-box-content text dark\">\n              \n              <div class=\"text-inner text-center\">\n                  \n\n\n              <\/div>\n           <\/div>\n                            \n<style>\n#text-box-1828298486 {\n  width: 60%;\n}\n#text-box-1828298486 .text-box-content {\n  font-size: 100%;\n}\n<\/style>\n    <\/div>\n \n\n        <\/div>\n      <\/div>\n\n            \n<style>\n#banner-560237148 {\n  padding-top: 50%;\n}\n#banner-560237148 .banner-bg img {\n  object-position: 49% 0%;\n}\n<\/style>\n  <\/div>\n\n\n<div class=\"row\"  id=\"row-248742918\">\n\n\n\t<div id=\"col-492818871\" class=\"col small-12 large-12\"  >\n\t\t\t\t<div class=\"col-inner\"  >\n\t\t\t\n\t\t\t\n\n<header>\n<header>\n<header>\n<header>\n<h2 class=\"\"><strong><span style=\"color: #a90533;\">Lederimpr\u00e4gnierung f\u00fcr Glattlederschuhe<\/span><\/strong><\/h2>\n<\/header>\n<div class=\"ce-textpic ce-right ce-intext\">\n<div class=\"ce-bodytext\">\n<p>Die Tapir Lederimpr\u00e4gnierung f\u00fcr Velours-, Nubuk- und Wildlederschuhe ist stark wasserabweisend und hat eine leicht reinigende Wirkung. Sie frischt das Leder wieder richtig auf und feuert die Farben des Schuhs wieder regelrecht an.&nbsp;<\/p>\n<p>Die Schuhe bei Verschmutzung vor dem Einspr\u00fchen mit Wasser und mit dem <a href=\"https:\/\/tapir.de\/shop\/reiniger\">Tapir \u00ab\u00a0Drau\u00dfen unterwegs\u00a0\u00bb Reiniger<\/a> s\u00e4ubern. Nach dem Trocknen die Lederimpr\u00e4gnierung im Abstand von ca. 20-30 cm auf das Leder spr\u00fchen. Das Spr\u00fchbild ist nicht immer gleichm\u00e4\u00dfig und bildet Tr\u00f6pfchen.<\/p>\n<p>Diese Tr\u00f6pfchen bitte sofort mit einer kleinen Tapir Auftragsb\u00fcrste oder der Tapir Glanzb\u00fcrste gleichm\u00e4\u00dfig auf dem Leder verteilen und eine kurze Zeit trocknen lassen. Danach das Leder mit der <a href=\"https:\/\/tapir.de\/shop\/wildlederbuerste-mit-messingborsten\">Tapir Wildledermessingb\u00fcrste<\/a> oder einem <a href=\"https:\/\/tapir.de\/shop\/moosgummi-aus-naturkautschuk\">Moosgummi<\/a> aufrauhen. Dabei in einer Richtung arbeiten.<\/p>\n<\/div>\n<\/div>\n<h2 class=\"\">&nbsp;<\/h2>\n<\/header>\n<\/header>\n<\/header>\n\n\t\t<\/div>\n\t\t\t\t\t<\/div>\n\n\t\n\n<\/div>\n\n\t<section class=\"section\" id=\"section_1112153113\">\n\t\t<div class=\"section-bg fill\" >\n\t\t\t\t\t\t\t<div class=\"video-overlay no-click fill visible\"><\/div>\n\t<video class=\"video-bg fill visible\" preload playsinline autoplay muted loop>\n\t\t<source src=\"https:\/\/tapir.de\/wp-content\/uploads\/2021\/03\/Brauner-Schuh.mov\" type=\"video\/mp4\">\t<\/video>\n\t\t\t\n\t\t\t\n\n\t\t<\/div>\n\n\t\t\n\n\t\t<div class=\"section-content relative\">\n\t\t\t\n\n\n\t\t<\/div>\n\n\t\t\n<style>\n#section_1112153113 {\n  padding-top: 30px;\n  padding-bottom: 30px;\n  min-height: 500px;\n}\n<\/style>\n\t<\/section>\n\t\n\n\t<section class=\"section\" id=\"section_1990189594\">\n\t\t<div class=\"section-bg fill\" >\n\t\t\t<img loading=\"lazy\" decoding=\"async\" width=\"1280\" height=\"854\" src=\"https:\/\/tapir.de\/wp-content\/uploads\/2021\/07\/DSC_9636.jpeg\" class=\"bg attachment- size-\" alt=\"\" \/>\t\t\t\t\t\t\n\t\t\t\n\n\t\t<\/div>\n\n\t\t\n\n\t\t<div class=\"section-content relative\">\n\t\t\t\n\n<div class=\"row row-large align-middle\"  id=\"row-493338729\">\n\n\n\t<div id=\"col-538343484\" class=\"col medium-6 small-12 large-6\"  >\n\t\t\t\t<div class=\"col-inner text-left\"  >\n\t\t\t\n\t\t\t\n\n<header>\n<h2 class=\"\"><span style=\"color: #ffffff;\">Lederimpr\u00e4gnierung f\u00fcr Glattleder<\/span><\/h2>\n<\/header>\n<div class=\"ce-textpic ce-right ce-intext\">\n<div class=\"ce-bodytext\">\n<p><span style=\"color: #ffffff;\">Die Tapir Impr\u00e4gnierung f\u00fcr Velours-, Nubuk- u. Wildlederschuhe ist stark wasserabweisend und hat eine leicht reinigende Wirkung.<\/span><\/p>\n<\/div>\n<\/div>\n<a href=\"https:\/\/tapir.de\/produkt-category\/lederpflegeprodukte\/lederimpraegnierung\" class=\"button primary\" >\n\t\t<span>Shop<\/span>\n\t<\/a>\n\n\n\n\t\t<\/div>\n\t\t\t\t\t<\/div>\n\n\t\n\n\t<div id=\"col-742981158\" class=\"col medium-6 small-12 large-6\"  >\n\t\t\t\t<div class=\"col-inner text-center\"  >\n\t\t\t\n\t\t\t\n\n\t<div class=\"img has-hover x md-x lg-x y md-y lg-y\" id=\"image_1653799361\">\n\t\t\t\t\t\t\t\t<div class=\"img-inner dark\" >\n\t\t\t<img loading=\"lazy\" decoding=\"async\" width=\"327\" height=\"800\" src=\"https:\/\/tapir.de\/wp-content\/uploads\/2021\/07\/Lerderimpraegnierung-100ml-327x800.png\" class=\"attachment-large size-large\" alt=\"\" srcset=\"https:\/\/tapir.de\/wp-content\/uploads\/2021\/07\/Lerderimpraegnierung-100ml-327x800.png 327w, https:\/\/tapir.de\/wp-content\/uploads\/2021\/07\/Lerderimpraegnierung-100ml-163x400.png 163w, https:\/\/tapir.de\/wp-content\/uploads\/2021\/07\/Lerderimpraegnierung-100ml.png 400w\" sizes=\"auto, (max-width: 327px) 100vw, 327px\" \/>\t\t\t\t\t\t\n\t\t\t\t\t<\/div>\n\t\t\t\t\t\t\t\t\n<style>\n#image_1653799361 {\n  width: 31%;\n}\n<\/style>\n\t<\/div>\n\t\n\n\n\t\t<\/div>\n\t\t\t\t\t<\/div>\n\n\t\n\n<\/div>\n\n\t\t<\/div>\n\n\t\t\n<style>\n#section_1990189594 {\n  padding-top: 60px;\n  padding-bottom: 60px;\n}\n#section_1990189594 .section-bg img {\n  object-position: 69% 37%;\n}\n<\/style>\n\t<\/section>\n\t\n\n","protected":false},"excerpt":{"rendered":"","protected":false},"author":1,"featured_media":0,"parent":20553,"menu_order":0,"comment_status":"closed","ping_status":"closed","template":"page-blank.php","meta":{"footnotes":""},"class_list":["post-20276","page","type-page","status-publish","hentry"],"yoast_head":"<!-- This site is optimized with the Yoast SEO plugin v27.4 - https:\/\/yoast.com\/product\/yoast-seo-wordpress\/ -->\n<title>Impr\u00e9gnation de cuir pour chaussures en cuir lisse - Tapir Wachswaren<\/title>\n<meta name=\"description\" content=\"L\u2019impr\u00e9gnation du cuir pour le cuir lisse prend soin et prot\u00e8ge et est particuli\u00e8rement hydrofuge. Pour l\u2019entretien r\u00e9gulier du cuir lisse.\" \/>\n<meta name=\"robots\" content=\"index, follow, max-snippet:-1, max-image-preview:large, max-video-preview:-1\" \/>\n<link rel=\"canonical\" href=\"https:\/\/tapir.de\/fr\/entretien-des-chaussures-et-du-cuir\/impregnation-de-cuir-pour-chaussures-en-cuir-lisse\/\" \/>\n<meta property=\"og:locale\" content=\"fr_FR\" \/>\n<meta property=\"og:type\" content=\"article\" \/>\n<meta property=\"og:title\" content=\"Impr\u00e9gnation de cuir pour chaussures en cuir lisse - Tapir Wachswaren\" \/>\n<meta property=\"og:description\" content=\"L\u2019impr\u00e9gnation du cuir pour le cuir lisse prend soin et prot\u00e8ge et est particuli\u00e8rement hydrofuge. Pour l\u2019entretien r\u00e9gulier du cuir lisse.\" \/>\n<meta property=\"og:url\" content=\"https:\/\/tapir.de\/fr\/entretien-des-chaussures-et-du-cuir\/impregnation-de-cuir-pour-chaussures-en-cuir-lisse\/\" \/>\n<meta property=\"og:site_name\" content=\"Tapir Wachswaren\" \/>\n<meta property=\"article:publisher\" content=\"https:\/\/www.facebook.com\/TapirWachswaren\/\" \/>\n<meta property=\"article:modified_time\" content=\"2026-03-12T09:06:53+00:00\" \/>\n<meta name=\"twitter:card\" content=\"summary_large_image\" \/>\n<meta name=\"twitter:label1\" content=\"Dur\u00e9e de lecture estim\u00e9e\" \/>\n\t<meta name=\"twitter:data1\" content=\"1 minute\" \/>\n<script type=\"application\/ld+json\" class=\"yoast-schema-graph\">{\"@context\":\"https:\\\/\\\/schema.org\",\"@graph\":[{\"@type\":\"WebPage\",\"@id\":\"https:\\\/\\\/tapir.de\\\/fr\\\/entretien-des-chaussures-et-du-cuir\\\/impregnation-de-cuir-pour-chaussures-en-cuir-lisse\\\/\",\"url\":\"https:\\\/\\\/tapir.de\\\/fr\\\/entretien-des-chaussures-et-du-cuir\\\/impregnation-de-cuir-pour-chaussures-en-cuir-lisse\\\/\",\"name\":\"Impr\u00e9gnation de cuir pour chaussures en cuir lisse - Tapir Wachswaren\",\"isPartOf\":{\"@id\":\"https:\\\/\\\/tapir.de\\\/fr\\\/?lang=en\\\/#website\"},\"datePublished\":\"2026-01-26T12:01:00+00:00\",\"dateModified\":\"2026-03-12T09:06:53+00:00\",\"description\":\"L\u2019impr\u00e9gnation du cuir pour le cuir lisse prend soin et prot\u00e8ge et est particuli\u00e8rement hydrofuge. Pour l\u2019entretien r\u00e9gulier du cuir lisse.\",\"breadcrumb\":{\"@id\":\"https:\\\/\\\/tapir.de\\\/fr\\\/entretien-des-chaussures-et-du-cuir\\\/impregnation-de-cuir-pour-chaussures-en-cuir-lisse\\\/#breadcrumb\"},\"inLanguage\":\"fr-FR\",\"potentialAction\":[{\"@type\":\"ReadAction\",\"target\":[\"https:\\\/\\\/tapir.de\\\/fr\\\/entretien-des-chaussures-et-du-cuir\\\/impregnation-de-cuir-pour-chaussures-en-cuir-lisse\\\/\"]}]},{\"@type\":\"BreadcrumbList\",\"@id\":\"https:\\\/\\\/tapir.de\\\/fr\\\/entretien-des-chaussures-et-du-cuir\\\/impregnation-de-cuir-pour-chaussures-en-cuir-lisse\\\/#breadcrumb\",\"itemListElement\":[{\"@type\":\"ListItem\",\"position\":1,\"name\":\"Startseite\",\"item\":\"https:\\\/\\\/tapir.de\\\/fr\\\/\"},{\"@type\":\"ListItem\",\"position\":2,\"name\":\"Entretien des chaussures et du cuir\",\"item\":\"https:\\\/\\\/tapir.de\\\/fr\\\/schuh-und-lederpflege\\\/\"},{\"@type\":\"ListItem\",\"position\":3,\"name\":\"Impr\u00e9gnation de cuir pour chaussures en cuir lisse\"}]},{\"@type\":\"WebSite\",\"@id\":\"https:\\\/\\\/tapir.de\\\/fr\\\/?lang=en\\\/#website\",\"url\":\"https:\\\/\\\/tapir.de\\\/fr\\\/?lang=en\\\/\",\"name\":\"Tapir Wachswaren\",\"description\":\"Nat\u00fcrliche Pflegeprodukte f\u00fcr Leder, Textil und Holz\",\"publisher\":{\"@id\":\"https:\\\/\\\/tapir.de\\\/fr\\\/?lang=en\\\/#organization\"},\"potentialAction\":[{\"@type\":\"SearchAction\",\"target\":{\"@type\":\"EntryPoint\",\"urlTemplate\":\"https:\\\/\\\/tapir.de\\\/fr\\\/?lang=en\\\/?s={search_term_string}\"},\"query-input\":{\"@type\":\"PropertyValueSpecification\",\"valueRequired\":true,\"valueName\":\"search_term_string\"}}],\"inLanguage\":\"fr-FR\"},{\"@type\":\"Organization\",\"@id\":\"https:\\\/\\\/tapir.de\\\/fr\\\/?lang=en\\\/#organization\",\"name\":\"Tapir Wachswaren\",\"url\":\"https:\\\/\\\/tapir.de\\\/fr\\\/?lang=en\\\/\",\"logo\":{\"@type\":\"ImageObject\",\"inLanguage\":\"fr-FR\",\"@id\":\"https:\\\/\\\/tapir.de\\\/fr\\\/?lang=en\\\/#\\\/schema\\\/logo\\\/image\\\/\",\"url\":\"https:\\\/\\\/tapir.de\\\/wp-content\\\/uploads\\\/2020\\\/11\\\/cropped-TAPIR_Wachswaren_logo.png\",\"contentUrl\":\"https:\\\/\\\/tapir.de\\\/wp-content\\\/uploads\\\/2020\\\/11\\\/cropped-TAPIR_Wachswaren_logo.png\",\"width\":512,\"height\":512,\"caption\":\"Tapir Wachswaren\"},\"image\":{\"@id\":\"https:\\\/\\\/tapir.de\\\/fr\\\/?lang=en\\\/#\\\/schema\\\/logo\\\/image\\\/\"},\"sameAs\":[\"https:\\\/\\\/www.facebook.com\\\/TapirWachswaren\\\/\",\"https:\\\/\\\/www.instagram.com\\\/tapir_pflegeprodukte\\\/?hl=de\"]}]}<\/script>\n<!-- \/ Yoast SEO plugin. -->","yoast_head_json":{"title":"Impr\u00e9gnation de cuir pour chaussures en cuir lisse - Tapir Wachswaren","description":"L\u2019impr\u00e9gnation du cuir pour le cuir lisse prend soin et prot\u00e8ge et est particuli\u00e8rement hydrofuge. Pour l\u2019entretien r\u00e9gulier du cuir lisse.","robots":{"index":"index","follow":"follow","max-snippet":"max-snippet:-1","max-image-preview":"max-image-preview:large","max-video-preview":"max-video-preview:-1"},"canonical":"https:\/\/tapir.de\/fr\/entretien-des-chaussures-et-du-cuir\/impregnation-de-cuir-pour-chaussures-en-cuir-lisse\/","og_locale":"fr_FR","og_type":"article","og_title":"Impr\u00e9gnation de cuir pour chaussures en cuir lisse - Tapir Wachswaren","og_description":"L\u2019impr\u00e9gnation du cuir pour le cuir lisse prend soin et prot\u00e8ge et est particuli\u00e8rement hydrofuge. Pour l\u2019entretien r\u00e9gulier du cuir lisse.","og_url":"https:\/\/tapir.de\/fr\/entretien-des-chaussures-et-du-cuir\/impregnation-de-cuir-pour-chaussures-en-cuir-lisse\/","og_site_name":"Tapir Wachswaren","article_publisher":"https:\/\/www.facebook.com\/TapirWachswaren\/","article_modified_time":"2026-03-12T09:06:53+00:00","twitter_card":"summary_large_image","twitter_misc":{"Dur\u00e9e de lecture estim\u00e9e":"1 minute"},"schema":{"@context":"https:\/\/schema.org","@graph":[{"@type":"WebPage","@id":"https:\/\/tapir.de\/fr\/entretien-des-chaussures-et-du-cuir\/impregnation-de-cuir-pour-chaussures-en-cuir-lisse\/","url":"https:\/\/tapir.de\/fr\/entretien-des-chaussures-et-du-cuir\/impregnation-de-cuir-pour-chaussures-en-cuir-lisse\/","name":"Impr\u00e9gnation de cuir pour chaussures en cuir lisse - Tapir Wachswaren","isPartOf":{"@id":"https:\/\/tapir.de\/fr\/?lang=en\/#website"},"datePublished":"2026-01-26T12:01:00+00:00","dateModified":"2026-03-12T09:06:53+00:00","description":"L\u2019impr\u00e9gnation du cuir pour le cuir lisse prend soin et prot\u00e8ge et est particuli\u00e8rement hydrofuge. Pour l\u2019entretien r\u00e9gulier du cuir lisse.","breadcrumb":{"@id":"https:\/\/tapir.de\/fr\/entretien-des-chaussures-et-du-cuir\/impregnation-de-cuir-pour-chaussures-en-cuir-lisse\/#breadcrumb"},"inLanguage":"fr-FR","potentialAction":[{"@type":"ReadAction","target":["https:\/\/tapir.de\/fr\/entretien-des-chaussures-et-du-cuir\/impregnation-de-cuir-pour-chaussures-en-cuir-lisse\/"]}]},{"@type":"BreadcrumbList","@id":"https:\/\/tapir.de\/fr\/entretien-des-chaussures-et-du-cuir\/impregnation-de-cuir-pour-chaussures-en-cuir-lisse\/#breadcrumb","itemListElement":[{"@type":"ListItem","position":1,"name":"Startseite","item":"https:\/\/tapir.de\/fr\/"},{"@type":"ListItem","position":2,"name":"Entretien des chaussures et du cuir","item":"https:\/\/tapir.de\/fr\/schuh-und-lederpflege\/"},{"@type":"ListItem","position":3,"name":"Impr\u00e9gnation de cuir pour chaussures en cuir lisse"}]},{"@type":"WebSite","@id":"https:\/\/tapir.de\/fr\/?lang=en\/#website","url":"https:\/\/tapir.de\/fr\/?lang=en\/","name":"Tapir Wachswaren","description":"Nat\u00fcrliche Pflegeprodukte f\u00fcr Leder, Textil und Holz","publisher":{"@id":"https:\/\/tapir.de\/fr\/?lang=en\/#organization"},"potentialAction":[{"@type":"SearchAction","target":{"@type":"EntryPoint","urlTemplate":"https:\/\/tapir.de\/fr\/?lang=en\/?s={search_term_string}"},"query-input":{"@type":"PropertyValueSpecification","valueRequired":true,"valueName":"search_term_string"}}],"inLanguage":"fr-FR"},{"@type":"Organization","@id":"https:\/\/tapir.de\/fr\/?lang=en\/#organization","name":"Tapir Wachswaren","url":"https:\/\/tapir.de\/fr\/?lang=en\/","logo":{"@type":"ImageObject","inLanguage":"fr-FR","@id":"https:\/\/tapir.de\/fr\/?lang=en\/#\/schema\/logo\/image\/","url":"https:\/\/tapir.de\/wp-content\/uploads\/2020\/11\/cropped-TAPIR_Wachswaren_logo.png","contentUrl":"https:\/\/tapir.de\/wp-content\/uploads\/2020\/11\/cropped-TAPIR_Wachswaren_logo.png","width":512,"height":512,"caption":"Tapir Wachswaren"},"image":{"@id":"https:\/\/tapir.de\/fr\/?lang=en\/#\/schema\/logo\/image\/"},"sameAs":["https:\/\/www.facebook.com\/TapirWachswaren\/","https:\/\/www.instagram.com\/tapir_pflegeprodukte\/?hl=de"]}]}},"_links":{"self":[{"href":"https:\/\/tapir.de\/fr\/wp-json\/wp\/v2\/pages\/20276","targetHints":{"allow":["GET"]}}],"collection":[{"href":"https:\/\/tapir.de\/fr\/wp-json\/wp\/v2\/pages"}],"about":[{"href":"https:\/\/tapir.de\/fr\/wp-json\/wp\/v2\/types\/page"}],"author":[{"embeddable":true,"href":"https:\/\/tapir.de\/fr\/wp-json\/wp\/v2\/users\/1"}],"replies":[{"embeddable":true,"href":"https:\/\/tapir.de\/fr\/wp-json\/wp\/v2\/comments?post=20276"}],"version-history":[{"count":2,"href":"https:\/\/tapir.de\/fr\/wp-json\/wp\/v2\/pages\/20276\/revisions"}],"predecessor-version":[{"id":22825,"href":"https:\/\/tapir.de\/fr\/wp-json\/wp\/v2\/pages\/20276\/revisions\/22825"}],"up":[{"embeddable":true,"href":"https:\/\/tapir.de\/fr\/wp-json\/wp\/v2\/pages\/20553"}],"wp:attachment":[{"href":"https:\/\/tapir.de\/fr\/wp-json\/wp\/v2\/media?parent=20276"}],"curies":[{"name":"wp","href":"https:\/\/api.w.org\/{rel}","templated":true}]}}