{"id":20260,"date":"2026-01-26T13:00:54","date_gmt":"2026-01-26T12:00:54","guid":{"rendered":"https:\/\/tapir.de\/emplois\/"},"modified":"2026-01-26T13:00:55","modified_gmt":"2026-01-26T12:00:55","slug":"emplois","status":"publish","type":"page","link":"https:\/\/tapir.de\/fr\/emplois\/","title":{"rendered":"Emplois"},"content":{"rendered":"\n<div class=\"slider-wrapper relative\" id=\"slider-1941031170\" >\n    <div class=\"slider slider-nav-circle slider-nav-large slider-nav-light slider-style-normal\"\n        data-flickity-options='{\n            \"cellAlign\": \"center\",\n            \"imagesLoaded\": true,\n            \"lazyLoad\": 1,\n            \"freeScroll\": false,\n            \"wrapAround\": true,\n            \"autoPlay\": 6000,\n            \"pauseAutoPlayOnHover\" : true,\n            \"prevNextButtons\": true,\n            \"contain\" : true,\n            \"adaptiveHeight\" : true,\n            \"dragThreshold\" : 10,\n            \"percentPosition\": true,\n            \"pageDots\": true,\n            \"rightToLeft\": false,\n            \"draggable\": true,\n            \"selectedAttraction\": 0.1,\n            \"parallax\" : 0,\n            \"friction\": 0.6        }'\n        >\n        \n\n\n  <div class=\"banner has-hover\" id=\"banner-47357041\">\n          <div class=\"banner-inner fill\">\n        <div class=\"banner-bg fill\" >\n            <img loading=\"lazy\" decoding=\"async\" width=\"1020\" height=\"573\" src=\"https:\/\/tapir.de\/wp-content\/uploads\/2024\/10\/Gesamtsortiment-1400x787.jpeg\" class=\"bg attachment-large size-large\" alt=\"\" \/>                                    \n                    <\/div>\n\t\t\n\t<div class=\"ux-shape-divider ux-shape-divider--bottom ux-shape-divider--style-waves-opacity\">\n\t\t<svg viewBox=\"0 0 1000 300\" xmlns=\"http:\/\/www.w3.org\/2000\/svg\" preserveAspectRatio=\"none\">\n    <path class=\"ux-shape-fill\" d=\"M0 300L-1 69.71C216 57 299.47 198.86 403 226C506 253 577 196 660 197C740 198 790.09 234.07 874 267C935.23 291 982 282.61 1000 277.61V300H0Z\"\/>\n    <path class=\"ux-shape-fill\" opacity=\"0.5\" d=\"M1 265.094L0 50.5C217 37.79 300.47 186.36 404 213.5C507 240.5 578 196.5 661 197.5C741 198.5 787.59 239.57 871.5 272.5C932.73 296.5 980.5 284.5 998.5 279.5V298.5L1 265.094Z\"\/>\n    <path class=\"ux-shape-fill\" opacity=\"0.15\" d=\"M0.999878 244.094L-0.00012207 27C217 14.29 300.47 173.86 404 201C507 228 578 196 661 197C741 198 787.59 243.07 871.5 276C932.73 300 980.5 284.5 998.5 279.5V299L0.999878 244.094Z\"\/>\n<\/svg>\n\n\t<\/div>\n        <div class=\"banner-layers container\">\n            <div class=\"fill banner-link\"><\/div>            \n\n\n        <\/div>\n      <\/div>\n\n            \n<style>\n#banner-47357041 {\n  padding-top: 550px;\n}\n#banner-47357041 .banner-bg img {\n  object-position: 59% 100%;\n}\n#banner-47357041 .ux-shape-divider--bottom svg {\n  height: 50px;\n  --divider-width: 100%;\n}\n@media (min-width:550px) {\n  #banner-47357041 {\n    padding-top: 50%;\n  }\n  #banner-47357041 .ux-shape-divider--bottom svg {\n    height: 100px;\n  }\n}\n<\/style>\n  <\/div>\n\n\n\n     <\/div>\n\n     <div class=\"loading-spin dark large centered\"><\/div>\n\n\t<\/div>\n\n\n<div class=\"slider-wrapper relative\" id=\"slider-1569389705\" >\n    <div class=\"slider slider-nav-circle slider-nav-large slider-nav-light slider-style-normal\"\n        data-flickity-options='{\n            \"cellAlign\": \"center\",\n            \"imagesLoaded\": true,\n            \"lazyLoad\": 1,\n            \"freeScroll\": false,\n            \"wrapAround\": true,\n            \"autoPlay\": 6000,\n            \"pauseAutoPlayOnHover\" : true,\n            \"prevNextButtons\": true,\n            \"contain\" : true,\n            \"adaptiveHeight\" : true,\n            \"dragThreshold\" : 10,\n            \"percentPosition\": true,\n            \"pageDots\": true,\n            \"rightToLeft\": false,\n            \"draggable\": true,\n            \"selectedAttraction\": 0.1,\n            \"parallax\" : 0,\n            \"friction\": 0.6        }'\n        >\n        \n\n<div class=\"row\"  id=\"row-2074227818\">\n\n\n\t<div id=\"col-2139028160\" class=\"col small-12 large-12\"  >\n\t\t\t\t<div class=\"col-inner\"  >\n\t\t\t\n\t\t\t\n\n<h1 style=\"text-align: center;\"><span style=\"color: #282828; font-size: 100%;\"><strong>Emplois et carri\u00e8res chez Tapir<\/strong><\/span><\/h1>\n<h2 class=\"alt-font\" style=\"text-align: center;\"><span style=\"font-size: 200%;\">Ensemble pour un avenir durable !<\/span><\/h2>\n<div class=\"page\" title=\"Page 3\">\n<div class=\"layoutArea\">\n<div class=\"column\">\n<p data-start=\"70\" data-end=\"104\"> <\/p>\n<p style=\"text-align: center;\" data-start=\"106\" data-end=\"300\">Pour vous, l\u2019affirmation que vous ne pouvez pas faire la diff\u00e9rence en tant qu\u2019individu ne compte pas ?<br>Pouvez-vous vous identifier \u00e0 la durabilit\u00e9 et aux produits naturels ?<\/p>\n<p style=\"text-align: center;\" data-start=\"302\" data-end=\"344\">Alors rejoignez <strong data-start=\"326\" data-end=\"341\">notre \u00e9quipe Tapir<\/strong> !<\/p>\n<p style=\"text-align: center;\" data-start=\"346\" data-end=\"636\">Pour nous, il ne s\u2019agit pas de \u00ab quoi que ce soit \u00bb pour l\u2019environnement \u2013 <strong data-start=\"411\" data-end=\"460\">il s\u2019agit d\u2019apporter des contributions vraiment significatives et impactantes<\/strong>. Que ce soit dans la production, la vente, la comptabilit\u00e9 ou le d\u00e9veloppement de produits : <strong data-start=\"532\" data-end=\"573\">votre engagement fait la diff\u00e9rence<\/strong> et contribue \u00e0 ce que notre plan\u00e8te vaille la peine de vivre. <\/p>\n<p style=\"text-align: center;\" data-start=\"638\" data-end=\"743\">Nous attendons avec impatience votre demande non sollicit\u00e9e <strong>pour mail@tapir.de<\/strong><\/p>\n<\/div>\n<\/div>\n<\/div>\n\n\t\t<\/div>\n\t\t\t\t\t<\/div>\n\n\t\n\n\n<style>\n#row-2074227818 > .col > .col-inner {\n  padding: 0px 0px 0px 0px;\n}\n<\/style>\n<\/div>\n\n     <\/div>\n\n     <div class=\"loading-spin dark large centered\"><\/div>\n\n\t<\/div>\n\n\n<div class=\"row\"  id=\"row-1485899747\">\n\n\n\t<div id=\"col-557788263\" class=\"col small-12 large-12\"  >\n\t\t\t\t<div class=\"col-inner\" style=\"background-color:rgb(246, 246, 246);\" >\n\t\t\t\n\t\t\t\n\n<h2>Nous n\u2019avons actuellement aucun poste vacant<\/h2>\n<div class=\"accordion\">\n\n\n<\/div>\n\n\t\t<\/div>\n\t\t\t\t\t<\/div>\n\n\t\n\n<\/div>\n\n\t<section class=\"section\" id=\"section_1681108967\">\n\t\t<div class=\"section-bg fill\" >\n\t\t\t\t\t\t\t\t\t\n\t\t\t\n\t<div class=\"is-border\"\n\t\tstyle=\"border-color:rgb(235, 235, 235);border-width:0px 0px 0px 0px;\">\n\t<\/div>\n\n\t\t<\/div>\n\n\t\t\n\n\t\t<div class=\"section-content relative\">\n\t\t\t\n\n<div class=\"row row-large align-middle align-center\"  id=\"row-867177692\">\n\n\n\t<div id=\"col-1535702935\" class=\"col medium-6 small-12 large-6\"  >\n\t\t\t\t<div class=\"col-inner text-center\"  >\n\t\t\t\n\t\t\t\n\n<p style=\"text-align: center;\"><span style=\"font-size: 100%;\">Nous sommes toujours \u00e0 la recherche de nouvelles mati\u00e8res premi\u00e8res naturelles pour nous prot\u00e9ger et prot\u00e9ger l\u2019environnement.<br><\/span><br><span style=\"font-size: 100%;\">Gr\u00e2ce \u00e0 diverses innovations et activit\u00e9s de recherche, nous avons d\u00e9sormais re\u00e7u le sceau de recherche du Stifterverband. Le Stifterverband Bildung.Wissenschaft.Innovation. reconna\u00eet notre engagement et nos activit\u00e9s de recherche gr\u00e2ce au sceau de recherche Innovation through Research.  <\/span><\/p>\n\n\t\t<\/div>\n\t\t\t\t\n<style>\n#col-1535702935 > .col-inner {\n  padding: 0px 0px 0px 0px;\n  margin: 0px 0px -30px 0px;\n}\n<\/style>\n\t<\/div>\n\n\t\n\n\t<div id=\"col-487433388\" class=\"col medium-6 small-12 large-6\"  >\n\t\t\t\t<div class=\"col-inner text-center dark\"  >\n\t\t\t\n\t\t\t\n\n\t<div class=\"img has-hover x md-x lg-x y md-y lg-y\" id=\"image_629769801\">\n\t\t\t\t\t\t\t\t<div class=\"img-inner dark\" style=\"margin:7px 0px -13px 0px;\">\n\t\t\t<img loading=\"lazy\" decoding=\"async\" width=\"478\" height=\"400\" src=\"https:\/\/tapir.de\/wp-content\/uploads\/2020\/04\/Forschung_und_Entwicklung_2020_print-478x400.png\" class=\"attachment-medium size-medium\" alt=\"\" srcset=\"https:\/\/tapir.de\/wp-content\/uploads\/2020\/04\/Forschung_und_Entwicklung_2020_print-478x400.png 478w, https:\/\/tapir.de\/wp-content\/uploads\/2020\/04\/Forschung_und_Entwicklung_2020_print-510x427.png 510w, https:\/\/tapir.de\/wp-content\/uploads\/2020\/04\/Forschung_und_Entwicklung_2020_print-500x419.png 500w, https:\/\/tapir.de\/wp-content\/uploads\/2020\/04\/Forschung_und_Entwicklung_2020_print.png 591w\" sizes=\"auto, (max-width: 478px) 100vw, 478px\" \/>\t\t\t\t\t\t\n\t\t\t\t\t<\/div>\n\t\t\t\t\t\t\t\t\n<style>\n#image_629769801 {\n  width: 55%;\n}\n<\/style>\n\t<\/div>\n\t\n\n\n\t\t<\/div>\n\t\t\t\t\n<style>\n#col-487433388 > .col-inner {\n  padding: 0px 0px 0px 0px;\n}\n<\/style>\n\t<\/div>\n\n\t\n\n<\/div>\n\n\t\t<\/div>\n\n\t\t\n<style>\n#section_1681108967 {\n  padding-top: 10px;\n  padding-bottom: 10px;\n  background-color: rgb(228, 228, 228);\n}\n<\/style>\n\t<\/section>\n\t\n\n","protected":false},"excerpt":{"rendered":"","protected":false},"author":1,"featured_media":20261,"parent":0,"menu_order":0,"comment_status":"closed","ping_status":"closed","template":"page-transparent-header.php","meta":{"footnotes":""},"class_list":["post-20260","page","type-page","status-publish","has-post-thumbnail","hentry"],"yoast_head":"<!-- This site is optimized with the Yoast SEO plugin v27.5 - https:\/\/yoast.com\/product\/yoast-seo-wordpress\/ -->\n<title>Emplois - Tapir Wachswaren<\/title>\n<meta name=\"description\" content=\"Tapir signifie produits de soins durables. Soins pour chaussures et cuir fabriqu\u00e9s \u00e0 partir de mati\u00e8res premi\u00e8res naturelles ! Fabriqu\u00e9 \u00e0 partir de cires et d\u2019huiles de haute qualit\u00e9 !\" \/>\n<meta name=\"robots\" content=\"index, follow, max-snippet:-1, max-image-preview:large, max-video-preview:-1\" \/>\n<link rel=\"canonical\" href=\"https:\/\/tapir.de\/fr\/emplois\/\" \/>\n<meta property=\"og:locale\" content=\"fr_FR\" \/>\n<meta property=\"og:type\" content=\"article\" \/>\n<meta property=\"og:title\" content=\"Emplois - Tapir Wachswaren\" \/>\n<meta property=\"og:description\" content=\"Tapir signifie produits de soins durables. Soins pour chaussures et cuir fabriqu\u00e9s \u00e0 partir de mati\u00e8res premi\u00e8res naturelles ! Fabriqu\u00e9 \u00e0 partir de cires et d\u2019huiles de haute qualit\u00e9 !\" \/>\n<meta property=\"og:url\" content=\"https:\/\/tapir.de\/fr\/emplois\/\" \/>\n<meta property=\"og:site_name\" content=\"Tapir Wachswaren\" \/>\n<meta property=\"article:publisher\" content=\"https:\/\/www.facebook.com\/TapirWachswaren\/\" \/>\n<meta property=\"article:modified_time\" content=\"2026-01-26T12:00:55+00:00\" \/>\n<meta property=\"og:image\" content=\"https:\/\/tapir.de\/wp-content\/uploads\/2020\/11\/DSC_7034-scaled.jpeg\" \/>\n\t<meta property=\"og:image:width\" content=\"1920\" \/>\n\t<meta property=\"og:image:height\" content=\"1282\" \/>\n\t<meta property=\"og:image:type\" content=\"image\/jpeg\" \/>\n<meta name=\"twitter:card\" content=\"summary_large_image\" \/>\n<meta name=\"twitter:label1\" content=\"Dur\u00e9e de lecture estim\u00e9e\" \/>\n\t<meta name=\"twitter:data1\" content=\"2 minutes\" \/>\n<script type=\"application\/ld+json\" class=\"yoast-schema-graph\">{\"@context\":\"https:\\\/\\\/schema.org\",\"@graph\":[{\"@type\":\"WebPage\",\"@id\":\"https:\\\/\\\/tapir.de\\\/fr\\\/emplois\\\/\",\"url\":\"https:\\\/\\\/tapir.de\\\/fr\\\/emplois\\\/\",\"name\":\"Emplois - Tapir Wachswaren\",\"isPartOf\":{\"@id\":\"https:\\\/\\\/tapir.de\\\/fr\\\/?lang=en\\\/#website\"},\"primaryImageOfPage\":{\"@id\":\"https:\\\/\\\/tapir.de\\\/fr\\\/emplois\\\/#primaryimage\"},\"image\":{\"@id\":\"https:\\\/\\\/tapir.de\\\/fr\\\/emplois\\\/#primaryimage\"},\"thumbnailUrl\":\"https:\\\/\\\/tapir.de\\\/wp-content\\\/uploads\\\/2020\\\/11\\\/DSC_7034-scaled.jpeg\",\"datePublished\":\"2026-01-26T12:00:54+00:00\",\"dateModified\":\"2026-01-26T12:00:55+00:00\",\"description\":\"Tapir signifie produits de soins durables. Soins pour chaussures et cuir fabriqu\u00e9s \u00e0 partir de mati\u00e8res premi\u00e8res naturelles ! Fabriqu\u00e9 \u00e0 partir de cires et d\u2019huiles de haute qualit\u00e9 !\",\"breadcrumb\":{\"@id\":\"https:\\\/\\\/tapir.de\\\/fr\\\/emplois\\\/#breadcrumb\"},\"inLanguage\":\"fr-FR\",\"potentialAction\":[{\"@type\":\"ReadAction\",\"target\":[\"https:\\\/\\\/tapir.de\\\/fr\\\/emplois\\\/\"]}]},{\"@type\":\"ImageObject\",\"inLanguage\":\"fr-FR\",\"@id\":\"https:\\\/\\\/tapir.de\\\/fr\\\/emplois\\\/#primaryimage\",\"url\":\"https:\\\/\\\/tapir.de\\\/wp-content\\\/uploads\\\/2020\\\/11\\\/DSC_7034-scaled.jpeg\",\"contentUrl\":\"https:\\\/\\\/tapir.de\\\/wp-content\\\/uploads\\\/2020\\\/11\\\/DSC_7034-scaled.jpeg\",\"width\":1920,\"height\":1282},{\"@type\":\"BreadcrumbList\",\"@id\":\"https:\\\/\\\/tapir.de\\\/fr\\\/emplois\\\/#breadcrumb\",\"itemListElement\":[{\"@type\":\"ListItem\",\"position\":1,\"name\":\"Startseite\",\"item\":\"https:\\\/\\\/tapir.de\\\/fr\\\/\"},{\"@type\":\"ListItem\",\"position\":2,\"name\":\"Emplois\"}]},{\"@type\":\"WebSite\",\"@id\":\"https:\\\/\\\/tapir.de\\\/fr\\\/?lang=en\\\/#website\",\"url\":\"https:\\\/\\\/tapir.de\\\/fr\\\/?lang=en\\\/\",\"name\":\"Tapir Wachswaren\",\"description\":\"Nat\u00fcrliche Pflegeprodukte f\u00fcr Leder, Textil und Holz\",\"publisher\":{\"@id\":\"https:\\\/\\\/tapir.de\\\/fr\\\/?lang=en\\\/#organization\"},\"potentialAction\":[{\"@type\":\"SearchAction\",\"target\":{\"@type\":\"EntryPoint\",\"urlTemplate\":\"https:\\\/\\\/tapir.de\\\/fr\\\/?lang=en\\\/?s={search_term_string}\"},\"query-input\":{\"@type\":\"PropertyValueSpecification\",\"valueRequired\":true,\"valueName\":\"search_term_string\"}}],\"inLanguage\":\"fr-FR\"},{\"@type\":\"Organization\",\"@id\":\"https:\\\/\\\/tapir.de\\\/fr\\\/?lang=en\\\/#organization\",\"name\":\"Tapir Wachswaren\",\"url\":\"https:\\\/\\\/tapir.de\\\/fr\\\/?lang=en\\\/\",\"logo\":{\"@type\":\"ImageObject\",\"inLanguage\":\"fr-FR\",\"@id\":\"https:\\\/\\\/tapir.de\\\/fr\\\/?lang=en\\\/#\\\/schema\\\/logo\\\/image\\\/\",\"url\":\"https:\\\/\\\/tapir.de\\\/wp-content\\\/uploads\\\/2020\\\/11\\\/cropped-TAPIR_Wachswaren_logo.png\",\"contentUrl\":\"https:\\\/\\\/tapir.de\\\/wp-content\\\/uploads\\\/2020\\\/11\\\/cropped-TAPIR_Wachswaren_logo.png\",\"width\":512,\"height\":512,\"caption\":\"Tapir Wachswaren\"},\"image\":{\"@id\":\"https:\\\/\\\/tapir.de\\\/fr\\\/?lang=en\\\/#\\\/schema\\\/logo\\\/image\\\/\"},\"sameAs\":[\"https:\\\/\\\/www.facebook.com\\\/TapirWachswaren\\\/\",\"https:\\\/\\\/www.instagram.com\\\/tapir_pflegeprodukte\\\/?hl=de\"]}]}<\/script>\n<!-- \/ Yoast SEO plugin. -->","yoast_head_json":{"title":"Emplois - Tapir Wachswaren","description":"Tapir signifie produits de soins durables. Soins pour chaussures et cuir fabriqu\u00e9s \u00e0 partir de mati\u00e8res premi\u00e8res naturelles ! Fabriqu\u00e9 \u00e0 partir de cires et d\u2019huiles de haute qualit\u00e9 !","robots":{"index":"index","follow":"follow","max-snippet":"max-snippet:-1","max-image-preview":"max-image-preview:large","max-video-preview":"max-video-preview:-1"},"canonical":"https:\/\/tapir.de\/fr\/emplois\/","og_locale":"fr_FR","og_type":"article","og_title":"Emplois - Tapir Wachswaren","og_description":"Tapir signifie produits de soins durables. Soins pour chaussures et cuir fabriqu\u00e9s \u00e0 partir de mati\u00e8res premi\u00e8res naturelles ! Fabriqu\u00e9 \u00e0 partir de cires et d\u2019huiles de haute qualit\u00e9 !","og_url":"https:\/\/tapir.de\/fr\/emplois\/","og_site_name":"Tapir Wachswaren","article_publisher":"https:\/\/www.facebook.com\/TapirWachswaren\/","article_modified_time":"2026-01-26T12:00:55+00:00","og_image":[{"width":1920,"height":1282,"url":"https:\/\/tapir.de\/wp-content\/uploads\/2020\/11\/DSC_7034-scaled.jpeg","type":"image\/jpeg"}],"twitter_card":"summary_large_image","twitter_misc":{"Dur\u00e9e de lecture estim\u00e9e":"2 minutes"},"schema":{"@context":"https:\/\/schema.org","@graph":[{"@type":"WebPage","@id":"https:\/\/tapir.de\/fr\/emplois\/","url":"https:\/\/tapir.de\/fr\/emplois\/","name":"Emplois - Tapir Wachswaren","isPartOf":{"@id":"https:\/\/tapir.de\/fr\/?lang=en\/#website"},"primaryImageOfPage":{"@id":"https:\/\/tapir.de\/fr\/emplois\/#primaryimage"},"image":{"@id":"https:\/\/tapir.de\/fr\/emplois\/#primaryimage"},"thumbnailUrl":"https:\/\/tapir.de\/wp-content\/uploads\/2020\/11\/DSC_7034-scaled.jpeg","datePublished":"2026-01-26T12:00:54+00:00","dateModified":"2026-01-26T12:00:55+00:00","description":"Tapir signifie produits de soins durables. Soins pour chaussures et cuir fabriqu\u00e9s \u00e0 partir de mati\u00e8res premi\u00e8res naturelles ! Fabriqu\u00e9 \u00e0 partir de cires et d\u2019huiles de haute qualit\u00e9 !","breadcrumb":{"@id":"https:\/\/tapir.de\/fr\/emplois\/#breadcrumb"},"inLanguage":"fr-FR","potentialAction":[{"@type":"ReadAction","target":["https:\/\/tapir.de\/fr\/emplois\/"]}]},{"@type":"ImageObject","inLanguage":"fr-FR","@id":"https:\/\/tapir.de\/fr\/emplois\/#primaryimage","url":"https:\/\/tapir.de\/wp-content\/uploads\/2020\/11\/DSC_7034-scaled.jpeg","contentUrl":"https:\/\/tapir.de\/wp-content\/uploads\/2020\/11\/DSC_7034-scaled.jpeg","width":1920,"height":1282},{"@type":"BreadcrumbList","@id":"https:\/\/tapir.de\/fr\/emplois\/#breadcrumb","itemListElement":[{"@type":"ListItem","position":1,"name":"Startseite","item":"https:\/\/tapir.de\/fr\/"},{"@type":"ListItem","position":2,"name":"Emplois"}]},{"@type":"WebSite","@id":"https:\/\/tapir.de\/fr\/?lang=en\/#website","url":"https:\/\/tapir.de\/fr\/?lang=en\/","name":"Tapir Wachswaren","description":"Nat\u00fcrliche Pflegeprodukte f\u00fcr Leder, Textil und Holz","publisher":{"@id":"https:\/\/tapir.de\/fr\/?lang=en\/#organization"},"potentialAction":[{"@type":"SearchAction","target":{"@type":"EntryPoint","urlTemplate":"https:\/\/tapir.de\/fr\/?lang=en\/?s={search_term_string}"},"query-input":{"@type":"PropertyValueSpecification","valueRequired":true,"valueName":"search_term_string"}}],"inLanguage":"fr-FR"},{"@type":"Organization","@id":"https:\/\/tapir.de\/fr\/?lang=en\/#organization","name":"Tapir Wachswaren","url":"https:\/\/tapir.de\/fr\/?lang=en\/","logo":{"@type":"ImageObject","inLanguage":"fr-FR","@id":"https:\/\/tapir.de\/fr\/?lang=en\/#\/schema\/logo\/image\/","url":"https:\/\/tapir.de\/wp-content\/uploads\/2020\/11\/cropped-TAPIR_Wachswaren_logo.png","contentUrl":"https:\/\/tapir.de\/wp-content\/uploads\/2020\/11\/cropped-TAPIR_Wachswaren_logo.png","width":512,"height":512,"caption":"Tapir Wachswaren"},"image":{"@id":"https:\/\/tapir.de\/fr\/?lang=en\/#\/schema\/logo\/image\/"},"sameAs":["https:\/\/www.facebook.com\/TapirWachswaren\/","https:\/\/www.instagram.com\/tapir_pflegeprodukte\/?hl=de"]}]}},"_links":{"self":[{"href":"https:\/\/tapir.de\/fr\/wp-json\/wp\/v2\/pages\/20260","targetHints":{"allow":["GET"]}}],"collection":[{"href":"https:\/\/tapir.de\/fr\/wp-json\/wp\/v2\/pages"}],"about":[{"href":"https:\/\/tapir.de\/fr\/wp-json\/wp\/v2\/types\/page"}],"author":[{"embeddable":true,"href":"https:\/\/tapir.de\/fr\/wp-json\/wp\/v2\/users\/1"}],"replies":[{"embeddable":true,"href":"https:\/\/tapir.de\/fr\/wp-json\/wp\/v2\/comments?post=20260"}],"version-history":[{"count":0,"href":"https:\/\/tapir.de\/fr\/wp-json\/wp\/v2\/pages\/20260\/revisions"}],"wp:featuredmedia":[{"embeddable":true,"href":"https:\/\/tapir.de\/fr\/wp-json\/wp\/v2\/media\/20261"}],"wp:attachment":[{"href":"https:\/\/tapir.de\/fr\/wp-json\/wp\/v2\/media?parent=20260"}],"curies":[{"name":"wp","href":"https:\/\/api.w.org\/{rel}","templated":true}]}}