{"id":23681,"date":"2026-04-21T11:26:26","date_gmt":"2026-04-21T09:26:26","guid":{"rendered":"https:\/\/tapir.de\/?post_type=product&#038;p=23681"},"modified":"2026-04-21T15:25:42","modified_gmt":"2026-04-21T13:25:42","slug":"tapir-sneakerbuerste-mit-fibre-borsten-vegan","status":"publish","type":"product","link":"https:\/\/tapir.de\/en\/shop\/tapir-sneakerbuerste-mit-fibre-borsten-vegan\/","title":{"rendered":"Reinigungsb\u00fcrste f\u00fcr Sneaker"},"content":{"rendered":"<h2><span style=\"color: #ba090f;\"><strong><span style=\"font-size: 80%;\">Tapir Reinigungsb\u00fcrste f\u00fcr Sneaker mit nat\u00fcrlichen Fibre Borsten<\/span><\/strong><\/span><\/h2>\n<p>Die Tapir Sneaker Reinigungsb\u00fcrste aus nat\u00fcrlichen Fibre-Borsten ist dein unverzichtbarer Begleiter f\u00fcr die Schuhpflege und die Reinigung von deinen Sneaker und auch anderen Schuhen. Ob hartn\u00e4ckiger Schmutz, Staub oder Ablagerungen \u2013 diese Schmutzb\u00fcrste entfernt m\u00fchelos Verschmutzungen von Sneakern, Lederschuhen, Taschen und G\u00fcrteln, ohne das Material zu besch\u00e4digen.<\/p>\n<p><strong>Warum diese B\u00fcrste eine gute Wahl f\u00fcr deine Schuhpflege ist:<\/strong><\/p>\n<ul>\n<li><strong>Hochwertige Naturfasern<\/strong>: Die <strong>veganen Fibre-Borsten<\/strong> aus stabilen Naturfasern sind besonders <strong>robust, verschlei\u00dffest<\/strong>und schonend zu allen Schuhmaterialien.<\/li>\n<li><strong>Vielseitig einsetzbar<\/strong>: Ideal f\u00fcr <strong>Sneaker, Lederschuhe, Taschen, G\u00fcrtel<\/strong> und andere Lederwaren \u2013 sowohl f\u00fcr trockene als auch nasse Reinigung.<\/li>\n<li><strong>Gr\u00fcndliche Reinigung<\/strong>: Die flexiblen Borsten dringen selbst in <strong>Sohlenrillen, N\u00e4hte und schwer zug\u00e4ngliche Bereiche<\/strong> vor und entfernen Schmutzpartikel zuverl\u00e4ssig.<\/li>\n<li><strong>Langlebig &amp; pflegeleicht<\/strong>: Einfach mit Wasser absp\u00fclen und trocknen lassen \u2013 schon fertig!<\/li>\n<li><strong>Nachhaltig &amp; Made in Germany<\/strong>: Hergestellt aus <strong>Buchenholz<\/strong> und <strong>100% nat\u00fcrlichen Materialien<\/strong> \u2013 umweltfreundlich und langlebig.<\/li>\n<\/ul>\n<h2><span style=\"color: #ba090f;\"><strong><span style=\"font-size: 80%;\">Produkteigenschaften<\/span><\/strong><\/span><\/h2>\n<ul>\n<li>Aus Buchenholz<\/li>\n<li>mit veganen Fibre Borsten aus stabilen Naturfasern<\/li>\n<li>130x50mm<\/li>\n<li>Made in Germany<\/li>\n<\/ul>\n<p><strong>Perfekt f\u00fcr alle, die Wert auf Nachhaltigkeit und hochwertige Schuhpflege legen!<\/strong><\/p>\n","protected":false},"excerpt":{"rendered":"<p>Die Sneakerb\u00fcrste zum S\u00e4ubern von deinen Lieblingsschuhen<\/p>\n","protected":false},"featured_media":23684,"template":"","meta":[],"product_brand":[],"product_cat":[73],"product_tag":[87,641],"class_list":{"0":"post-23681","1":"product","2":"type-product","3":"status-publish","4":"has-post-thumbnail","6":"product_cat-buersten","7":"product_tag-reinigung","8":"product_tag-zubehoer","9":"pa_geeignet-fuer-arbeitsschuhe","10":"pa_geeignet-fuer-boots","11":"pa_geeignet-fuer-bootsschuhe","12":"pa_geeignet-fuer-pflege-von-gartenschuhe","13":"pa_geeignet-fuer-reitstiefel","14":"pa_geeignet-fuer-schuhe","15":"pa_geeignet-fuer-schuhe-fuer-kinder","16":"pa_geeignet-fuer-schuhsohlen","17":"pa_geeignet-fuer-wanderschuhe","19":"first","20":"instock","21":"taxable","22":"shipping-taxable","23":"purchasable","24":"product-type-simple"},"yoast_head":"<!-- This site is optimized with the Yoast SEO plugin v27.4 - https:\/\/yoast.com\/product\/yoast-seo-wordpress\/ -->\n<title>Reinigungsb\u00fcrste f\u00fcr Sneaker - Tapir Wachswaren<\/title>\n<meta name=\"description\" content=\"Die Tapir Sneakerb\u00fcrste mit nat\u00fcrlichen Fibre Borsten ist ein unverzichtbares Werkzeug f\u00fcr die Schuhpflege. Nass- und Trockenreinigung mit stabilen Borsten.\" \/>\n<meta name=\"robots\" content=\"index, follow, max-snippet:-1, max-image-preview:large, max-video-preview:-1\" \/>\n<link rel=\"canonical\" href=\"https:\/\/tapir.de\/en\/shop\/tapir-sneakerbuerste-mit-fibre-borsten-vegan\/\" \/>\n<meta property=\"og:locale\" content=\"en_US\" \/>\n<meta property=\"og:type\" content=\"article\" \/>\n<meta property=\"og:title\" content=\"Reinigungsb\u00fcrste f\u00fcr Sneaker - Tapir Wachswaren\" \/>\n<meta property=\"og:description\" content=\"Die Tapir Sneakerb\u00fcrste mit nat\u00fcrlichen Fibre Borsten ist ein unverzichtbares Werkzeug f\u00fcr die Schuhpflege. Nass- und Trockenreinigung mit stabilen Borsten.\" \/>\n<meta property=\"og:url\" content=\"https:\/\/tapir.de\/en\/shop\/tapir-sneakerbuerste-mit-fibre-borsten-vegan\/\" \/>\n<meta property=\"og:site_name\" content=\"Tapir Wachswaren\" \/>\n<meta property=\"article:publisher\" content=\"https:\/\/www.facebook.com\/TapirWachswaren\/\" \/>\n<meta property=\"article:modified_time\" content=\"2026-04-21T13:25:42+00:00\" \/>\n<meta property=\"og:image\" content=\"https:\/\/tapir.de\/wp-content\/uploads\/2026\/04\/00909-Sneaker-Reinigungsbuerste-Tapir-2.webp\" \/>\n\t<meta property=\"og:image:width\" content=\"1500\" \/>\n\t<meta property=\"og:image:height\" content=\"1500\" \/>\n\t<meta property=\"og:image:type\" content=\"image\/webp\" \/>\n<meta name=\"twitter:card\" content=\"summary_large_image\" \/>\n<meta name=\"twitter:label1\" content=\"Est. reading time\" \/>\n\t<meta name=\"twitter:data1\" content=\"2 minutes\" \/>\n<script type=\"application\/ld+json\" class=\"yoast-schema-graph\">{\"@context\":\"https:\\\/\\\/schema.org\",\"@graph\":[{\"@type\":\"WebPage\",\"@id\":\"https:\\\/\\\/tapir.de\\\/en\\\/shop\\\/tapir-sneakerbuerste-mit-fibre-borsten-vegan\\\/\",\"url\":\"https:\\\/\\\/tapir.de\\\/en\\\/shop\\\/tapir-sneakerbuerste-mit-fibre-borsten-vegan\\\/\",\"name\":\"Reinigungsb\u00fcrste f\u00fcr Sneaker - Tapir Wachswaren\",\"isPartOf\":{\"@id\":\"https:\\\/\\\/tapir.de\\\/en\\\/?lang=en\\\/#website\"},\"primaryImageOfPage\":{\"@id\":\"https:\\\/\\\/tapir.de\\\/en\\\/shop\\\/tapir-sneakerbuerste-mit-fibre-borsten-vegan\\\/#primaryimage\"},\"image\":{\"@id\":\"https:\\\/\\\/tapir.de\\\/en\\\/shop\\\/tapir-sneakerbuerste-mit-fibre-borsten-vegan\\\/#primaryimage\"},\"thumbnailUrl\":\"https:\\\/\\\/tapir.de\\\/wp-content\\\/uploads\\\/2026\\\/04\\\/00909-Sneaker-Reinigungsbuerste-Tapir-2.webp\",\"datePublished\":\"2026-04-21T09:26:26+00:00\",\"dateModified\":\"2026-04-21T13:25:42+00:00\",\"description\":\"Die Tapir Sneakerb\u00fcrste mit nat\u00fcrlichen Fibre Borsten ist ein unverzichtbares Werkzeug f\u00fcr die Schuhpflege. Nass- und Trockenreinigung mit stabilen Borsten.\",\"breadcrumb\":{\"@id\":\"https:\\\/\\\/tapir.de\\\/en\\\/shop\\\/tapir-sneakerbuerste-mit-fibre-borsten-vegan\\\/#breadcrumb\"},\"inLanguage\":\"en-US\",\"potentialAction\":[{\"@type\":\"ReadAction\",\"target\":[\"https:\\\/\\\/tapir.de\\\/en\\\/shop\\\/tapir-sneakerbuerste-mit-fibre-borsten-vegan\\\/\"]}]},{\"@type\":\"ImageObject\",\"inLanguage\":\"en-US\",\"@id\":\"https:\\\/\\\/tapir.de\\\/en\\\/shop\\\/tapir-sneakerbuerste-mit-fibre-borsten-vegan\\\/#primaryimage\",\"url\":\"https:\\\/\\\/tapir.de\\\/wp-content\\\/uploads\\\/2026\\\/04\\\/00909-Sneaker-Reinigungsbuerste-Tapir-2.webp\",\"contentUrl\":\"https:\\\/\\\/tapir.de\\\/wp-content\\\/uploads\\\/2026\\\/04\\\/00909-Sneaker-Reinigungsbuerste-Tapir-2.webp\",\"width\":1500,\"height\":1500},{\"@type\":\"BreadcrumbList\",\"@id\":\"https:\\\/\\\/tapir.de\\\/en\\\/shop\\\/tapir-sneakerbuerste-mit-fibre-borsten-vegan\\\/#breadcrumb\",\"itemListElement\":[{\"@type\":\"ListItem\",\"position\":1,\"name\":\"Startseite\",\"item\":\"https:\\\/\\\/tapir.de\\\/en\\\/\"},{\"@type\":\"ListItem\",\"position\":2,\"name\":\"Shop\",\"item\":\"https:\\\/\\\/tapir.de\\\/en\\\/shop-en\\\/\"},{\"@type\":\"ListItem\",\"position\":3,\"name\":\"Reinigungsb\u00fcrste f\u00fcr Sneaker\"}]},{\"@type\":\"WebSite\",\"@id\":\"https:\\\/\\\/tapir.de\\\/en\\\/?lang=en\\\/#website\",\"url\":\"https:\\\/\\\/tapir.de\\\/en\\\/?lang=en\\\/\",\"name\":\"Tapir Wachswaren\",\"description\":\"Nat\u00fcrliche Pflegeprodukte f\u00fcr Leder, Textil und Holz\",\"publisher\":{\"@id\":\"https:\\\/\\\/tapir.de\\\/en\\\/?lang=en\\\/#organization\"},\"potentialAction\":[{\"@type\":\"SearchAction\",\"target\":{\"@type\":\"EntryPoint\",\"urlTemplate\":\"https:\\\/\\\/tapir.de\\\/en\\\/?lang=en\\\/?s={search_term_string}\"},\"query-input\":{\"@type\":\"PropertyValueSpecification\",\"valueRequired\":true,\"valueName\":\"search_term_string\"}}],\"inLanguage\":\"en-US\"},{\"@type\":\"Organization\",\"@id\":\"https:\\\/\\\/tapir.de\\\/en\\\/?lang=en\\\/#organization\",\"name\":\"Tapir Wachswaren\",\"url\":\"https:\\\/\\\/tapir.de\\\/en\\\/?lang=en\\\/\",\"logo\":{\"@type\":\"ImageObject\",\"inLanguage\":\"en-US\",\"@id\":\"https:\\\/\\\/tapir.de\\\/en\\\/?lang=en\\\/#\\\/schema\\\/logo\\\/image\\\/\",\"url\":\"https:\\\/\\\/tapir.de\\\/wp-content\\\/uploads\\\/2020\\\/11\\\/cropped-TAPIR_Wachswaren_logo.png\",\"contentUrl\":\"https:\\\/\\\/tapir.de\\\/wp-content\\\/uploads\\\/2020\\\/11\\\/cropped-TAPIR_Wachswaren_logo.png\",\"width\":512,\"height\":512,\"caption\":\"Tapir Wachswaren\"},\"image\":{\"@id\":\"https:\\\/\\\/tapir.de\\\/en\\\/?lang=en\\\/#\\\/schema\\\/logo\\\/image\\\/\"},\"sameAs\":[\"https:\\\/\\\/www.facebook.com\\\/TapirWachswaren\\\/\",\"https:\\\/\\\/www.instagram.com\\\/tapir_pflegeprodukte\\\/?hl=de\"]}]}<\/script>\n<!-- \/ Yoast SEO plugin. -->","yoast_head_json":{"title":"Reinigungsb\u00fcrste f\u00fcr Sneaker - Tapir Wachswaren","description":"Die Tapir Sneakerb\u00fcrste mit nat\u00fcrlichen Fibre Borsten ist ein unverzichtbares Werkzeug f\u00fcr die Schuhpflege. Nass- und Trockenreinigung mit stabilen Borsten.","robots":{"index":"index","follow":"follow","max-snippet":"max-snippet:-1","max-image-preview":"max-image-preview:large","max-video-preview":"max-video-preview:-1"},"canonical":"https:\/\/tapir.de\/en\/shop\/tapir-sneakerbuerste-mit-fibre-borsten-vegan\/","og_locale":"en_US","og_type":"article","og_title":"Reinigungsb\u00fcrste f\u00fcr Sneaker - Tapir Wachswaren","og_description":"Die Tapir Sneakerb\u00fcrste mit nat\u00fcrlichen Fibre Borsten ist ein unverzichtbares Werkzeug f\u00fcr die Schuhpflege. Nass- und Trockenreinigung mit stabilen Borsten.","og_url":"https:\/\/tapir.de\/en\/shop\/tapir-sneakerbuerste-mit-fibre-borsten-vegan\/","og_site_name":"Tapir Wachswaren","article_publisher":"https:\/\/www.facebook.com\/TapirWachswaren\/","article_modified_time":"2026-04-21T13:25:42+00:00","og_image":[{"width":1500,"height":1500,"url":"https:\/\/tapir.de\/wp-content\/uploads\/2026\/04\/00909-Sneaker-Reinigungsbuerste-Tapir-2.webp","type":"image\/webp"}],"twitter_card":"summary_large_image","twitter_misc":{"Est. reading time":"2 minutes"},"schema":{"@context":"https:\/\/schema.org","@graph":[{"@type":"WebPage","@id":"https:\/\/tapir.de\/en\/shop\/tapir-sneakerbuerste-mit-fibre-borsten-vegan\/","url":"https:\/\/tapir.de\/en\/shop\/tapir-sneakerbuerste-mit-fibre-borsten-vegan\/","name":"Reinigungsb\u00fcrste f\u00fcr Sneaker - Tapir Wachswaren","isPartOf":{"@id":"https:\/\/tapir.de\/en\/?lang=en\/#website"},"primaryImageOfPage":{"@id":"https:\/\/tapir.de\/en\/shop\/tapir-sneakerbuerste-mit-fibre-borsten-vegan\/#primaryimage"},"image":{"@id":"https:\/\/tapir.de\/en\/shop\/tapir-sneakerbuerste-mit-fibre-borsten-vegan\/#primaryimage"},"thumbnailUrl":"https:\/\/tapir.de\/wp-content\/uploads\/2026\/04\/00909-Sneaker-Reinigungsbuerste-Tapir-2.webp","datePublished":"2026-04-21T09:26:26+00:00","dateModified":"2026-04-21T13:25:42+00:00","description":"Die Tapir Sneakerb\u00fcrste mit nat\u00fcrlichen Fibre Borsten ist ein unverzichtbares Werkzeug f\u00fcr die Schuhpflege. Nass- und Trockenreinigung mit stabilen Borsten.","breadcrumb":{"@id":"https:\/\/tapir.de\/en\/shop\/tapir-sneakerbuerste-mit-fibre-borsten-vegan\/#breadcrumb"},"inLanguage":"en-US","potentialAction":[{"@type":"ReadAction","target":["https:\/\/tapir.de\/en\/shop\/tapir-sneakerbuerste-mit-fibre-borsten-vegan\/"]}]},{"@type":"ImageObject","inLanguage":"en-US","@id":"https:\/\/tapir.de\/en\/shop\/tapir-sneakerbuerste-mit-fibre-borsten-vegan\/#primaryimage","url":"https:\/\/tapir.de\/wp-content\/uploads\/2026\/04\/00909-Sneaker-Reinigungsbuerste-Tapir-2.webp","contentUrl":"https:\/\/tapir.de\/wp-content\/uploads\/2026\/04\/00909-Sneaker-Reinigungsbuerste-Tapir-2.webp","width":1500,"height":1500},{"@type":"BreadcrumbList","@id":"https:\/\/tapir.de\/en\/shop\/tapir-sneakerbuerste-mit-fibre-borsten-vegan\/#breadcrumb","itemListElement":[{"@type":"ListItem","position":1,"name":"Startseite","item":"https:\/\/tapir.de\/en\/"},{"@type":"ListItem","position":2,"name":"Shop","item":"https:\/\/tapir.de\/en\/shop-en\/"},{"@type":"ListItem","position":3,"name":"Reinigungsb\u00fcrste f\u00fcr Sneaker"}]},{"@type":"WebSite","@id":"https:\/\/tapir.de\/en\/?lang=en\/#website","url":"https:\/\/tapir.de\/en\/?lang=en\/","name":"Tapir Wachswaren","description":"Nat\u00fcrliche Pflegeprodukte f\u00fcr Leder, Textil und Holz","publisher":{"@id":"https:\/\/tapir.de\/en\/?lang=en\/#organization"},"potentialAction":[{"@type":"SearchAction","target":{"@type":"EntryPoint","urlTemplate":"https:\/\/tapir.de\/en\/?lang=en\/?s={search_term_string}"},"query-input":{"@type":"PropertyValueSpecification","valueRequired":true,"valueName":"search_term_string"}}],"inLanguage":"en-US"},{"@type":"Organization","@id":"https:\/\/tapir.de\/en\/?lang=en\/#organization","name":"Tapir Wachswaren","url":"https:\/\/tapir.de\/en\/?lang=en\/","logo":{"@type":"ImageObject","inLanguage":"en-US","@id":"https:\/\/tapir.de\/en\/?lang=en\/#\/schema\/logo\/image\/","url":"https:\/\/tapir.de\/wp-content\/uploads\/2020\/11\/cropped-TAPIR_Wachswaren_logo.png","contentUrl":"https:\/\/tapir.de\/wp-content\/uploads\/2020\/11\/cropped-TAPIR_Wachswaren_logo.png","width":512,"height":512,"caption":"Tapir Wachswaren"},"image":{"@id":"https:\/\/tapir.de\/en\/?lang=en\/#\/schema\/logo\/image\/"},"sameAs":["https:\/\/www.facebook.com\/TapirWachswaren\/","https:\/\/www.instagram.com\/tapir_pflegeprodukte\/?hl=de"]}]}},"_links":{"self":[{"href":"https:\/\/tapir.de\/en\/wp-json\/wp\/v2\/product\/23681","targetHints":{"allow":["GET"]}}],"collection":[{"href":"https:\/\/tapir.de\/en\/wp-json\/wp\/v2\/product"}],"about":[{"href":"https:\/\/tapir.de\/en\/wp-json\/wp\/v2\/types\/product"}],"wp:featuredmedia":[{"embeddable":true,"href":"https:\/\/tapir.de\/en\/wp-json\/wp\/v2\/media\/23684"}],"wp:attachment":[{"href":"https:\/\/tapir.de\/en\/wp-json\/wp\/v2\/media?parent=23681"}],"wp:term":[{"taxonomy":"product_brand","embeddable":true,"href":"https:\/\/tapir.de\/en\/wp-json\/wp\/v2\/product_brand?post=23681"},{"taxonomy":"product_cat","embeddable":true,"href":"https:\/\/tapir.de\/en\/wp-json\/wp\/v2\/product_cat?post=23681"},{"taxonomy":"product_tag","embeddable":true,"href":"https:\/\/tapir.de\/en\/wp-json\/wp\/v2\/product_tag?post=23681"}],"curies":[{"name":"wp","href":"https:\/\/api.w.org\/{rel}","templated":true}]}}