{"id":23666,"date":"2026-04-21T08:13:09","date_gmt":"2026-04-21T06:13:09","guid":{"rendered":"https:\/\/tapir.de\/?post_type=product&#038;p=23666"},"modified":"2026-04-21T08:24:10","modified_gmt":"2026-04-21T06:24:10","slug":"sneaker-cleaner-2","status":"publish","type":"product","link":"https:\/\/tapir.de\/en\/shop\/sneaker-cleaner-2\/","title":{"rendered":"Sneaker Cleaner"},"content":{"rendered":"<h2 class=\"text-2xl font-bold mt-1 text-text-100\"><strong><span style=\"font-size: 100%;\">Tapir Sneaker Cleaner \u2013 Nat\u00fcrlicher Reinigungsschaum<\/span><\/strong><\/h2>\n<h3 class=\"text-xl font-bold text-text-100 mt-1 -mb-0.5\">Kraftvolle Reinigung f\u00fcr deine Sneaker<\/h3>\n<p class=\"whitespace-normal break-words\">Unser Sneaker Cleaner reinigt deine Sneaker effektiv und schonend \u2013 ganz ohne aggressive Chemikalien. Der nat\u00fcrliche Reinigungsschaum mit NCP-Zertifizierung entfernt zuverl\u00e4ssig Schmutz und Verf\u00e4rbungen mithilfe eines pflanzenbasierten Wirkstoffkomplexes.<\/p>\n<p class=\"whitespace-normal break-words\"><strong>Nat\u00fcrliche Reinigungskraft aus wertvollen Rohstoffen:<\/strong> Der Panamarindenreiniger wirkt als nat\u00fcrliches Tensid und l\u00f6st selbst hartn\u00e4ckige Verschmutzungen schonend von der Oberfl\u00e4che. Zuckertensid verst\u00e4rkt die Reinigungswirkung auf pflanzlicher Basis, w\u00e4hrend Waschsoda (Natriumcarbonat) durch seinen alkalischen pH-Wert Fette und Proteine effektiv aufl\u00f6st. Naturreine \u00e4therische \u00d6le aus kontrolliert biologischem Anbau sorgen f\u00fcr einen angenehmen, frischen Duft und wirken zus\u00e4tzlich antibakteriell.<\/p>\n<p class=\"whitespace-normal break-words\">Die innovative Rezeptur kombiniert reinigende und auffrischende Langzeitwirkungen bei denkbar einfacher Anwendung. Der Reinigungsschaum ist f\u00fcr alle Sneaker-Materialien geeignet \u2013 ob Glattleder, Textilien, Nubuk oder Kunstleder.<\/p>\n<h3>Anwendung:<\/h3>\n<h4><strong>Schritt 1<\/strong><\/h4>\n<p class=\"p1\">Schn\u00fcrsenkel entfernen und separat waschen, nach der Pflege wieder neu einf\u00e4deln!<\/p>\n<h4><strong>Schritt 2<\/strong><\/h4>\n<p>Zun\u00e4chst gut sch\u00fctteln. Den Schaum vom Tapir Sneaker Cleaner auf dem Schuh und Sohlenrand verteilen.<\/p>\n<h4><strong>Schritt 3<\/strong><\/h4>\n<p>Die angefeuchteten B\u00fcrste mit sdem Schaum in kreisenden Bewegungen \u00fcber den Schuh und Sohlenrand fahren. Die Senkel mit dem Schaum und Wasser reinigen, regelm\u00e4\u00dfig Wasser und Schaum nutzen, um Schmutz zu entfernen.<\/p>\n<h4><strong>Schritt 4<\/strong><\/h4>\n<p>Zum Schluss den Schuh mit klarem Wasser und B\u00fcrste reinigen und gr\u00fcndlich mit einem Tuch oder Schwamm abtrocknen.<\/p>\n<h3 class=\"text-lg font-bold text-text-100 mt-1 -mb-1.5\">Produkteigenschaften<\/h3>\n<p class=\"whitespace-normal break-words\"><strong>\u2713 100% nat\u00fcrliche Inhaltsstoffe<\/strong><br \/>\nPanamarindenreiniger, Zuckertensid und naturreine \u00e4therische \u00d6le<\/p>\n<p class=\"whitespace-normal break-words\"><strong>\u2713 NCP-zertifiziert<\/strong><br \/>\nH\u00f6chste Standards f\u00fcr Naturprodukte, kein Greenwashing<\/p>\n<p class=\"whitespace-normal break-words\"><strong>\u2713 Biologisch abbaubar<\/strong><br \/>\nAlle Inhaltsstoffe sind vollst\u00e4ndig biologisch abbaubar<\/p>\n<p class=\"whitespace-normal break-words\"><strong>\u2713 Universell einsetzbar<\/strong><br \/>\nF\u00fcr alle Materialien: Glattleder, Textil, Nubuk, Kunstleder<\/p>\n<p class=\"whitespace-normal break-words\"><strong>\u2713 Schonend zur Oberfl\u00e4che<\/strong><br \/>\nReinigt gr\u00fcndlich ohne das Material anzugreifen<\/p>\n<p class=\"whitespace-normal break-words\"><strong>\u2713 Langzeitwirkung<\/strong><br \/>\nReinigende und auffrischende Effekte halten lange an<\/p>\n<p class=\"whitespace-normal break-words\"><strong>\u2713 Made in Germany<\/strong><br \/>\n\u00dcber 40 Jahre Erfahrung in nat\u00fcrlicher Schuhpflege<\/p>\n<p class=\"whitespace-normal break-words\"><strong>\u2713 Nachhaltige Verpackung<\/strong><br \/>\nWiederverwendbare Glasflasche statt Plastik<\/p>\n<p class=\"whitespace-normal break-words\"><strong>\u2713 Transparente Rezeptur<\/strong><br \/>\nAlle Inhaltsstoffe vollst\u00e4ndig deklariert<\/p>\n<hr \/>\n<p class=\"whitespace-normal break-words\"><strong>Inhaltsstoffe:<\/strong> Panamarindenreiniger, Zuckertensid, Waschsoda, naturreine \u00e4therische \u00d6le*, Wasser<br \/>\n*Aus kontrolliert biologischem Anbau<\/p>\n","protected":false},"excerpt":{"rendered":"<p class=\"whitespace-normal break-words\">\u2713 100% nat\u00fcrliche Inhaltsstoffe<br \/>\n\u2713 F\u00fcr alle Materialien<br \/>\n\u2713 Schonend zur Oberfl\u00e4che<br \/>\n\u2713 Langzeitwirkung<br \/>\n\u2713 NCP-zertifiziert<\/p>\n","protected":false},"featured_media":23667,"template":"","meta":[],"product_brand":[],"product_cat":[751],"product_tag":[1139,87,1140,1138],"class_list":{"0":"post-23666","1":"product","2":"type-product","3":"status-publish","4":"has-post-thumbnail","6":"product_cat-sneakerpflege","7":"product_tag-cleaner","8":"product_tag-reinigung","9":"product_tag-reinigungsschaum","10":"product_tag-sneaker-cleaner","11":"pa_geeignet-fuer-barfussschuhe","12":"pa_geeignet-fuer-joggingschuhe","13":"pa_geeignet-fuer-schuhe-fuer-kinder","14":"pa_geeignet-fuer-sneakers","16":"first","17":"instock","18":"taxable","19":"shipping-taxable","20":"purchasable","21":"product-type-simple"},"yoast_head":"<!-- This site is optimized with the Yoast SEO plugin v27.4 - https:\/\/yoast.com\/product\/yoast-seo-wordpress\/ -->\n<title>Sneaker Cleaner - Tapir Wachswaren<\/title>\n<meta name=\"description\" content=\"Nat\u00fcrlicher Sneaker Reinigungsschaum mit NCP-Zertifizierung \u2713 100% biologisch abbaubar \u2713 F\u00fcr alle Materialien \u2713 Made in Germany seit 1983 \u2713 Jetzt bestellen!\" \/>\n<meta name=\"robots\" content=\"index, follow, max-snippet:-1, max-image-preview:large, max-video-preview:-1\" \/>\n<link rel=\"canonical\" href=\"https:\/\/tapir.de\/en\/shop\/sneaker-cleaner-2\/\" \/>\n<meta property=\"og:locale\" content=\"en_US\" \/>\n<meta property=\"og:type\" content=\"article\" \/>\n<meta property=\"og:title\" content=\"Sneaker Cleaner - Tapir Wachswaren\" \/>\n<meta property=\"og:description\" content=\"Nat\u00fcrlicher Sneaker Reinigungsschaum mit NCP-Zertifizierung \u2713 100% biologisch abbaubar \u2713 F\u00fcr alle Materialien \u2713 Made in Germany seit 1983 \u2713 Jetzt bestellen!\" \/>\n<meta property=\"og:url\" content=\"https:\/\/tapir.de\/en\/shop\/sneaker-cleaner-2\/\" \/>\n<meta property=\"og:site_name\" content=\"Tapir Wachswaren\" \/>\n<meta property=\"article:publisher\" content=\"https:\/\/www.facebook.com\/TapirWachswaren\/\" \/>\n<meta property=\"article:modified_time\" content=\"2026-04-21T06:24:10+00:00\" \/>\n<meta property=\"og:image\" content=\"https:\/\/tapir.de\/wp-content\/uploads\/2026\/04\/64110-Sneaker-Clenaer-Tapir.webp\" \/>\n\t<meta property=\"og:image:width\" content=\"1000\" \/>\n\t<meta property=\"og:image:height\" content=\"1000\" \/>\n\t<meta property=\"og:image:type\" content=\"image\/webp\" \/>\n<meta name=\"twitter:card\" content=\"summary_large_image\" \/>\n<meta name=\"twitter:label1\" content=\"Est. reading time\" \/>\n\t<meta name=\"twitter:data1\" content=\"2 minutes\" \/>\n<script type=\"application\/ld+json\" class=\"yoast-schema-graph\">{\"@context\":\"https:\\\/\\\/schema.org\",\"@graph\":[{\"@type\":\"WebPage\",\"@id\":\"https:\\\/\\\/tapir.de\\\/en\\\/shop\\\/sneaker-cleaner-2\\\/\",\"url\":\"https:\\\/\\\/tapir.de\\\/en\\\/shop\\\/sneaker-cleaner-2\\\/\",\"name\":\"Sneaker Cleaner - Tapir Wachswaren\",\"isPartOf\":{\"@id\":\"https:\\\/\\\/tapir.de\\\/en\\\/?lang=en\\\/#website\"},\"primaryImageOfPage\":{\"@id\":\"https:\\\/\\\/tapir.de\\\/en\\\/shop\\\/sneaker-cleaner-2\\\/#primaryimage\"},\"image\":{\"@id\":\"https:\\\/\\\/tapir.de\\\/en\\\/shop\\\/sneaker-cleaner-2\\\/#primaryimage\"},\"thumbnailUrl\":\"https:\\\/\\\/tapir.de\\\/wp-content\\\/uploads\\\/2026\\\/04\\\/64110-Sneaker-Clenaer-Tapir.webp\",\"datePublished\":\"2026-04-21T06:13:09+00:00\",\"dateModified\":\"2026-04-21T06:24:10+00:00\",\"description\":\"Nat\u00fcrlicher Sneaker Reinigungsschaum mit NCP-Zertifizierung \u2713 100% biologisch abbaubar \u2713 F\u00fcr alle Materialien \u2713 Made in Germany seit 1983 \u2713 Jetzt bestellen!\",\"breadcrumb\":{\"@id\":\"https:\\\/\\\/tapir.de\\\/en\\\/shop\\\/sneaker-cleaner-2\\\/#breadcrumb\"},\"inLanguage\":\"en-US\",\"potentialAction\":[{\"@type\":\"ReadAction\",\"target\":[\"https:\\\/\\\/tapir.de\\\/en\\\/shop\\\/sneaker-cleaner-2\\\/\"]}]},{\"@type\":\"ImageObject\",\"inLanguage\":\"en-US\",\"@id\":\"https:\\\/\\\/tapir.de\\\/en\\\/shop\\\/sneaker-cleaner-2\\\/#primaryimage\",\"url\":\"https:\\\/\\\/tapir.de\\\/wp-content\\\/uploads\\\/2026\\\/04\\\/64110-Sneaker-Clenaer-Tapir.webp\",\"contentUrl\":\"https:\\\/\\\/tapir.de\\\/wp-content\\\/uploads\\\/2026\\\/04\\\/64110-Sneaker-Clenaer-Tapir.webp\",\"width\":1000,\"height\":1000},{\"@type\":\"BreadcrumbList\",\"@id\":\"https:\\\/\\\/tapir.de\\\/en\\\/shop\\\/sneaker-cleaner-2\\\/#breadcrumb\",\"itemListElement\":[{\"@type\":\"ListItem\",\"position\":1,\"name\":\"Startseite\",\"item\":\"https:\\\/\\\/tapir.de\\\/en\\\/\"},{\"@type\":\"ListItem\",\"position\":2,\"name\":\"Shop\",\"item\":\"https:\\\/\\\/tapir.de\\\/en\\\/shop-en\\\/\"},{\"@type\":\"ListItem\",\"position\":3,\"name\":\"Sneaker Cleaner\"}]},{\"@type\":\"WebSite\",\"@id\":\"https:\\\/\\\/tapir.de\\\/en\\\/?lang=en\\\/#website\",\"url\":\"https:\\\/\\\/tapir.de\\\/en\\\/?lang=en\\\/\",\"name\":\"Tapir Wachswaren\",\"description\":\"Nat\u00fcrliche Pflegeprodukte f\u00fcr Leder, Textil und Holz\",\"publisher\":{\"@id\":\"https:\\\/\\\/tapir.de\\\/en\\\/?lang=en\\\/#organization\"},\"potentialAction\":[{\"@type\":\"SearchAction\",\"target\":{\"@type\":\"EntryPoint\",\"urlTemplate\":\"https:\\\/\\\/tapir.de\\\/en\\\/?lang=en\\\/?s={search_term_string}\"},\"query-input\":{\"@type\":\"PropertyValueSpecification\",\"valueRequired\":true,\"valueName\":\"search_term_string\"}}],\"inLanguage\":\"en-US\"},{\"@type\":\"Organization\",\"@id\":\"https:\\\/\\\/tapir.de\\\/en\\\/?lang=en\\\/#organization\",\"name\":\"Tapir Wachswaren\",\"url\":\"https:\\\/\\\/tapir.de\\\/en\\\/?lang=en\\\/\",\"logo\":{\"@type\":\"ImageObject\",\"inLanguage\":\"en-US\",\"@id\":\"https:\\\/\\\/tapir.de\\\/en\\\/?lang=en\\\/#\\\/schema\\\/logo\\\/image\\\/\",\"url\":\"https:\\\/\\\/tapir.de\\\/wp-content\\\/uploads\\\/2020\\\/11\\\/cropped-TAPIR_Wachswaren_logo.png\",\"contentUrl\":\"https:\\\/\\\/tapir.de\\\/wp-content\\\/uploads\\\/2020\\\/11\\\/cropped-TAPIR_Wachswaren_logo.png\",\"width\":512,\"height\":512,\"caption\":\"Tapir Wachswaren\"},\"image\":{\"@id\":\"https:\\\/\\\/tapir.de\\\/en\\\/?lang=en\\\/#\\\/schema\\\/logo\\\/image\\\/\"},\"sameAs\":[\"https:\\\/\\\/www.facebook.com\\\/TapirWachswaren\\\/\",\"https:\\\/\\\/www.instagram.com\\\/tapir_pflegeprodukte\\\/?hl=de\"]}]}<\/script>\n<!-- \/ Yoast SEO plugin. -->","yoast_head_json":{"title":"Sneaker Cleaner - Tapir Wachswaren","description":"Nat\u00fcrlicher Sneaker Reinigungsschaum mit NCP-Zertifizierung \u2713 100% biologisch abbaubar \u2713 F\u00fcr alle Materialien \u2713 Made in Germany seit 1983 \u2713 Jetzt bestellen!","robots":{"index":"index","follow":"follow","max-snippet":"max-snippet:-1","max-image-preview":"max-image-preview:large","max-video-preview":"max-video-preview:-1"},"canonical":"https:\/\/tapir.de\/en\/shop\/sneaker-cleaner-2\/","og_locale":"en_US","og_type":"article","og_title":"Sneaker Cleaner - Tapir Wachswaren","og_description":"Nat\u00fcrlicher Sneaker Reinigungsschaum mit NCP-Zertifizierung \u2713 100% biologisch abbaubar \u2713 F\u00fcr alle Materialien \u2713 Made in Germany seit 1983 \u2713 Jetzt bestellen!","og_url":"https:\/\/tapir.de\/en\/shop\/sneaker-cleaner-2\/","og_site_name":"Tapir Wachswaren","article_publisher":"https:\/\/www.facebook.com\/TapirWachswaren\/","article_modified_time":"2026-04-21T06:24:10+00:00","og_image":[{"width":1000,"height":1000,"url":"https:\/\/tapir.de\/wp-content\/uploads\/2026\/04\/64110-Sneaker-Clenaer-Tapir.webp","type":"image\/webp"}],"twitter_card":"summary_large_image","twitter_misc":{"Est. reading time":"2 minutes"},"schema":{"@context":"https:\/\/schema.org","@graph":[{"@type":"WebPage","@id":"https:\/\/tapir.de\/en\/shop\/sneaker-cleaner-2\/","url":"https:\/\/tapir.de\/en\/shop\/sneaker-cleaner-2\/","name":"Sneaker Cleaner - Tapir Wachswaren","isPartOf":{"@id":"https:\/\/tapir.de\/en\/?lang=en\/#website"},"primaryImageOfPage":{"@id":"https:\/\/tapir.de\/en\/shop\/sneaker-cleaner-2\/#primaryimage"},"image":{"@id":"https:\/\/tapir.de\/en\/shop\/sneaker-cleaner-2\/#primaryimage"},"thumbnailUrl":"https:\/\/tapir.de\/wp-content\/uploads\/2026\/04\/64110-Sneaker-Clenaer-Tapir.webp","datePublished":"2026-04-21T06:13:09+00:00","dateModified":"2026-04-21T06:24:10+00:00","description":"Nat\u00fcrlicher Sneaker Reinigungsschaum mit NCP-Zertifizierung \u2713 100% biologisch abbaubar \u2713 F\u00fcr alle Materialien \u2713 Made in Germany seit 1983 \u2713 Jetzt bestellen!","breadcrumb":{"@id":"https:\/\/tapir.de\/en\/shop\/sneaker-cleaner-2\/#breadcrumb"},"inLanguage":"en-US","potentialAction":[{"@type":"ReadAction","target":["https:\/\/tapir.de\/en\/shop\/sneaker-cleaner-2\/"]}]},{"@type":"ImageObject","inLanguage":"en-US","@id":"https:\/\/tapir.de\/en\/shop\/sneaker-cleaner-2\/#primaryimage","url":"https:\/\/tapir.de\/wp-content\/uploads\/2026\/04\/64110-Sneaker-Clenaer-Tapir.webp","contentUrl":"https:\/\/tapir.de\/wp-content\/uploads\/2026\/04\/64110-Sneaker-Clenaer-Tapir.webp","width":1000,"height":1000},{"@type":"BreadcrumbList","@id":"https:\/\/tapir.de\/en\/shop\/sneaker-cleaner-2\/#breadcrumb","itemListElement":[{"@type":"ListItem","position":1,"name":"Startseite","item":"https:\/\/tapir.de\/en\/"},{"@type":"ListItem","position":2,"name":"Shop","item":"https:\/\/tapir.de\/en\/shop-en\/"},{"@type":"ListItem","position":3,"name":"Sneaker Cleaner"}]},{"@type":"WebSite","@id":"https:\/\/tapir.de\/en\/?lang=en\/#website","url":"https:\/\/tapir.de\/en\/?lang=en\/","name":"Tapir Wachswaren","description":"Nat\u00fcrliche Pflegeprodukte f\u00fcr Leder, Textil und Holz","publisher":{"@id":"https:\/\/tapir.de\/en\/?lang=en\/#organization"},"potentialAction":[{"@type":"SearchAction","target":{"@type":"EntryPoint","urlTemplate":"https:\/\/tapir.de\/en\/?lang=en\/?s={search_term_string}"},"query-input":{"@type":"PropertyValueSpecification","valueRequired":true,"valueName":"search_term_string"}}],"inLanguage":"en-US"},{"@type":"Organization","@id":"https:\/\/tapir.de\/en\/?lang=en\/#organization","name":"Tapir Wachswaren","url":"https:\/\/tapir.de\/en\/?lang=en\/","logo":{"@type":"ImageObject","inLanguage":"en-US","@id":"https:\/\/tapir.de\/en\/?lang=en\/#\/schema\/logo\/image\/","url":"https:\/\/tapir.de\/wp-content\/uploads\/2020\/11\/cropped-TAPIR_Wachswaren_logo.png","contentUrl":"https:\/\/tapir.de\/wp-content\/uploads\/2020\/11\/cropped-TAPIR_Wachswaren_logo.png","width":512,"height":512,"caption":"Tapir Wachswaren"},"image":{"@id":"https:\/\/tapir.de\/en\/?lang=en\/#\/schema\/logo\/image\/"},"sameAs":["https:\/\/www.facebook.com\/TapirWachswaren\/","https:\/\/www.instagram.com\/tapir_pflegeprodukte\/?hl=de"]}]}},"_links":{"self":[{"href":"https:\/\/tapir.de\/en\/wp-json\/wp\/v2\/product\/23666","targetHints":{"allow":["GET"]}}],"collection":[{"href":"https:\/\/tapir.de\/en\/wp-json\/wp\/v2\/product"}],"about":[{"href":"https:\/\/tapir.de\/en\/wp-json\/wp\/v2\/types\/product"}],"wp:featuredmedia":[{"embeddable":true,"href":"https:\/\/tapir.de\/en\/wp-json\/wp\/v2\/media\/23667"}],"wp:attachment":[{"href":"https:\/\/tapir.de\/en\/wp-json\/wp\/v2\/media?parent=23666"}],"wp:term":[{"taxonomy":"product_brand","embeddable":true,"href":"https:\/\/tapir.de\/en\/wp-json\/wp\/v2\/product_brand?post=23666"},{"taxonomy":"product_cat","embeddable":true,"href":"https:\/\/tapir.de\/en\/wp-json\/wp\/v2\/product_cat?post=23666"},{"taxonomy":"product_tag","embeddable":true,"href":"https:\/\/tapir.de\/en\/wp-json\/wp\/v2\/product_tag?post=23666"}],"curies":[{"name":"wp","href":"https:\/\/api.w.org\/{rel}","templated":true}]}}