{"id":484,"date":"2020-04-09T16:46:27","date_gmt":"2020-04-09T14:46:27","guid":{"rendered":"https:\/\/tapir.de\/?page_id=484"},"modified":"2024-08-19T14:34:24","modified_gmt":"2024-08-19T12:34:24","slug":"unternehmen","status":"publish","type":"page","link":"https:\/\/tapir.de\/en\/unternehmen\/","title":{"rendered":"Unternehmen"},"content":{"rendered":"\n\n  <div class=\"banner has-hover hide-for-small\" id=\"banner-1712416771\">\n          <div class=\"banner-inner fill\">\n        <div class=\"banner-bg fill\" >\n            <img loading=\"lazy\" decoding=\"async\" width=\"614\" height=\"350\" src=\"https:\/\/tapir.de\/wp-content\/uploads\/2020\/03\/Bildschirmfoto-2020-03-02-um-14.52.43.png\" class=\"bg attachment-large size-large\" alt=\"\" \/>                                    \n                    <\/div>\n\t\t\n        <div class=\"banner-layers container\">\n            <div class=\"fill banner-link\"><\/div>            \t<div class=\"hotspot-wrapper x25 md-x25 lg-x25 y20 md-y20 lg-y20 is-large dark\">\n\t\t<div data-animate=\"blurIn\">\n\t\t\t\t\t\t\t<a href=\"#hotspot\" class=\"hotspot tooltip box-shadow-1\" title=\"Schuhe\" aria-label=\"Schuhe\" style=\"background-color:rgb(53, 3, 3);\">\n\t\t\t\t\t<i class=\"icon-plus\" aria-hidden=\"true\"><\/i>\t\t\t\t<\/a>\n\t\t\t\t\t\t<\/div>\n\t<\/div>\n\t\t<div class=\"hotspot-wrapper x10 md-x10 lg-x10 y25 md-y25 lg-y25 is-large dark\">\n\t\t<div data-animate=\"bounceIn\">\n\t\t\t\t\t\t\t\t<a href=\"https:\/\/tapir.de\/shop\/natuerliche-lederpflegecreme-in-braun\/\" class=\"hotspot tooltip box-shadow-3\" title=\"Lederpflegecreme in braun\" aria-label=\"Lederpflegecreme in braun\" style=\"background-color:rgb(53, 3, 3);\">\n\t\t\t\t\t\t<i class=\"icon-plus\" aria-hidden=\"true\"><\/i>\t\t\t\t\t<\/a>\n\t\t\t\t\t\t\t<\/div>\n\t<\/div>\n\t\n\n   <div id=\"text-box-1678453505\" class=\"text-box banner-layer x50 md-x50 lg-x50 y50 md-y50 lg-y50 res-text\">\n                                <div class=\"text-box-content text dark\">\n              \n              <div class=\"text-inner text-center\">\n                  \n\n\n              <\/div>\n           <\/div>\n                            \n<style>\n#text-box-1678453505 {\n  width: 60%;\n}\n#text-box-1678453505 .text-box-content {\n  font-size: 100%;\n}\n<\/style>\n    <\/div>\n \n\n\n\n\n\n        <\/div>\n      <\/div>\n\n            \n<style>\n#banner-1712416771 {\n  padding-top: 500px;\n}\n<\/style>\n  <\/div>\n\n\n","protected":false},"excerpt":{"rendered":"","protected":false},"author":1,"featured_media":0,"parent":0,"menu_order":0,"comment_status":"closed","ping_status":"closed","template":"","meta":{"footnotes":""},"class_list":["post-484","page","type-page","status-publish","hentry"],"yoast_head":"<!-- This site is optimized with the Yoast SEO plugin v27.5 - https:\/\/yoast.com\/product\/yoast-seo-wordpress\/ -->\n<title>Unternehmen - Tapir Wachswaren<\/title>\n<meta name=\"description\" content=\"Erfahren Sie mehr \u00fcber Tapir \u2013 unser engagiertes Unternehmen rund um nat\u00fcrliche Pflegeprodukte f\u00fcr Schuhe, Taschen, M\u00f6bel....\" \/>\n<meta name=\"robots\" content=\"index, follow, max-snippet:-1, max-image-preview:large, max-video-preview:-1\" \/>\n<link rel=\"canonical\" href=\"https:\/\/tapir.de\/en\/unternehmen\/\" \/>\n<meta property=\"og:locale\" content=\"en_US\" \/>\n<meta property=\"og:type\" content=\"article\" \/>\n<meta property=\"og:title\" content=\"Unternehmen - Tapir Wachswaren\" \/>\n<meta property=\"og:description\" content=\"Erfahren Sie mehr \u00fcber Tapir \u2013 unser engagiertes Unternehmen rund um nat\u00fcrliche Pflegeprodukte f\u00fcr Schuhe, Taschen, M\u00f6bel....\" \/>\n<meta property=\"og:url\" content=\"https:\/\/tapir.de\/en\/unternehmen\/\" \/>\n<meta property=\"og:site_name\" content=\"Tapir Wachswaren\" \/>\n<meta property=\"article:publisher\" content=\"https:\/\/www.facebook.com\/TapirWachswaren\/\" \/>\n<meta property=\"article:modified_time\" content=\"2024-08-19T12:34:24+00:00\" \/>\n<meta name=\"twitter:card\" content=\"summary_large_image\" \/>\n<meta name=\"twitter:label1\" content=\"Est. reading time\" \/>\n\t<meta name=\"twitter:data1\" content=\"1 minute\" \/>\n<script type=\"application\/ld+json\" class=\"yoast-schema-graph\">{\"@context\":\"https:\\\/\\\/schema.org\",\"@graph\":[{\"@type\":\"WebPage\",\"@id\":\"https:\\\/\\\/tapir.de\\\/en\\\/unternehmen\\\/\",\"url\":\"https:\\\/\\\/tapir.de\\\/en\\\/unternehmen\\\/\",\"name\":\"Unternehmen - Tapir Wachswaren\",\"isPartOf\":{\"@id\":\"https:\\\/\\\/tapir.de\\\/en\\\/?lang=en\\\/#website\"},\"datePublished\":\"2020-04-09T14:46:27+00:00\",\"dateModified\":\"2024-08-19T12:34:24+00:00\",\"description\":\"Erfahren Sie mehr \u00fcber Tapir \u2013 unser engagiertes Unternehmen rund um nat\u00fcrliche Pflegeprodukte f\u00fcr Schuhe, Taschen, M\u00f6bel....\",\"breadcrumb\":{\"@id\":\"https:\\\/\\\/tapir.de\\\/en\\\/unternehmen\\\/#breadcrumb\"},\"inLanguage\":\"en-US\",\"potentialAction\":[{\"@type\":\"ReadAction\",\"target\":[\"https:\\\/\\\/tapir.de\\\/en\\\/unternehmen\\\/\"]}]},{\"@type\":\"BreadcrumbList\",\"@id\":\"https:\\\/\\\/tapir.de\\\/en\\\/unternehmen\\\/#breadcrumb\",\"itemListElement\":[{\"@type\":\"ListItem\",\"position\":1,\"name\":\"Startseite\",\"item\":\"https:\\\/\\\/tapir.de\\\/en\\\/\"},{\"@type\":\"ListItem\",\"position\":2,\"name\":\"Unternehmen\"}]},{\"@type\":\"WebSite\",\"@id\":\"https:\\\/\\\/tapir.de\\\/en\\\/?lang=en\\\/#website\",\"url\":\"https:\\\/\\\/tapir.de\\\/en\\\/?lang=en\\\/\",\"name\":\"Tapir Wachswaren\",\"description\":\"Nat\u00fcrliche Pflegeprodukte f\u00fcr Leder, Textil und Holz\",\"publisher\":{\"@id\":\"https:\\\/\\\/tapir.de\\\/en\\\/?lang=en\\\/#organization\"},\"potentialAction\":[{\"@type\":\"SearchAction\",\"target\":{\"@type\":\"EntryPoint\",\"urlTemplate\":\"https:\\\/\\\/tapir.de\\\/en\\\/?lang=en\\\/?s={search_term_string}\"},\"query-input\":{\"@type\":\"PropertyValueSpecification\",\"valueRequired\":true,\"valueName\":\"search_term_string\"}}],\"inLanguage\":\"en-US\"},{\"@type\":\"Organization\",\"@id\":\"https:\\\/\\\/tapir.de\\\/en\\\/?lang=en\\\/#organization\",\"name\":\"Tapir Wachswaren\",\"url\":\"https:\\\/\\\/tapir.de\\\/en\\\/?lang=en\\\/\",\"logo\":{\"@type\":\"ImageObject\",\"inLanguage\":\"en-US\",\"@id\":\"https:\\\/\\\/tapir.de\\\/en\\\/?lang=en\\\/#\\\/schema\\\/logo\\\/image\\\/\",\"url\":\"https:\\\/\\\/tapir.de\\\/wp-content\\\/uploads\\\/2020\\\/11\\\/cropped-TAPIR_Wachswaren_logo.png\",\"contentUrl\":\"https:\\\/\\\/tapir.de\\\/wp-content\\\/uploads\\\/2020\\\/11\\\/cropped-TAPIR_Wachswaren_logo.png\",\"width\":512,\"height\":512,\"caption\":\"Tapir Wachswaren\"},\"image\":{\"@id\":\"https:\\\/\\\/tapir.de\\\/en\\\/?lang=en\\\/#\\\/schema\\\/logo\\\/image\\\/\"},\"sameAs\":[\"https:\\\/\\\/www.facebook.com\\\/TapirWachswaren\\\/\",\"https:\\\/\\\/www.instagram.com\\\/tapir_pflegeprodukte\\\/?hl=de\"]}]}<\/script>\n<!-- \/ Yoast SEO plugin. -->","yoast_head_json":{"title":"Unternehmen - Tapir Wachswaren","description":"Erfahren Sie mehr \u00fcber Tapir \u2013 unser engagiertes Unternehmen rund um nat\u00fcrliche Pflegeprodukte f\u00fcr Schuhe, Taschen, M\u00f6bel....","robots":{"index":"index","follow":"follow","max-snippet":"max-snippet:-1","max-image-preview":"max-image-preview:large","max-video-preview":"max-video-preview:-1"},"canonical":"https:\/\/tapir.de\/en\/unternehmen\/","og_locale":"en_US","og_type":"article","og_title":"Unternehmen - Tapir Wachswaren","og_description":"Erfahren Sie mehr \u00fcber Tapir \u2013 unser engagiertes Unternehmen rund um nat\u00fcrliche Pflegeprodukte f\u00fcr Schuhe, Taschen, M\u00f6bel....","og_url":"https:\/\/tapir.de\/en\/unternehmen\/","og_site_name":"Tapir Wachswaren","article_publisher":"https:\/\/www.facebook.com\/TapirWachswaren\/","article_modified_time":"2024-08-19T12:34:24+00:00","twitter_card":"summary_large_image","twitter_misc":{"Est. reading time":"1 minute"},"schema":{"@context":"https:\/\/schema.org","@graph":[{"@type":"WebPage","@id":"https:\/\/tapir.de\/en\/unternehmen\/","url":"https:\/\/tapir.de\/en\/unternehmen\/","name":"Unternehmen - Tapir Wachswaren","isPartOf":{"@id":"https:\/\/tapir.de\/en\/?lang=en\/#website"},"datePublished":"2020-04-09T14:46:27+00:00","dateModified":"2024-08-19T12:34:24+00:00","description":"Erfahren Sie mehr \u00fcber Tapir \u2013 unser engagiertes Unternehmen rund um nat\u00fcrliche Pflegeprodukte f\u00fcr Schuhe, Taschen, M\u00f6bel....","breadcrumb":{"@id":"https:\/\/tapir.de\/en\/unternehmen\/#breadcrumb"},"inLanguage":"en-US","potentialAction":[{"@type":"ReadAction","target":["https:\/\/tapir.de\/en\/unternehmen\/"]}]},{"@type":"BreadcrumbList","@id":"https:\/\/tapir.de\/en\/unternehmen\/#breadcrumb","itemListElement":[{"@type":"ListItem","position":1,"name":"Startseite","item":"https:\/\/tapir.de\/en\/"},{"@type":"ListItem","position":2,"name":"Unternehmen"}]},{"@type":"WebSite","@id":"https:\/\/tapir.de\/en\/?lang=en\/#website","url":"https:\/\/tapir.de\/en\/?lang=en\/","name":"Tapir Wachswaren","description":"Nat\u00fcrliche Pflegeprodukte f\u00fcr Leder, Textil und Holz","publisher":{"@id":"https:\/\/tapir.de\/en\/?lang=en\/#organization"},"potentialAction":[{"@type":"SearchAction","target":{"@type":"EntryPoint","urlTemplate":"https:\/\/tapir.de\/en\/?lang=en\/?s={search_term_string}"},"query-input":{"@type":"PropertyValueSpecification","valueRequired":true,"valueName":"search_term_string"}}],"inLanguage":"en-US"},{"@type":"Organization","@id":"https:\/\/tapir.de\/en\/?lang=en\/#organization","name":"Tapir Wachswaren","url":"https:\/\/tapir.de\/en\/?lang=en\/","logo":{"@type":"ImageObject","inLanguage":"en-US","@id":"https:\/\/tapir.de\/en\/?lang=en\/#\/schema\/logo\/image\/","url":"https:\/\/tapir.de\/wp-content\/uploads\/2020\/11\/cropped-TAPIR_Wachswaren_logo.png","contentUrl":"https:\/\/tapir.de\/wp-content\/uploads\/2020\/11\/cropped-TAPIR_Wachswaren_logo.png","width":512,"height":512,"caption":"Tapir Wachswaren"},"image":{"@id":"https:\/\/tapir.de\/en\/?lang=en\/#\/schema\/logo\/image\/"},"sameAs":["https:\/\/www.facebook.com\/TapirWachswaren\/","https:\/\/www.instagram.com\/tapir_pflegeprodukte\/?hl=de"]}]}},"_links":{"self":[{"href":"https:\/\/tapir.de\/en\/wp-json\/wp\/v2\/pages\/484","targetHints":{"allow":["GET"]}}],"collection":[{"href":"https:\/\/tapir.de\/en\/wp-json\/wp\/v2\/pages"}],"about":[{"href":"https:\/\/tapir.de\/en\/wp-json\/wp\/v2\/types\/page"}],"author":[{"embeddable":true,"href":"https:\/\/tapir.de\/en\/wp-json\/wp\/v2\/users\/1"}],"replies":[{"embeddable":true,"href":"https:\/\/tapir.de\/en\/wp-json\/wp\/v2\/comments?post=484"}],"version-history":[{"count":0,"href":"https:\/\/tapir.de\/en\/wp-json\/wp\/v2\/pages\/484\/revisions"}],"wp:attachment":[{"href":"https:\/\/tapir.de\/en\/wp-json\/wp\/v2\/media?parent=484"}],"curies":[{"name":"wp","href":"https:\/\/api.w.org\/{rel}","templated":true}]}}