{"id":3532,"date":"2021-02-03T15:21:04","date_gmt":"2021-02-03T14:21:04","guid":{"rendered":"https:\/\/tapir.de\/leather-care-products"},"modified":"2024-10-08T23:10:07","modified_gmt":"2024-10-08T21:10:07","slug":"leather-care-products","status":"publish","type":"page","link":"https:\/\/tapir.de\/en\/leather-care-products\/","title":{"rendered":"Leather care products"},"content":{"rendered":"\n\n  <div class=\"banner has-hover\" id=\"banner-1064546211\">\n          <div class=\"banner-inner fill\">\n        <div class=\"banner-bg fill\" >\n            <img loading=\"lazy\" decoding=\"async\" width=\"1020\" height=\"425\" src=\"https:\/\/tapir.de\/wp-content\/uploads\/2020\/05\/Banner-Draussen.png\" class=\"bg attachment-large size-large\" alt=\"\" \/>                                    \n                    <\/div>\n\t\t\n        <div class=\"banner-layers container\">\n            <div class=\"fill banner-link\"><\/div>            \n\n   <div id=\"text-box-1460400707\" class=\"text-box banner-layer x50 md-x50 lg-x50 y50 md-y50 lg-y50 res-text\">\n                                <div class=\"text-box-content text dark\">\n              \n              <div class=\"text-inner text-center\">\n                  \n\n\n              <\/div>\n           <\/div>\n                            \n<style>\n#text-box-1460400707 {\n  width: 60%;\n}\n#text-box-1460400707 .text-box-content {\n  font-size: 100%;\n}\n@media (min-width:550px) {\n  #text-box-1460400707 {\n    width: 60%;\n  }\n}\n<\/style>\n    <\/div>\n \n\n        <\/div>\n      <\/div>\n\n            \n<style>\n#banner-1064546211 {\n  padding-top: 500px;\n}\n#banner-1064546211 .banner-bg img {\n  object-position: 50% 0%;\n}\n<\/style>\n  <\/div>\n\n\n\n\t<section class=\"section\" id=\"section_1320562694\">\n\t\t<div class=\"section-bg fill\" >\n\t\t\t\t\t\t\t\t\t<div class=\"section-bg-overlay absolute fill\"><\/div>\n\t\t\t\n\n\t\t<\/div>\n\n\t\t\n\n\t\t<div class=\"section-content relative\">\n\t\t\t\n\n\n  <div class=\"banner has-hover\" id=\"banner-827461612\">\n          <div class=\"banner-inner fill\">\n        <div class=\"banner-bg fill\" >\n                                    <div class=\"overlay\"><\/div>            \n                    <\/div>\n\t\t\n        <div class=\"banner-layers container\">\n            <div class=\"fill banner-link\"><\/div>            \n\n   <div id=\"text-box-1967635704\" class=\"text-box banner-layer x50 md-x50 lg-x50 y50 md-y50 lg-y50 res-text\">\n                                <div class=\"text-box-content text dark\">\n              \n              <div class=\"text-inner text-left\">\n                  \n\n<header>\n<h3>Nat\u00fcrliche Lederpflege &#8211; konsequent \u00f6kologisch<\/h3>\n<\/header>\n<p>Leder braucht Pflege!&nbsp; <br>Tapir Wachswaren GmbH bietet f\u00fcr nahezu alle Leder die passenden und schonenden Pflegemittel. Ob klassische Schuhcreme f\u00fcr Glattleder, bew\u00e4hrtes Leder\u00f6l f\u00fcr Ihr Ledersofa, ob traditionelle Leder- und Sattelseife f\u00fcr Ihre Reitstiefel oder die Ledersohlenpflege f\u00fcr feine Herrenschuhe oder Tanzschuhe. Ob Lederfett f\u00fcr Wanderschuhe oder Wildlederimpr\u00e4gnierung f\u00fcr den weichen Winterstiefel, mit Tapir Lederpflegeprodukten pflegen Sie Ihr Leder schonend und nat\u00fcrlich. So verschieden Leder auch immer sein mag, wir k\u00f6nnen bei der Pflege hochwertiger Leder helfen, Ihr gutes Leder zu erhalten, damit Sie Ihr Lieblingsst\u00fcck lange nutzen k\u00f6nnen, das ist unser Beitrag zur Nachhaltigkeit.<\/p>\n<p>Tipps zur Anwendung der Produkte erhalten Sie bei unseren bebilderten Pflegetipps. Wir zeigen Ihnen, wie einfach Lederpflege mit Tapir sein kann. Wenn Sie dennoch offene Fragen haben und unsere Hilfe ben\u00f6tigen, sind wir gern f\u00fcr Sie da und helfen&nbsp; mit unserem Wissen und unserer Erfahrung.&nbsp;Ob per Mail, am Telefon oder pers\u00f6nlich bei uns in der Manufaktur, sprechen Sie uns an.<\/p>\n\n              <\/div>\n           <\/div>\n                            \n<style>\n#text-box-1967635704 {\n  width: 93%;\n}\n#text-box-1967635704 .text-box-content {\n  font-size: 100%;\n}\n<\/style>\n    <\/div>\n \n\n        <\/div>\n      <\/div>\n\n            \n<style>\n#banner-827461612 {\n  padding-top: 500px;\n  background-color: rgb(114, 114, 114);\n}\n#banner-827461612 .overlay {\n  background-color: rgba(67, 67, 67, 0.66);\n}\n<\/style>\n  <\/div>\n\n\n\n  <div class=\"banner has-hover has-parallax\" id=\"banner-1561428821\">\n          <div class=\"banner-inner fill\">\n        <div class=\"banner-bg fill\" data-parallax=\"-3\" data-parallax-container=\".banner\" data-parallax-background>\n            <img loading=\"lazy\" decoding=\"async\" width=\"600\" height=\"400\" src=\"https:\/\/tapir.de\/wp-content\/uploads\/2020\/04\/dose2_natur-600x400.jpg\" class=\"bg attachment-medium size-medium\" alt=\"\" \/>                                    \n                    <\/div>\n\t\t\n        <div class=\"banner-layers container\">\n            <div class=\"fill banner-link\"><\/div>            \n\n   <div id=\"text-box-1859008671\" class=\"text-box banner-layer x50 md-x50 lg-x50 y50 md-y50 lg-y50 res-text\">\n                                <div class=\"text-box-content text dark\">\n              \n              <div class=\"text-inner text-center\">\n                  \n\n\n              <\/div>\n           <\/div>\n                            \n<style>\n#text-box-1859008671 {\n  width: 60%;\n}\n#text-box-1859008671 .text-box-content {\n  font-size: 100%;\n}\n@media (min-width:550px) {\n  #text-box-1859008671 {\n    width: 60%;\n  }\n}\n<\/style>\n    <\/div>\n \n\n        <\/div>\n      <\/div>\n\n            \n<style>\n#banner-1561428821 {\n  padding-top: 38%;\n}\n#banner-1561428821 .banner-bg img {\n  object-position: 51% 7%;\n}\n<\/style>\n  <\/div>\n\n\n\t<div id=\"gap-57399923\" class=\"gap-element clearfix\" style=\"display:block; height:auto;\">\n\t\t\n<style>\n#gap-57399923 {\n  padding-top: 15px;\n}\n<\/style>\n\t<\/div>\n\t\n\n\n\t\t<\/div>\n\n\t\t\n<style>\n#section_1320562694 {\n  padding-top: 4px;\n  padding-bottom: 4px;\n}\n#section_1320562694 .section-bg-overlay {\n  background-color: rgba(255, 255, 255, 0.69);\n}\n<\/style>\n\t<\/section>\n\t\n","protected":false},"excerpt":{"rendered":"<p>Tapir Wachswaren GmbH offers suitable and gentle care products for almost all leathers. Whether classic shoe polish for smooth leather, tried and tested leather oil for your leather sofa, traditional leather and saddle soap for your riding boots or leather sole care for fine men&#8217;s shoes or dance shoes.<\/p>\n","protected":false},"author":1,"featured_media":3121,"parent":0,"menu_order":0,"comment_status":"closed","ping_status":"closed","template":"page-blank.php","meta":{"footnotes":""},"class_list":["post-3532","page","type-page","status-publish","has-post-thumbnail","hentry"],"yoast_head":"<!-- This site is optimized with the Yoast SEO plugin v27.4 - https:\/\/yoast.com\/product\/yoast-seo-wordpress\/ -->\n<title>Leather care products - Tapir Wachswaren<\/title>\n<meta name=\"description\" content=\"Shoe and leather care with Tapir - natural care products made from waxes and oils for the care of shoes, bags or clothing.\" \/>\n<meta name=\"robots\" content=\"index, follow, max-snippet:-1, max-image-preview:large, max-video-preview:-1\" \/>\n<link rel=\"canonical\" href=\"https:\/\/tapir.de\/en\/leather-care-products\/\" \/>\n<meta property=\"og:locale\" content=\"en_US\" \/>\n<meta property=\"og:type\" content=\"article\" \/>\n<meta property=\"og:title\" content=\"Leather care products - Tapir Wachswaren\" \/>\n<meta property=\"og:description\" content=\"Shoe and leather care with Tapir - natural care products made from waxes and oils for the care of shoes, bags or clothing.\" \/>\n<meta property=\"og:url\" content=\"https:\/\/tapir.de\/en\/leather-care-products\/\" \/>\n<meta property=\"og:site_name\" content=\"Tapir Wachswaren\" \/>\n<meta property=\"article:publisher\" content=\"https:\/\/www.facebook.com\/TapirWachswaren\/\" \/>\n<meta property=\"article:modified_time\" content=\"2024-10-08T21:10:07+00:00\" \/>\n<meta property=\"og:image\" content=\"https:\/\/tapir.de\/wp-content\/uploads\/2020\/07\/Lederpflege-Banner-Portfolio.png\" \/>\n\t<meta property=\"og:image:width\" content=\"1300\" \/>\n\t<meta property=\"og:image:height\" content=\"487\" \/>\n\t<meta property=\"og:image:type\" content=\"image\/png\" \/>\n<meta name=\"twitter:card\" content=\"summary_large_image\" \/>\n<meta name=\"twitter:label1\" content=\"Est. reading time\" \/>\n\t<meta name=\"twitter:data1\" content=\"2 minutes\" \/>\n<script type=\"application\/ld+json\" class=\"yoast-schema-graph\">{\"@context\":\"https:\\\/\\\/schema.org\",\"@graph\":[{\"@type\":\"WebPage\",\"@id\":\"https:\\\/\\\/tapir.de\\\/en\\\/leather-care-products\\\/\",\"url\":\"https:\\\/\\\/tapir.de\\\/en\\\/leather-care-products\\\/\",\"name\":\"Leather care products - Tapir Wachswaren\",\"isPartOf\":{\"@id\":\"https:\\\/\\\/tapir.de\\\/en\\\/?lang=en\\\/#website\"},\"primaryImageOfPage\":{\"@id\":\"https:\\\/\\\/tapir.de\\\/en\\\/leather-care-products\\\/#primaryimage\"},\"image\":{\"@id\":\"https:\\\/\\\/tapir.de\\\/en\\\/leather-care-products\\\/#primaryimage\"},\"thumbnailUrl\":\"https:\\\/\\\/tapir.de\\\/wp-content\\\/uploads\\\/2020\\\/07\\\/Lederpflege-Banner-Portfolio.png\",\"datePublished\":\"2021-02-03T14:21:04+00:00\",\"dateModified\":\"2024-10-08T21:10:07+00:00\",\"description\":\"Shoe and leather care with Tapir - natural care products made from waxes and oils for the care of shoes, bags or clothing.\",\"breadcrumb\":{\"@id\":\"https:\\\/\\\/tapir.de\\\/en\\\/leather-care-products\\\/#breadcrumb\"},\"inLanguage\":\"en-US\",\"potentialAction\":[{\"@type\":\"ReadAction\",\"target\":[\"https:\\\/\\\/tapir.de\\\/en\\\/leather-care-products\\\/\"]}]},{\"@type\":\"ImageObject\",\"inLanguage\":\"en-US\",\"@id\":\"https:\\\/\\\/tapir.de\\\/en\\\/leather-care-products\\\/#primaryimage\",\"url\":\"https:\\\/\\\/tapir.de\\\/wp-content\\\/uploads\\\/2020\\\/07\\\/Lederpflege-Banner-Portfolio.png\",\"contentUrl\":\"https:\\\/\\\/tapir.de\\\/wp-content\\\/uploads\\\/2020\\\/07\\\/Lederpflege-Banner-Portfolio.png\",\"width\":1300,\"height\":487},{\"@type\":\"BreadcrumbList\",\"@id\":\"https:\\\/\\\/tapir.de\\\/en\\\/leather-care-products\\\/#breadcrumb\",\"itemListElement\":[{\"@type\":\"ListItem\",\"position\":1,\"name\":\"Startseite\",\"item\":\"https:\\\/\\\/tapir.de\\\/en\\\/\"},{\"@type\":\"ListItem\",\"position\":2,\"name\":\"Leather care products\"}]},{\"@type\":\"WebSite\",\"@id\":\"https:\\\/\\\/tapir.de\\\/en\\\/?lang=en\\\/#website\",\"url\":\"https:\\\/\\\/tapir.de\\\/en\\\/?lang=en\\\/\",\"name\":\"Tapir Wachswaren\",\"description\":\"Nat\u00fcrliche Pflegeprodukte f\u00fcr Leder, Textil und Holz\",\"publisher\":{\"@id\":\"https:\\\/\\\/tapir.de\\\/en\\\/?lang=en\\\/#organization\"},\"potentialAction\":[{\"@type\":\"SearchAction\",\"target\":{\"@type\":\"EntryPoint\",\"urlTemplate\":\"https:\\\/\\\/tapir.de\\\/en\\\/?lang=en\\\/?s={search_term_string}\"},\"query-input\":{\"@type\":\"PropertyValueSpecification\",\"valueRequired\":true,\"valueName\":\"search_term_string\"}}],\"inLanguage\":\"en-US\"},{\"@type\":\"Organization\",\"@id\":\"https:\\\/\\\/tapir.de\\\/en\\\/?lang=en\\\/#organization\",\"name\":\"Tapir Wachswaren\",\"url\":\"https:\\\/\\\/tapir.de\\\/en\\\/?lang=en\\\/\",\"logo\":{\"@type\":\"ImageObject\",\"inLanguage\":\"en-US\",\"@id\":\"https:\\\/\\\/tapir.de\\\/en\\\/?lang=en\\\/#\\\/schema\\\/logo\\\/image\\\/\",\"url\":\"https:\\\/\\\/tapir.de\\\/wp-content\\\/uploads\\\/2020\\\/11\\\/cropped-TAPIR_Wachswaren_logo.png\",\"contentUrl\":\"https:\\\/\\\/tapir.de\\\/wp-content\\\/uploads\\\/2020\\\/11\\\/cropped-TAPIR_Wachswaren_logo.png\",\"width\":512,\"height\":512,\"caption\":\"Tapir Wachswaren\"},\"image\":{\"@id\":\"https:\\\/\\\/tapir.de\\\/en\\\/?lang=en\\\/#\\\/schema\\\/logo\\\/image\\\/\"},\"sameAs\":[\"https:\\\/\\\/www.facebook.com\\\/TapirWachswaren\\\/\",\"https:\\\/\\\/www.instagram.com\\\/tapir_pflegeprodukte\\\/?hl=de\"]}]}<\/script>\n<!-- \/ Yoast SEO plugin. -->","yoast_head_json":{"title":"Leather care products - Tapir Wachswaren","description":"Shoe and leather care with Tapir - natural care products made from waxes and oils for the care of shoes, bags or clothing.","robots":{"index":"index","follow":"follow","max-snippet":"max-snippet:-1","max-image-preview":"max-image-preview:large","max-video-preview":"max-video-preview:-1"},"canonical":"https:\/\/tapir.de\/en\/leather-care-products\/","og_locale":"en_US","og_type":"article","og_title":"Leather care products - Tapir Wachswaren","og_description":"Shoe and leather care with Tapir - natural care products made from waxes and oils for the care of shoes, bags or clothing.","og_url":"https:\/\/tapir.de\/en\/leather-care-products\/","og_site_name":"Tapir Wachswaren","article_publisher":"https:\/\/www.facebook.com\/TapirWachswaren\/","article_modified_time":"2024-10-08T21:10:07+00:00","og_image":[{"width":1300,"height":487,"url":"https:\/\/tapir.de\/wp-content\/uploads\/2020\/07\/Lederpflege-Banner-Portfolio.png","type":"image\/png"}],"twitter_card":"summary_large_image","twitter_misc":{"Est. reading time":"2 minutes"},"schema":{"@context":"https:\/\/schema.org","@graph":[{"@type":"WebPage","@id":"https:\/\/tapir.de\/en\/leather-care-products\/","url":"https:\/\/tapir.de\/en\/leather-care-products\/","name":"Leather care products - Tapir Wachswaren","isPartOf":{"@id":"https:\/\/tapir.de\/en\/?lang=en\/#website"},"primaryImageOfPage":{"@id":"https:\/\/tapir.de\/en\/leather-care-products\/#primaryimage"},"image":{"@id":"https:\/\/tapir.de\/en\/leather-care-products\/#primaryimage"},"thumbnailUrl":"https:\/\/tapir.de\/wp-content\/uploads\/2020\/07\/Lederpflege-Banner-Portfolio.png","datePublished":"2021-02-03T14:21:04+00:00","dateModified":"2024-10-08T21:10:07+00:00","description":"Shoe and leather care with Tapir - natural care products made from waxes and oils for the care of shoes, bags or clothing.","breadcrumb":{"@id":"https:\/\/tapir.de\/en\/leather-care-products\/#breadcrumb"},"inLanguage":"en-US","potentialAction":[{"@type":"ReadAction","target":["https:\/\/tapir.de\/en\/leather-care-products\/"]}]},{"@type":"ImageObject","inLanguage":"en-US","@id":"https:\/\/tapir.de\/en\/leather-care-products\/#primaryimage","url":"https:\/\/tapir.de\/wp-content\/uploads\/2020\/07\/Lederpflege-Banner-Portfolio.png","contentUrl":"https:\/\/tapir.de\/wp-content\/uploads\/2020\/07\/Lederpflege-Banner-Portfolio.png","width":1300,"height":487},{"@type":"BreadcrumbList","@id":"https:\/\/tapir.de\/en\/leather-care-products\/#breadcrumb","itemListElement":[{"@type":"ListItem","position":1,"name":"Startseite","item":"https:\/\/tapir.de\/en\/"},{"@type":"ListItem","position":2,"name":"Leather care products"}]},{"@type":"WebSite","@id":"https:\/\/tapir.de\/en\/?lang=en\/#website","url":"https:\/\/tapir.de\/en\/?lang=en\/","name":"Tapir Wachswaren","description":"Nat\u00fcrliche Pflegeprodukte f\u00fcr Leder, Textil und Holz","publisher":{"@id":"https:\/\/tapir.de\/en\/?lang=en\/#organization"},"potentialAction":[{"@type":"SearchAction","target":{"@type":"EntryPoint","urlTemplate":"https:\/\/tapir.de\/en\/?lang=en\/?s={search_term_string}"},"query-input":{"@type":"PropertyValueSpecification","valueRequired":true,"valueName":"search_term_string"}}],"inLanguage":"en-US"},{"@type":"Organization","@id":"https:\/\/tapir.de\/en\/?lang=en\/#organization","name":"Tapir Wachswaren","url":"https:\/\/tapir.de\/en\/?lang=en\/","logo":{"@type":"ImageObject","inLanguage":"en-US","@id":"https:\/\/tapir.de\/en\/?lang=en\/#\/schema\/logo\/image\/","url":"https:\/\/tapir.de\/wp-content\/uploads\/2020\/11\/cropped-TAPIR_Wachswaren_logo.png","contentUrl":"https:\/\/tapir.de\/wp-content\/uploads\/2020\/11\/cropped-TAPIR_Wachswaren_logo.png","width":512,"height":512,"caption":"Tapir Wachswaren"},"image":{"@id":"https:\/\/tapir.de\/en\/?lang=en\/#\/schema\/logo\/image\/"},"sameAs":["https:\/\/www.facebook.com\/TapirWachswaren\/","https:\/\/www.instagram.com\/tapir_pflegeprodukte\/?hl=de"]}]}},"_links":{"self":[{"href":"https:\/\/tapir.de\/en\/wp-json\/wp\/v2\/pages\/3532","targetHints":{"allow":["GET"]}}],"collection":[{"href":"https:\/\/tapir.de\/en\/wp-json\/wp\/v2\/pages"}],"about":[{"href":"https:\/\/tapir.de\/en\/wp-json\/wp\/v2\/types\/page"}],"author":[{"embeddable":true,"href":"https:\/\/tapir.de\/en\/wp-json\/wp\/v2\/users\/1"}],"replies":[{"embeddable":true,"href":"https:\/\/tapir.de\/en\/wp-json\/wp\/v2\/comments?post=3532"}],"version-history":[{"count":0,"href":"https:\/\/tapir.de\/en\/wp-json\/wp\/v2\/pages\/3532\/revisions"}],"wp:featuredmedia":[{"embeddable":true,"href":"https:\/\/tapir.de\/en\/wp-json\/wp\/v2\/media\/3121"}],"wp:attachment":[{"href":"https:\/\/tapir.de\/en\/wp-json\/wp\/v2\/media?parent=3532"}],"curies":[{"name":"wp","href":"https:\/\/api.w.org\/{rel}","templated":true}]}}