{"id":13409,"date":"2025-01-02T14:28:09","date_gmt":"2025-01-02T13:28:09","guid":{"rendered":"https:\/\/tapir.de\/natural-plastic-care\/"},"modified":"2025-02-24T12:48:20","modified_gmt":"2025-02-24T11:48:20","slug":"natural-plastic-care","status":"publish","type":"page","link":"https:\/\/tapir.de\/en\/natural-plastic-care\/","title":{"rendered":"Natural plastic care"},"content":{"rendered":"\n\n  <div class=\"banner has-hover\" id=\"banner-1615659015\">\n          <div class=\"banner-inner fill\">\n        <div class=\"banner-bg fill\" >\n            <img loading=\"lazy\" decoding=\"async\" width=\"1200\" height=\"600\" src=\"https:\/\/tapir.de\/wp-content\/uploads\/2024\/07\/Tapir-Pflegeprodukte-Banner-Kunststoffpflege.jpg\" class=\"bg attachment-original size-original\" alt=\"\" \/>                                    \n                    <\/div>\n\t\t\n\t<div class=\"ux-shape-divider ux-shape-divider--bottom ux-shape-divider--style-waves-opacity\">\n\t\t<svg viewBox=\"0 0 1000 300\" xmlns=\"http:\/\/www.w3.org\/2000\/svg\" preserveAspectRatio=\"none\">\n    <path class=\"ux-shape-fill\" d=\"M0 300L-1 69.71C216 57 299.47 198.86 403 226C506 253 577 196 660 197C740 198 790.09 234.07 874 267C935.23 291 982 282.61 1000 277.61V300H0Z\"\/>\n    <path class=\"ux-shape-fill\" opacity=\"0.5\" d=\"M1 265.094L0 50.5C217 37.79 300.47 186.36 404 213.5C507 240.5 578 196.5 661 197.5C741 198.5 787.59 239.57 871.5 272.5C932.73 296.5 980.5 284.5 998.5 279.5V298.5L1 265.094Z\"\/>\n    <path class=\"ux-shape-fill\" opacity=\"0.15\" d=\"M0.999878 244.094L-0.00012207 27C217 14.29 300.47 173.86 404 201C507 228 578 196 661 197C741 198 787.59 243.07 871.5 276C932.73 300 980.5 284.5 998.5 279.5V299L0.999878 244.094Z\"\/>\n<\/svg>\n\n\t<\/div>\n        <div class=\"banner-layers container\">\n            <div class=\"fill banner-link\"><\/div>            \n\n\n        <\/div>\n      <\/div>\n\n            \n<style>\n#banner-1615659015 {\n  padding-top: 400px;\n}\n#banner-1615659015 .banner-bg img {\n  object-position: 64% 96%;\n}\n#banner-1615659015 .ux-shape-divider--bottom svg {\n  height: 50px;\n  --divider-width: 100%;\n}\n@media (min-width:550px) {\n  #banner-1615659015 {\n    padding-top: 50%;\n  }\n  #banner-1615659015 .ux-shape-divider--bottom svg {\n    height: 100px;\n  }\n}\n<\/style>\n  <\/div>\n\n\n\n\t<section class=\"section\" id=\"section_1734916956\">\n\t\t<div class=\"section-bg fill\" >\n\t\t\t\t\t\t\t\t\t\n\t\t\t\n\n\t\t<\/div>\n\n\t\t\n\n\t\t<div class=\"section-content relative\">\n\t\t\t\n\n<div class=\"row\"  id=\"row-552515579\">\n\n\n\t<div id=\"col-1901328076\" class=\"col small-12 large-12\"  >\n\t\t\t\t<div class=\"col-inner\"  >\n\t\t\t\n\t\t\t\n\n\t<div id=\"text-810789192\" class=\"text\">\n\t\t\n\n<header>\n<h1 class=\"alt-font\" style=\"text-align: center;\"><span style=\"font-size: 200%;\"><span style=\"color: #a90533;\">Kunststoffpflege<\/span><\/span><\/h1>\n<h2 class=\"alt-font\" style=\"text-align: center;\"><span style=\"font-size: 150%;\">Unser Ziel ist es, Kunststoffe zu vermeiden und trotzdem hat Tapir eine Kunststoffpflege entwickelt. Wie passt das zusammen?<\/span><strong><span style=\"color: #a90533;\"><br \/><\/span><\/strong><\/h2>\n<p>\u00a0<\/p>\n<h3 style=\"text-align: center;\">Durch geeignete Pflege k\u00f6nnen auch Kunststoffe ein \u00e4u\u00dferst langes und intensives Leben f\u00fchren, <br \/>bevor sie recycelt werden m\u00fcssen. Denn auch f\u00fcr Kunststoffprodukte gilt: <strong>Wegwerfen war gestern!\u2028<br \/><\/strong><\/h3>\n<p style=\"text-align: center;\">Sicherlich haben Sie sich auch schon oft gefragt, wie Sie ein besonderes Designerst\u00fcck oder raffinierte Gartenaccessoires angemessen pflegen sollten? Oder auch nur den g\u00fcnstigen Plastikstuhl oder den Garagenfund? Dazu m\u00fcssen Sie wissen, da\u00df Sonne, Wind, Regen und die UV-Strahlung die Weichmacher des Plastiks altern lassen oder gar zerst\u00f6ren. Die Farben verblassen mit der Zeit, der Kunststoff wird spr\u00f6de, br\u00fcchig und vergraut. Wenn Kunststoffoberfl\u00e4chen verblassen, sind sie nicht mehr ansehnlich und gelangen schnell auf den M\u00fcll. Um dies zu vermeiden, soll und muss Kunststoff gepflegt werden. So erh\u00e4lt man sein Lieblingsst\u00fcck \u00fcber Jahre sch\u00f6n und es landet kein Plastik im Meer oder auf die M\u00fcllhalde. Kunststoffe ben\u00f6tigten einen guten Schutz, damit die UV-Strahlen den Farben sowie den Weichmachern nicht schaden und die Elastizit\u00e4t erhalten bleibt.<\/p>\n<\/header>\n\t\t\n<style>\n#text-810789192 {\n  text-align: left;\n}\n<\/style>\n\t<\/div>\n\t\n\n\t\t<\/div>\n\t\t\t\t\t<\/div>\n\n\t\n\n<\/div>\n\n\t\t<\/div>\n\n\t\t\n<style>\n#section_1734916956 {\n  padding-top: 15px;\n  padding-bottom: 15px;\n}\n<\/style>\n\t<\/section>\n\t\n\n\t<section class=\"section\" id=\"section_81673027\">\n\t\t<div class=\"section-bg fill\" >\n\t\t\t\t\t\t\t\t\t\n\t\t\t\n\t<div class=\"is-border\"\n\t\tstyle=\"border-color:rgb(235, 235, 235);border-width:1px 0px 0px 0px;\">\n\t<\/div>\n\n\t\t<\/div>\n\n\t\t\n\n\t\t<div class=\"section-content relative\">\n\t\t\t\n\n<div class=\"row row-large align-middle align-center\"  id=\"row-2018275881\">\n\n\n\t<div id=\"col-1240128090\" class=\"col medium-6 small-12 large-6\"  >\n\t\t\t\t<div class=\"col-inner text-center\"  >\n\t\t\t\n\t\t\t\n\n<p>\u00a0<\/p>\n<h3 class=\"alt-font\"><span style=\"font-size: 150%;\">Die nat\u00fcrliche Pflege f\u00fcr Kunststoffe<\/span><\/h3>\n<p>Farbauffrischung und Schutz f\u00fcr vergraute und spr\u00f6de Oberfl\u00e4chen aus Kunststoff im Innen- und Aussenbereich\u2028 <br \/>Konsequent \u00f6kologisch <br \/>Eigenschaften: pflegt g\u00e4ngige Kunststoffe.\u2028<br \/>Frischt verblasste Kunststoffoberfl\u00e4chen nachhaltig auf. <br \/>Nicht geeignet f\u00fcr transparente Kunststoffe.\u00a0<\/p>\n<p>\u00a0<\/p>\n<a href=\"https:\/\/tapir.de\/shop\/kunststoffpflege-aus-natuerlichen-rohstoffen\/\" class=\"button primary\" style=\"border-radius:15px;\">\n\t\t<span>Shop<\/span>\n\t<\/a>\n\n\n\n\t\t<\/div>\n\t\t\t\t\t<\/div>\n\n\t\n\n\t<div id=\"col-393231400\" class=\"col medium-6 small-12 large-6\"  >\n\t\t\t\t<div class=\"col-inner text-center\"  >\n\t\t\t\n\t\t\t\n\n\t<div class=\"img has-hover x md-x lg-x y md-y lg-y\" id=\"image_389196680\">\n\t\t<a class=\"\" href=\"https:\/\/tapir.de\/shop\/kunststoffpflege-aus-natuerlichen-rohstoffen\/\" >\t\t\t\t\t\t<div class=\"img-inner dark\" >\n\t\t\t<img loading=\"lazy\" decoding=\"async\" width=\"800\" height=\"800\" src=\"https:\/\/tapir.de\/wp-content\/uploads\/2022\/04\/Tapir-Kunststoffpflege-Flasche-800x800.png\" class=\"attachment-large size-large\" alt=\"\" srcset=\"https:\/\/tapir.de\/wp-content\/uploads\/2022\/04\/Tapir-Kunststoffpflege-Flasche-800x800.png 800w, https:\/\/tapir.de\/wp-content\/uploads\/2022\/04\/Tapir-Kunststoffpflege-Flasche-350x350.png 350w, https:\/\/tapir.de\/wp-content\/uploads\/2022\/04\/Tapir-Kunststoffpflege-Flasche-100x100.png 100w, https:\/\/tapir.de\/wp-content\/uploads\/2022\/04\/Tapir-Kunststoffpflege-Flasche-600x600.png 600w, https:\/\/tapir.de\/wp-content\/uploads\/2022\/04\/Tapir-Kunststoffpflege-Flasche-400x400.png 400w, https:\/\/tapir.de\/wp-content\/uploads\/2022\/04\/Tapir-Kunststoffpflege-Flasche-280x280.png 280w, https:\/\/tapir.de\/wp-content\/uploads\/2022\/04\/Tapir-Kunststoffpflege-Flasche-768x768.png 768w, https:\/\/tapir.de\/wp-content\/uploads\/2022\/04\/Tapir-Kunststoffpflege-Flasche.png 1000w\" sizes=\"auto, (max-width: 800px) 100vw, 800px\" \/>\t\t\t\t\t\t\n\t\t\t\t\t<\/div>\n\t\t\t\t\t\t<\/a>\t\t\n<style>\n#image_389196680 {\n  width: 100%;\n}\n<\/style>\n\t<\/div>\n\t\n\n\n\t\t<\/div>\n\t\t\t\t\n<style>\n#col-393231400 > .col-inner {\n  padding: 0px 0px 0px 0;\n}\n<\/style>\n\t<\/div>\n\n\t\n\n<\/div>\n\n  <div class=\"banner has-hover\" id=\"banner-1899800085\">\n          <div class=\"banner-inner fill\">\n        <div class=\"banner-bg fill\" >\n            <img loading=\"lazy\" decoding=\"async\" width=\"1020\" height=\"680\" src=\"https:\/\/tapir.de\/wp-content\/uploads\/2022\/04\/Kunststoffstuhl-Pflege-1200x800.jpg\" class=\"bg attachment-large size-large\" alt=\"\" \/>                                    \n                    <\/div>\n\t\t\t<div class=\"ux-shape-divider ux-shape-divider--top ux-shape-divider--style-waves-opacity\">\n\t\t<svg viewBox=\"0 0 1000 300\" xmlns=\"http:\/\/www.w3.org\/2000\/svg\" preserveAspectRatio=\"none\">\n    <path class=\"ux-shape-fill\" d=\"M0 300L-1 69.71C216 57 299.47 198.86 403 226C506 253 577 196 660 197C740 198 790.09 234.07 874 267C935.23 291 982 282.61 1000 277.61V300H0Z\"\/>\n    <path class=\"ux-shape-fill\" opacity=\"0.5\" d=\"M1 265.094L0 50.5C217 37.79 300.47 186.36 404 213.5C507 240.5 578 196.5 661 197.5C741 198.5 787.59 239.57 871.5 272.5C932.73 296.5 980.5 284.5 998.5 279.5V298.5L1 265.094Z\"\/>\n    <path class=\"ux-shape-fill\" opacity=\"0.15\" d=\"M0.999878 244.094L-0.00012207 27C217 14.29 300.47 173.86 404 201C507 228 578 196 661 197C741 198 787.59 243.07 871.5 276C932.73 300 980.5 284.5 998.5 279.5V299L0.999878 244.094Z\"\/>\n<\/svg>\n\n\t<\/div>\n\n\t<div class=\"ux-shape-divider ux-shape-divider--bottom ux-shape-divider--style-waves-opacity\">\n\t\t<svg viewBox=\"0 0 1000 300\" xmlns=\"http:\/\/www.w3.org\/2000\/svg\" preserveAspectRatio=\"none\">\n    <path class=\"ux-shape-fill\" d=\"M0 300L-1 69.71C216 57 299.47 198.86 403 226C506 253 577 196 660 197C740 198 790.09 234.07 874 267C935.23 291 982 282.61 1000 277.61V300H0Z\"\/>\n    <path class=\"ux-shape-fill\" opacity=\"0.5\" d=\"M1 265.094L0 50.5C217 37.79 300.47 186.36 404 213.5C507 240.5 578 196.5 661 197.5C741 198.5 787.59 239.57 871.5 272.5C932.73 296.5 980.5 284.5 998.5 279.5V298.5L1 265.094Z\"\/>\n    <path class=\"ux-shape-fill\" opacity=\"0.15\" d=\"M0.999878 244.094L-0.00012207 27C217 14.29 300.47 173.86 404 201C507 228 578 196 661 197C741 198 787.59 243.07 871.5 276C932.73 300 980.5 284.5 998.5 279.5V299L0.999878 244.094Z\"\/>\n<\/svg>\n\n\t<\/div>\n        <div class=\"banner-layers container\">\n            <div class=\"fill banner-link\"><\/div>            \n\n\n        <\/div>\n      <\/div>\n\n            \n<style>\n#banner-1899800085 {\n  padding-top: 500px;\n}\n#banner-1899800085 .banner-bg img {\n  object-position: 3% 77%;\n}\n#banner-1899800085 .ux-shape-divider--top svg {\n  height: 50px;\n  --divider-top-width: 100%;\n}\n#banner-1899800085 .ux-shape-divider--bottom svg {\n  height: 50px;\n  --divider-width: 100%;\n}\n<\/style>\n  <\/div>\n\n\n\n\t\t<\/div>\n\n\t\t\n<style>\n#section_81673027 {\n  padding-top: 0px;\n  padding-bottom: 0px;\n  min-height: 300px;\n}\n<\/style>\n\t<\/section>\n\t\n\n\t<section class=\"section\" id=\"section_1999247164\">\n\t\t<div class=\"section-bg fill\" >\n\t\t\t\t\t\t\t\t\t<div class=\"section-bg-overlay absolute fill\"><\/div>\n\t\t\t\n\t<div class=\"is-border\"\n\t\tstyle=\"border-color:rgb(255, 255, 255);border-width:5px 0px 0px 0px;margin:0 0px 0px px;\">\n\t<\/div>\n\n\t\t<\/div>\n\n\t\t\n\n\t\t<div class=\"section-content relative\">\n\t\t\t\n\n<div class=\"row row-large align-middle\"  id=\"row-729582192\">\n\n\n\t<div id=\"col-101686193\" class=\"col medium-6 small-12 large-6\"  >\n\t\t\t\t<div class=\"col-inner text-center\"  >\n\t\t\t\n\t\t\t\n\n\t<div class=\"img has-hover x md-x lg-x y md-y lg-y\" id=\"image_423412169\">\n\t\t<a class=\"\" href=\"https:\/\/tapir.de\/shop\/kunststoffpflege-aus-natuerlichen-rohstoffen\/\" >\t\t\t\t\t\t<div class=\"img-inner dark\" >\n\t\t\t<img loading=\"lazy\" decoding=\"async\" width=\"304\" height=\"800\" src=\"https:\/\/tapir.de\/wp-content\/uploads\/2022\/04\/Tapir-Kunststoffpflege-Freigestellt-klein-304x800.png\" class=\"attachment-large size-large\" alt=\"\" srcset=\"https:\/\/tapir.de\/wp-content\/uploads\/2022\/04\/Tapir-Kunststoffpflege-Freigestellt-klein-304x800.png 304w, https:\/\/tapir.de\/wp-content\/uploads\/2022\/04\/Tapir-Kunststoffpflege-Freigestellt-klein-152x400.png 152w, https:\/\/tapir.de\/wp-content\/uploads\/2022\/04\/Tapir-Kunststoffpflege-Freigestellt-klein.png 380w\" sizes=\"auto, (max-width: 304px) 100vw, 304px\" \/>\t\t\t\t\t\t\n\t\t\t\t\t<\/div>\n\t\t\t\t\t\t<\/a>\t\t\n<style>\n#image_423412169 {\n  width: 40%;\n}\n<\/style>\n\t<\/div>\n\t\n\n\n\t\t<\/div>\n\t\t\t\t\n<style>\n#col-101686193 > .col-inner {\n  padding: 0px 0px 0px 0;\n  margin: 0px 0px 0px 0;\n}\n<\/style>\n\t<\/div>\n\n\t\n\n\t<div id=\"col-935572775\" class=\"col medium-6 small-12 large-6\"  >\n\t\t\t\t<div class=\"col-inner text-left\" style=\"background-color:rgba(255, 255, 255, 0.35);\" >\n\t\t\t\n\t\t\t\n\n<h2 class=\"alt-font\"><span style=\"color: #282828;\"><span style=\"font-size: 150%;\">Die Pflege f\u00fcr Kunststoffm\u00f6bel<\/span><br \/><\/span><\/h2>\n<p>Hierzu haben wir in der Tapir Kunststoffpflege die nat\u00fcrlichen Eigenschaften wertvoller nachwachsender Rohstoffe so kombiniert, da\u00df sowohl reinigende, auffrischende und geschmeidig machende Langzeitwirkungen zu erzielen sind und dabei ist die Anwendung durchaus einfach:<br \/>Kunststoffoberfl\u00e4che vor Gebrauch reinigen! Flasche gut sch\u00fctteln! <br \/>Mit Baumwolltuch auftragen und einwirken lassen, \u00dcberschuss abwischen. <br \/>Bei mehrmaliger Anwendung werden die farbigen Oberfl\u00e4chen immer sch\u00f6ner!<\/p>\n<p>INHALTSSTOFFE: Lein\u00f6l, Lallemantia\u00f6l, Essig, Orangenterpene.<span style=\"color: #282828;\"><br \/><\/span><\/p>\n<a href=\"https:\/\/tapir.de\/shop\/kunststoffpflege-aus-natuerlichen-rohstoffen\/\" class=\"button primary\" style=\"border-radius:15px;\">\n\t\t<span>Shop<\/span>\n\t<\/a>\n\n\n\n\t\t<\/div>\n\t\t\t\t\n<style>\n#col-935572775 > .col-inner {\n  padding: 20px 21px 20px 20px;\n}\n<\/style>\n\t<\/div>\n\n\t\n\n<\/div>\n\n  <div class=\"banner has-hover\" id=\"banner-330175777\">\n          <div class=\"banner-inner fill\">\n        <div class=\"banner-bg fill\" >\n            <img loading=\"lazy\" decoding=\"async\" width=\"1020\" height=\"574\" src=\"https:\/\/tapir.de\/wp-content\/uploads\/2022\/04\/Kunststoffe-Pflege-1400x788.jpg\" class=\"bg attachment-large size-large\" alt=\"\" \/>                                    \n                    <\/div>\n\t\t\t<div class=\"ux-shape-divider ux-shape-divider--top ux-shape-divider--style-waves-opacity\">\n\t\t<svg viewBox=\"0 0 1000 300\" xmlns=\"http:\/\/www.w3.org\/2000\/svg\" preserveAspectRatio=\"none\">\n    <path class=\"ux-shape-fill\" d=\"M0 300L-1 69.71C216 57 299.47 198.86 403 226C506 253 577 196 660 197C740 198 790.09 234.07 874 267C935.23 291 982 282.61 1000 277.61V300H0Z\"\/>\n    <path class=\"ux-shape-fill\" opacity=\"0.5\" d=\"M1 265.094L0 50.5C217 37.79 300.47 186.36 404 213.5C507 240.5 578 196.5 661 197.5C741 198.5 787.59 239.57 871.5 272.5C932.73 296.5 980.5 284.5 998.5 279.5V298.5L1 265.094Z\"\/>\n    <path class=\"ux-shape-fill\" opacity=\"0.15\" d=\"M0.999878 244.094L-0.00012207 27C217 14.29 300.47 173.86 404 201C507 228 578 196 661 197C741 198 787.59 243.07 871.5 276C932.73 300 980.5 284.5 998.5 279.5V299L0.999878 244.094Z\"\/>\n<\/svg>\n\n\t<\/div>\n\n\t<div class=\"ux-shape-divider ux-shape-divider--bottom ux-shape-divider--style-waves-opacity\">\n\t\t<svg viewBox=\"0 0 1000 300\" xmlns=\"http:\/\/www.w3.org\/2000\/svg\" preserveAspectRatio=\"none\">\n    <path class=\"ux-shape-fill\" d=\"M0 300L-1 69.71C216 57 299.47 198.86 403 226C506 253 577 196 660 197C740 198 790.09 234.07 874 267C935.23 291 982 282.61 1000 277.61V300H0Z\"\/>\n    <path class=\"ux-shape-fill\" opacity=\"0.5\" d=\"M1 265.094L0 50.5C217 37.79 300.47 186.36 404 213.5C507 240.5 578 196.5 661 197.5C741 198.5 787.59 239.57 871.5 272.5C932.73 296.5 980.5 284.5 998.5 279.5V298.5L1 265.094Z\"\/>\n    <path class=\"ux-shape-fill\" opacity=\"0.15\" d=\"M0.999878 244.094L-0.00012207 27C217 14.29 300.47 173.86 404 201C507 228 578 196 661 197C741 198 787.59 243.07 871.5 276C932.73 300 980.5 284.5 998.5 279.5V299L0.999878 244.094Z\"\/>\n<\/svg>\n\n\t<\/div>\n        <div class=\"banner-layers container\">\n            <div class=\"fill banner-link\"><\/div>            \n\n   <div id=\"text-box-1993184600\" class=\"text-box banner-layer x50 md-x50 lg-x50 y50 md-y50 lg-y50 res-text\">\n                                <div class=\"text-box-content text dark\">\n              \n              <div class=\"text-inner text-center\">\n                  \n\n\n              <\/div>\n           <\/div>\n                            \n<style>\n#text-box-1993184600 {\n  width: 60%;\n}\n#text-box-1993184600 .text-box-content {\n  font-size: 100%;\n}\n<\/style>\n    <\/div>\n \n\n        <\/div>\n      <\/div>\n\n            \n<style>\n#banner-330175777 {\n  padding-top: 500px;\n}\n#banner-330175777 .banner-bg img {\n  object-position: 3% 77%;\n}\n#banner-330175777 .ux-shape-divider--top svg {\n  height: 50px;\n  --divider-top-width: 100%;\n}\n#banner-330175777 .ux-shape-divider--bottom svg {\n  height: 50px;\n  --divider-width: 100%;\n}\n<\/style>\n  <\/div>\n\n\n\n\t\t<\/div>\n\n\t\t\n<style>\n#section_1999247164 {\n  padding-top: 0px;\n  padding-bottom: 0px;\n}\n#section_1999247164 .section-bg-overlay {\n  background-color: rgba(255, 255, 255, 0.06);\n}\n<\/style>\n\t<\/section>\n\t\n\n","protected":false},"excerpt":{"rendered":"","protected":false},"author":1,"featured_media":6296,"parent":0,"menu_order":0,"comment_status":"closed","ping_status":"closed","template":"page-blank.php","meta":{"footnotes":""},"class_list":["post-13409","page","type-page","status-publish","has-post-thumbnail","hentry"],"yoast_head":"<!-- This site is optimized with the Yoast SEO plugin v27.4 - https:\/\/yoast.com\/product\/yoast-seo-wordpress\/ -->\n<title>Natural plastic care - Tapir Wachswaren<\/title>\n<meta name=\"description\" content=\"Sustainable plastic care made from natural raw materials, refreshes greyed plastics and nourishes them deeply.\" \/>\n<meta name=\"robots\" content=\"index, follow, max-snippet:-1, max-image-preview:large, max-video-preview:-1\" \/>\n<link rel=\"canonical\" href=\"https:\/\/tapir.de\/en\/natural-plastic-care\/\" \/>\n<meta property=\"og:locale\" content=\"en_US\" \/>\n<meta property=\"og:type\" content=\"article\" \/>\n<meta property=\"og:title\" content=\"Natural plastic care - Tapir Wachswaren\" \/>\n<meta property=\"og:description\" content=\"Sustainable plastic care made from natural raw materials, refreshes greyed plastics and nourishes them deeply.\" \/>\n<meta property=\"og:url\" content=\"https:\/\/tapir.de\/en\/natural-plastic-care\/\" \/>\n<meta property=\"og:site_name\" content=\"Tapir Wachswaren\" \/>\n<meta property=\"article:publisher\" content=\"https:\/\/www.facebook.com\/TapirWachswaren\/\" \/>\n<meta property=\"article:modified_time\" content=\"2025-02-24T11:48:20+00:00\" \/>\n<meta property=\"og:image\" content=\"https:\/\/tapir.de\/wp-content\/uploads\/2022\/04\/Tapir-Kunststoffpflege-Freigestellt.png\" \/>\n\t<meta property=\"og:image:width\" content=\"731\" \/>\n\t<meta property=\"og:image:height\" content=\"1920\" \/>\n\t<meta property=\"og:image:type\" content=\"image\/png\" \/>\n<meta name=\"twitter:card\" content=\"summary_large_image\" \/>\n<meta name=\"twitter:label1\" content=\"Est. reading time\" \/>\n\t<meta name=\"twitter:data1\" content=\"3 minutes\" \/>\n<script type=\"application\/ld+json\" class=\"yoast-schema-graph\">{\"@context\":\"https:\\\/\\\/schema.org\",\"@graph\":[{\"@type\":\"WebPage\",\"@id\":\"https:\\\/\\\/tapir.de\\\/en\\\/natural-plastic-care\\\/\",\"url\":\"https:\\\/\\\/tapir.de\\\/en\\\/natural-plastic-care\\\/\",\"name\":\"Natural plastic care - Tapir Wachswaren\",\"isPartOf\":{\"@id\":\"https:\\\/\\\/tapir.de\\\/en\\\/?lang=en\\\/#website\"},\"primaryImageOfPage\":{\"@id\":\"https:\\\/\\\/tapir.de\\\/en\\\/natural-plastic-care\\\/#primaryimage\"},\"image\":{\"@id\":\"https:\\\/\\\/tapir.de\\\/en\\\/natural-plastic-care\\\/#primaryimage\"},\"thumbnailUrl\":\"https:\\\/\\\/tapir.de\\\/wp-content\\\/uploads\\\/2022\\\/04\\\/Tapir-Kunststoffpflege-Freigestellt.png\",\"datePublished\":\"2025-01-02T13:28:09+00:00\",\"dateModified\":\"2025-02-24T11:48:20+00:00\",\"description\":\"Sustainable plastic care made from natural raw materials, refreshes greyed plastics and nourishes them deeply.\",\"breadcrumb\":{\"@id\":\"https:\\\/\\\/tapir.de\\\/en\\\/natural-plastic-care\\\/#breadcrumb\"},\"inLanguage\":\"en-US\",\"potentialAction\":[{\"@type\":\"ReadAction\",\"target\":[\"https:\\\/\\\/tapir.de\\\/en\\\/natural-plastic-care\\\/\"]}]},{\"@type\":\"ImageObject\",\"inLanguage\":\"en-US\",\"@id\":\"https:\\\/\\\/tapir.de\\\/en\\\/natural-plastic-care\\\/#primaryimage\",\"url\":\"https:\\\/\\\/tapir.de\\\/wp-content\\\/uploads\\\/2022\\\/04\\\/Tapir-Kunststoffpflege-Freigestellt.png\",\"contentUrl\":\"https:\\\/\\\/tapir.de\\\/wp-content\\\/uploads\\\/2022\\\/04\\\/Tapir-Kunststoffpflege-Freigestellt.png\",\"width\":731,\"height\":1920},{\"@type\":\"BreadcrumbList\",\"@id\":\"https:\\\/\\\/tapir.de\\\/en\\\/natural-plastic-care\\\/#breadcrumb\",\"itemListElement\":[{\"@type\":\"ListItem\",\"position\":1,\"name\":\"Startseite\",\"item\":\"https:\\\/\\\/tapir.de\\\/en\\\/\"},{\"@type\":\"ListItem\",\"position\":2,\"name\":\"Natural plastic care\"}]},{\"@type\":\"WebSite\",\"@id\":\"https:\\\/\\\/tapir.de\\\/en\\\/?lang=en\\\/#website\",\"url\":\"https:\\\/\\\/tapir.de\\\/en\\\/?lang=en\\\/\",\"name\":\"Tapir Wachswaren\",\"description\":\"Nat\u00fcrliche Pflegeprodukte f\u00fcr Leder, Textil und Holz\",\"publisher\":{\"@id\":\"https:\\\/\\\/tapir.de\\\/en\\\/?lang=en\\\/#organization\"},\"potentialAction\":[{\"@type\":\"SearchAction\",\"target\":{\"@type\":\"EntryPoint\",\"urlTemplate\":\"https:\\\/\\\/tapir.de\\\/en\\\/?lang=en\\\/?s={search_term_string}\"},\"query-input\":{\"@type\":\"PropertyValueSpecification\",\"valueRequired\":true,\"valueName\":\"search_term_string\"}}],\"inLanguage\":\"en-US\"},{\"@type\":\"Organization\",\"@id\":\"https:\\\/\\\/tapir.de\\\/en\\\/?lang=en\\\/#organization\",\"name\":\"Tapir Wachswaren\",\"url\":\"https:\\\/\\\/tapir.de\\\/en\\\/?lang=en\\\/\",\"logo\":{\"@type\":\"ImageObject\",\"inLanguage\":\"en-US\",\"@id\":\"https:\\\/\\\/tapir.de\\\/en\\\/?lang=en\\\/#\\\/schema\\\/logo\\\/image\\\/\",\"url\":\"https:\\\/\\\/tapir.de\\\/wp-content\\\/uploads\\\/2020\\\/11\\\/cropped-TAPIR_Wachswaren_logo.png\",\"contentUrl\":\"https:\\\/\\\/tapir.de\\\/wp-content\\\/uploads\\\/2020\\\/11\\\/cropped-TAPIR_Wachswaren_logo.png\",\"width\":512,\"height\":512,\"caption\":\"Tapir Wachswaren\"},\"image\":{\"@id\":\"https:\\\/\\\/tapir.de\\\/en\\\/?lang=en\\\/#\\\/schema\\\/logo\\\/image\\\/\"},\"sameAs\":[\"https:\\\/\\\/www.facebook.com\\\/TapirWachswaren\\\/\",\"https:\\\/\\\/www.instagram.com\\\/tapir_pflegeprodukte\\\/?hl=de\"]}]}<\/script>\n<!-- \/ Yoast SEO plugin. -->","yoast_head_json":{"title":"Natural plastic care - Tapir Wachswaren","description":"Sustainable plastic care made from natural raw materials, refreshes greyed plastics and nourishes them deeply.","robots":{"index":"index","follow":"follow","max-snippet":"max-snippet:-1","max-image-preview":"max-image-preview:large","max-video-preview":"max-video-preview:-1"},"canonical":"https:\/\/tapir.de\/en\/natural-plastic-care\/","og_locale":"en_US","og_type":"article","og_title":"Natural plastic care - Tapir Wachswaren","og_description":"Sustainable plastic care made from natural raw materials, refreshes greyed plastics and nourishes them deeply.","og_url":"https:\/\/tapir.de\/en\/natural-plastic-care\/","og_site_name":"Tapir Wachswaren","article_publisher":"https:\/\/www.facebook.com\/TapirWachswaren\/","article_modified_time":"2025-02-24T11:48:20+00:00","og_image":[{"width":731,"height":1920,"url":"https:\/\/tapir.de\/wp-content\/uploads\/2022\/04\/Tapir-Kunststoffpflege-Freigestellt.png","type":"image\/png"}],"twitter_card":"summary_large_image","twitter_misc":{"Est. reading time":"3 minutes"},"schema":{"@context":"https:\/\/schema.org","@graph":[{"@type":"WebPage","@id":"https:\/\/tapir.de\/en\/natural-plastic-care\/","url":"https:\/\/tapir.de\/en\/natural-plastic-care\/","name":"Natural plastic care - Tapir Wachswaren","isPartOf":{"@id":"https:\/\/tapir.de\/en\/?lang=en\/#website"},"primaryImageOfPage":{"@id":"https:\/\/tapir.de\/en\/natural-plastic-care\/#primaryimage"},"image":{"@id":"https:\/\/tapir.de\/en\/natural-plastic-care\/#primaryimage"},"thumbnailUrl":"https:\/\/tapir.de\/wp-content\/uploads\/2022\/04\/Tapir-Kunststoffpflege-Freigestellt.png","datePublished":"2025-01-02T13:28:09+00:00","dateModified":"2025-02-24T11:48:20+00:00","description":"Sustainable plastic care made from natural raw materials, refreshes greyed plastics and nourishes them deeply.","breadcrumb":{"@id":"https:\/\/tapir.de\/en\/natural-plastic-care\/#breadcrumb"},"inLanguage":"en-US","potentialAction":[{"@type":"ReadAction","target":["https:\/\/tapir.de\/en\/natural-plastic-care\/"]}]},{"@type":"ImageObject","inLanguage":"en-US","@id":"https:\/\/tapir.de\/en\/natural-plastic-care\/#primaryimage","url":"https:\/\/tapir.de\/wp-content\/uploads\/2022\/04\/Tapir-Kunststoffpflege-Freigestellt.png","contentUrl":"https:\/\/tapir.de\/wp-content\/uploads\/2022\/04\/Tapir-Kunststoffpflege-Freigestellt.png","width":731,"height":1920},{"@type":"BreadcrumbList","@id":"https:\/\/tapir.de\/en\/natural-plastic-care\/#breadcrumb","itemListElement":[{"@type":"ListItem","position":1,"name":"Startseite","item":"https:\/\/tapir.de\/en\/"},{"@type":"ListItem","position":2,"name":"Natural plastic care"}]},{"@type":"WebSite","@id":"https:\/\/tapir.de\/en\/?lang=en\/#website","url":"https:\/\/tapir.de\/en\/?lang=en\/","name":"Tapir Wachswaren","description":"Nat\u00fcrliche Pflegeprodukte f\u00fcr Leder, Textil und Holz","publisher":{"@id":"https:\/\/tapir.de\/en\/?lang=en\/#organization"},"potentialAction":[{"@type":"SearchAction","target":{"@type":"EntryPoint","urlTemplate":"https:\/\/tapir.de\/en\/?lang=en\/?s={search_term_string}"},"query-input":{"@type":"PropertyValueSpecification","valueRequired":true,"valueName":"search_term_string"}}],"inLanguage":"en-US"},{"@type":"Organization","@id":"https:\/\/tapir.de\/en\/?lang=en\/#organization","name":"Tapir Wachswaren","url":"https:\/\/tapir.de\/en\/?lang=en\/","logo":{"@type":"ImageObject","inLanguage":"en-US","@id":"https:\/\/tapir.de\/en\/?lang=en\/#\/schema\/logo\/image\/","url":"https:\/\/tapir.de\/wp-content\/uploads\/2020\/11\/cropped-TAPIR_Wachswaren_logo.png","contentUrl":"https:\/\/tapir.de\/wp-content\/uploads\/2020\/11\/cropped-TAPIR_Wachswaren_logo.png","width":512,"height":512,"caption":"Tapir Wachswaren"},"image":{"@id":"https:\/\/tapir.de\/en\/?lang=en\/#\/schema\/logo\/image\/"},"sameAs":["https:\/\/www.facebook.com\/TapirWachswaren\/","https:\/\/www.instagram.com\/tapir_pflegeprodukte\/?hl=de"]}]}},"_links":{"self":[{"href":"https:\/\/tapir.de\/en\/wp-json\/wp\/v2\/pages\/13409","targetHints":{"allow":["GET"]}}],"collection":[{"href":"https:\/\/tapir.de\/en\/wp-json\/wp\/v2\/pages"}],"about":[{"href":"https:\/\/tapir.de\/en\/wp-json\/wp\/v2\/types\/page"}],"author":[{"embeddable":true,"href":"https:\/\/tapir.de\/en\/wp-json\/wp\/v2\/users\/1"}],"replies":[{"embeddable":true,"href":"https:\/\/tapir.de\/en\/wp-json\/wp\/v2\/comments?post=13409"}],"version-history":[{"count":0,"href":"https:\/\/tapir.de\/en\/wp-json\/wp\/v2\/pages\/13409\/revisions"}],"wp:featuredmedia":[{"embeddable":true,"href":"https:\/\/tapir.de\/en\/wp-json\/wp\/v2\/media\/6296"}],"wp:attachment":[{"href":"https:\/\/tapir.de\/en\/wp-json\/wp\/v2\/media?parent=13409"}],"curies":[{"name":"wp","href":"https:\/\/api.w.org\/{rel}","templated":true}]}}